{"id":1144,"date":"2022-08-24T14:13:11","date_gmt":"2022-08-24T14:13:11","guid":{"rendered":"https:\/\/gipi.com\/?page_id=1144"},"modified":"2024-11-20T15:11:38","modified_gmt":"2024-11-20T15:11:38","slug":"specialty-infrastructure-solutions","status":"publish","type":"page","link":"https:\/\/gipi.com\/fr\/specialty-infrastructure-solutions\/","title":{"rendered":"Solutions d\u2019infrastructure sp\u00e9cialis\u00e9e"},"content":{"rendered":"<div data-elementor-type=\"wp-page\" data-elementor-id=\"1144\" class=\"elementor elementor-1144\" data-elementor-post-type=\"page\">\n\t\t\t\t\t\t<section class=\"elementor-section elementor-top-section elementor-element elementor-element-cde4b46 elementor-section-boxed elementor-section-height-default elementor-section-height-default\" data-id=\"cde4b46\" data-element_type=\"section\" data-e-type=\"section\">\n\t\t\t\t\t\t<div class=\"elementor-container elementor-column-gap-default\">\n\t\t\t\t\t<div class=\"elementor-column elementor-col-100 elementor-top-column elementor-element elementor-element-24ac3f2\" data-id=\"24ac3f2\" data-element_type=\"column\" data-e-type=\"column\">\n\t\t\t<div class=\"elementor-widget-wrap elementor-element-populated\">\n\t\t\t\t\t\t<div class=\"elementor-element elementor-element-6e5ae53 elementor-widget elementor-widget-heading\" data-id=\"6e5ae53\" data-element_type=\"widget\" data-e-type=\"widget\" data-widget_type=\"heading.default\">\n\t\t\t\t<div class=\"elementor-widget-container\">\n\t\t\t\t\t<h1 class=\"elementor-heading-title elementor-size-default\">Solutions d\u2019infrastructure sp\u00e9cialis\u00e9e<\/h1>\t\t\t\t<\/div>\n\t\t\t\t<\/div>\n\t\t\t\t\t<\/div>\n\t\t<\/div>\n\t\t\t\t\t<\/div>\n\t\t<\/section>\n\t\t\t\t<section class=\"elementor-section elementor-top-section elementor-element elementor-element-9190313 elementor-section-boxed elementor-section-height-default elementor-section-height-default\" data-id=\"9190313\" data-element_type=\"section\" data-e-type=\"section\" data-settings=\"{&quot;background_background&quot;:&quot;classic&quot;}\">\n\t\t\t\t\t\t<div class=\"elementor-container elementor-column-gap-default\">\n\t\t\t\t\t<div class=\"elementor-column elementor-col-50 elementor-top-column elementor-element elementor-element-215e8b7\" data-id=\"215e8b7\" data-element_type=\"column\" data-e-type=\"column\" data-settings=\"{&quot;background_background&quot;:&quot;classic&quot;}\">\n\t\t\t<div class=\"elementor-widget-wrap elementor-element-populated\">\n\t\t\t\t\t\t<div class=\"elementor-element elementor-element-653f688 elementor-widget elementor-widget-text-editor\" data-id=\"653f688\" data-element_type=\"widget\" data-e-type=\"widget\" data-widget_type=\"text-editor.default\">\n\t\t\t\t<div class=\"elementor-widget-container\">\n\t\t\t\t\t\t\t\t\t<p>Des ing\u00e9nieurs en construction et des gestionnaires de projet exp\u00e9riment\u00e9s dirigent notre division Infrastructures sp\u00e9cialis\u00e9es - nous sommes des gens qui travaillent toujours avec nos clients pour fournir des solutions de conception uniques afin d'am\u00e9liorer le calendrier des projets et d'en r\u00e9duire les co\u00fbts nets. Une main-d'\u0153uvre bien form\u00e9e et des \u00e9quipements sp\u00e9cialis\u00e9s sur le terrain compl\u00e8tent notre offre de services de qualit\u00e9.<\/p><p>Choisissez un service autonome ou un forfait pour votre prochain projet de d\u00e9veloppement de site.<\/p>\t\t\t\t\t\t\t\t<\/div>\n\t\t\t\t<\/div>\n\t\t\t\t<div class=\"elementor-element elementor-element-5a3937f elementor-widget elementor-widget-image\" data-id=\"5a3937f\" data-element_type=\"widget\" data-e-type=\"widget\" data-widget_type=\"image.default\">\n\t\t\t\t<div class=\"elementor-widget-container\">\n\t\t\t\t\t\t\t\t\t\t\t\t\t\t\t<img fetchpriority=\"high\" decoding=\"async\" width=\"768\" height=\"403\" src=\"https:\/\/gipi.com\/wp-content\/uploads\/2022\/07\/Portlands_feature-768x403.jpg\" class=\"attachment-medium_large size-medium_large wp-image-962\" alt=\"\" srcset=\"https:\/\/gipi.com\/wp-content\/uploads\/2022\/07\/Portlands_feature-768x403.jpg 768w, https:\/\/gipi.com\/wp-content\/uploads\/2022\/07\/Portlands_feature-300x158.jpg 300w, https:\/\/gipi.com\/wp-content\/uploads\/2022\/07\/Portlands_feature-1024x538.jpg 1024w, https:\/\/gipi.com\/wp-content\/uploads\/2022\/07\/Portlands_feature-18x9.jpg 18w, https:\/\/gipi.com\/wp-content\/uploads\/2022\/07\/Portlands_feature.jpg 1200w\" sizes=\"(max-width: 768px) 100vw, 768px\" \/>\t\t\t\t\t\t\t\t\t\t\t\t\t\t\t<\/div>\n\t\t\t\t<\/div>\n\t\t\t\t\t<\/div>\n\t\t<\/div>\n\t\t\t\t<div class=\"elementor-column elementor-col-50 elementor-top-column elementor-element elementor-element-2b9533e\" data-id=\"2b9533e\" data-element_type=\"column\" data-e-type=\"column\">\n\t\t\t<div class=\"elementor-widget-wrap elementor-element-populated\">\n\t\t\t\t\t\t<div class=\"elementor-element elementor-element-d0d3bae elementor-widget elementor-widget-heading\" data-id=\"d0d3bae\" data-element_type=\"widget\" data-e-type=\"widget\" data-widget_type=\"heading.default\">\n\t\t\t\t<div class=\"elementor-widget-container\">\n\t\t\t\t\t<h2 class=\"elementor-heading-title elementor-size-default\">Services<\/h2>\t\t\t\t<\/div>\n\t\t\t\t<\/div>\n\t\t\t\t<div class=\"elementor-element elementor-element-400da36 elementor-nav-menu--dropdown-none elementor-nav-menu__align-center elementor-widget elementor-widget-nav-menu\" data-id=\"400da36\" data-element_type=\"widget\" data-e-type=\"widget\" data-settings=\"{&quot;layout&quot;:&quot;vertical&quot;,&quot;submenu_icon&quot;:{&quot;value&quot;:&quot;&lt;i class=\\&quot;fas fa-caret-down\\&quot; aria-hidden=\\&quot;true\\&quot;&gt;&lt;\\\/i&gt;&quot;,&quot;library&quot;:&quot;fa-solid&quot;}}\" data-widget_type=\"nav-menu.default\">\n\t\t\t\t<div class=\"elementor-widget-container\">\n\t\t\t\t\t\t\t\t<nav aria-label=\"Menu\" class=\"elementor-nav-menu--main elementor-nav-menu__container elementor-nav-menu--layout-vertical e--pointer-underline e--animation-fade\">\n\t\t\t\t<ul id=\"menu-1-400da36\" class=\"elementor-nav-menu sm-vertical\"><li class=\"menu-item menu-item-type-post_type menu-item-object-page menu-item-1150\"><a href=\"https:\/\/gipi.com\/fr\/specialty-infrastructure-solutions\/demolition\/\" class=\"elementor-item\">D\u00e9molition<\/a><\/li>\n<li class=\"menu-item menu-item-type-post_type menu-item-object-page menu-item-1153\"><a href=\"https:\/\/gipi.com\/fr\/integrated-infrastructure-solutions\/excavation\/\" class=\"elementor-item\">Excavating<\/a><\/li>\n<li class=\"menu-item menu-item-type-post_type menu-item-object-page menu-item-1152\"><a href=\"https:\/\/gipi.com\/fr\/integrated-infrastructure-solutions\/remediation\/\" class=\"elementor-item\">Assainissement<\/a><\/li>\n<li class=\"menu-item menu-item-type-post_type menu-item-object-page menu-item-1151\"><a href=\"https:\/\/gipi.com\/fr\/integrated-infrastructure-solutions\/shoring-and-foundations\/\" class=\"elementor-item\">\u00c9tayage et fondations<\/a><\/li>\n<li class=\"menu-item menu-item-type-post_type menu-item-object-page menu-item-1149\"><a href=\"https:\/\/gipi.com\/fr\/integrated-infrastructure-solutions\/structural-steel\/\" class=\"elementor-item\">Acier de construction<\/a><\/li>\n<\/ul>\t\t\t<\/nav>\n\t\t\t\t\t\t<nav class=\"elementor-nav-menu--dropdown elementor-nav-menu__container\" aria-hidden=\"true\">\n\t\t\t\t<ul id=\"menu-2-400da36\" class=\"elementor-nav-menu sm-vertical\"><li class=\"menu-item menu-item-type-post_type menu-item-object-page menu-item-1150\"><a href=\"https:\/\/gipi.com\/fr\/specialty-infrastructure-solutions\/demolition\/\" class=\"elementor-item\" tabindex=\"-1\">D\u00e9molition<\/a><\/li>\n<li class=\"menu-item menu-item-type-post_type menu-item-object-page menu-item-1153\"><a href=\"https:\/\/gipi.com\/fr\/integrated-infrastructure-solutions\/excavation\/\" class=\"elementor-item\" tabindex=\"-1\">Excavating<\/a><\/li>\n<li class=\"menu-item menu-item-type-post_type menu-item-object-page menu-item-1152\"><a href=\"https:\/\/gipi.com\/fr\/integrated-infrastructure-solutions\/remediation\/\" class=\"elementor-item\" tabindex=\"-1\">Assainissement<\/a><\/li>\n<li class=\"menu-item menu-item-type-post_type menu-item-object-page menu-item-1151\"><a href=\"https:\/\/gipi.com\/fr\/integrated-infrastructure-solutions\/shoring-and-foundations\/\" class=\"elementor-item\" tabindex=\"-1\">\u00c9tayage et fondations<\/a><\/li>\n<li class=\"menu-item menu-item-type-post_type menu-item-object-page menu-item-1149\"><a href=\"https:\/\/gipi.com\/fr\/integrated-infrastructure-solutions\/structural-steel\/\" class=\"elementor-item\" tabindex=\"-1\">Acier de construction<\/a><\/li>\n<\/ul>\t\t\t<\/nav>\n\t\t\t\t\t\t<\/div>\n\t\t\t\t<\/div>\n\t\t\t\t\t<\/div>\n\t\t<\/div>\n\t\t\t\t\t<\/div>\n\t\t<\/section>\n\t\t\t\t<\/div>","protected":false},"excerpt":{"rendered":"<p>Specialty Infrastructure Solutions Experienced construction engineers and project managers lead our Specialty Infrastructure division\u2014we are people who always work with our clients to provide unique design solutions to improve project schedules and lower net project costs. A well-trained labour force and specialty equipment at the field level round out our quality service offerings. Choose a [&hellip;]<\/p>\n","protected":false},"author":1,"featured_media":0,"parent":0,"menu_order":0,"comment_status":"closed","ping_status":"closed","template":"","meta":{"footnotes":""},"class_list":["post-1144","page","type-page","status-publish","hentry"],"_links":{"self":[{"href":"https:\/\/gipi.com\/fr\/wp-json\/wp\/v2\/pages\/1144","targetHints":{"allow":["GET"]}}],"collection":[{"href":"https:\/\/gipi.com\/fr\/wp-json\/wp\/v2\/pages"}],"about":[{"href":"https:\/\/gipi.com\/fr\/wp-json\/wp\/v2\/types\/page"}],"author":[{"embeddable":true,"href":"https:\/\/gipi.com\/fr\/wp-json\/wp\/v2\/users\/1"}],"replies":[{"embeddable":true,"href":"https:\/\/gipi.com\/fr\/wp-json\/wp\/v2\/comments?post=1144"}],"version-history":[{"count":0,"href":"https:\/\/gipi.com\/fr\/wp-json\/wp\/v2\/pages\/1144\/revisions"}],"wp:attachment":[{"href":"https:\/\/gipi.com\/fr\/wp-json\/wp\/v2\/media?parent=1144"}],"curies":[{"name":"wp","href":"https:\/\/api.w.org\/{rel}","templated":true}]}}