{"id":14,"date":"2022-05-02T15:33:34","date_gmt":"2022-05-02T15:33:34","guid":{"rendered":"https:\/\/gipi.com\/?page_id=14"},"modified":"2023-08-01T19:27:43","modified_gmt":"2023-08-01T19:27:43","slug":"about","status":"publish","type":"page","link":"https:\/\/gipi.com\/fr\/about\/","title":{"rendered":"\u00c0 propos"},"content":{"rendered":"<div data-elementor-type=\"wp-page\" data-elementor-id=\"14\" class=\"elementor elementor-14\" data-elementor-post-type=\"page\">\n\t\t\t\t\t\t<section class=\"elementor-section elementor-top-section elementor-element elementor-element-2099e30 elementor-section-height-min-height elementor-section-boxed elementor-section-height-default elementor-section-items-middle\" data-id=\"2099e30\" data-element_type=\"section\" data-e-type=\"section\" data-settings=\"{&quot;background_background&quot;:&quot;classic&quot;}\">\n\t\t\t\t\t\t<div class=\"elementor-container elementor-column-gap-default\">\n\t\t\t\t\t<div class=\"elementor-column elementor-col-100 elementor-top-column elementor-element elementor-element-5bd4e30\" data-id=\"5bd4e30\" data-element_type=\"column\" data-e-type=\"column\">\n\t\t\t<div class=\"elementor-widget-wrap\">\n\t\t\t\t\t\t\t<\/div>\n\t\t<\/div>\n\t\t\t\t\t<\/div>\n\t\t<\/section>\n\t\t\t\t<section class=\"elementor-section elementor-top-section elementor-element elementor-element-a881a03 elementor-section-boxed elementor-section-height-default elementor-section-height-default\" data-id=\"a881a03\" data-element_type=\"section\" data-e-type=\"section\">\n\t\t\t\t\t\t<div class=\"elementor-container elementor-column-gap-default\">\n\t\t\t\t\t<div class=\"elementor-column elementor-col-100 elementor-top-column elementor-element elementor-element-f9bc8c9\" data-id=\"f9bc8c9\" data-element_type=\"column\" data-e-type=\"column\">\n\t\t\t<div class=\"elementor-widget-wrap elementor-element-populated\">\n\t\t\t\t\t\t<div class=\"elementor-element elementor-element-a727993 elementor-widget elementor-widget-heading\" data-id=\"a727993\" data-element_type=\"widget\" data-e-type=\"widget\" data-widget_type=\"heading.default\">\n\t\t\t\t<div class=\"elementor-widget-container\">\n\t\t\t\t\t<h1 class=\"elementor-heading-title elementor-size-default\">\u00c0 propos de nous<\/h1>\t\t\t\t<\/div>\n\t\t\t\t<\/div>\n\t\t\t\t<section class=\"elementor-section elementor-inner-section elementor-element elementor-element-b01e5e8 elementor-section-boxed elementor-section-height-default elementor-section-height-default\" data-id=\"b01e5e8\" data-element_type=\"section\" data-e-type=\"section\">\n\t\t\t\t\t\t<div class=\"elementor-container elementor-column-gap-default\">\n\t\t\t\t\t<div class=\"elementor-column elementor-col-50 elementor-inner-column elementor-element elementor-element-0183923\" data-id=\"0183923\" data-element_type=\"column\" data-e-type=\"column\">\n\t\t\t<div class=\"elementor-widget-wrap elementor-element-populated\">\n\t\t\t\t\t\t<div class=\"elementor-element elementor-element-651271f elementor-widget elementor-widget-text-editor\" data-id=\"651271f\" data-element_type=\"widget\" data-e-type=\"widget\" data-widget_type=\"text-editor.default\">\n\t\t\t\t<div class=\"elementor-widget-container\">\n\t\t\t\t\t\t\t\t\t<p>Green Infrastructure Partners (GIP) est l\u2019une des entreprises d\u2019infrastructure les plus importantes et les plus diversifi\u00e9es du Canada. Nous proposons des solutions d\u2019infrastructure int\u00e9gr\u00e9e verticalement pour des projets publics et priv\u00e9s de toute taille et de toute envergure.<\/p><p>Depuis plus de 50 ans, nos \u00e9quipes con\u00e7oivent, livrent et entretiennent les infrastructures des villes canadiennes en pleine croissance. Qu'il s'agisse de d\u00e9molition, d'\u00e9tayage et de fondations, d'excavation et d'assainissement, de structures, de pavage ou de production de mat\u00e9riaux, nous avons la capacit\u00e9 unique d'ex\u00e9cuter nous-m\u00eames toutes les \u00e9tapes d'un projet sans avoir recours \u00e0 des sous-traitants. Le vert est dans notre nom parce que nous croyons en la n\u00e9cessit\u00e9 de solutions durables. Nous sommes des leaders en mati\u00e8re d'efficacit\u00e9 \u00e9nerg\u00e9tique et nous sommes \u00e0 l'avant-garde de l'int\u00e9gration de mat\u00e9riaux recycl\u00e9s et r\u00e9utilis\u00e9s.<\/p>\t\t\t\t\t\t\t\t<\/div>\n\t\t\t\t<\/div>\n\t\t\t\t<div class=\"elementor-element elementor-element-e842e94 elementor-widget elementor-widget-text-editor\" data-id=\"e842e94\" data-element_type=\"widget\" data-e-type=\"widget\" data-widget_type=\"text-editor.default\">\n\t\t\t\t<div class=\"elementor-widget-container\">\n\t\t\t\t\t\t\t\t\t<p>Soucieux de construire un avenir meilleur, nous nous engageons \u00e0 \u00e9tablir des relations et \u00e0 mener une r\u00e9flexion \u00e0 long terme. Nous nous effor\u00e7ons d\u2019atteindre les normes les plus \u00e9lev\u00e9es en mati\u00e8re de sant\u00e9 et de s\u00e9curit\u00e9 lors de l\u2019ex\u00e9cution de projets qui apportent les plus grands avantages \u00e0 nos clients, tout en causant le moins de perturbations possible pour nos communaut\u00e9s. Le travail que nous accomplissons fa\u00e7onne l\u2019avenir de nos villes et pavera une nouvelle voie pour l\u2019avenir de notre secteur.<\/p>\t\t\t\t\t\t\t\t<\/div>\n\t\t\t\t<\/div>\n\t\t\t\t\t<\/div>\n\t\t<\/div>\n\t\t\t\t<div class=\"elementor-column elementor-col-50 elementor-inner-column elementor-element elementor-element-94311c4\" data-id=\"94311c4\" data-element_type=\"column\" data-e-type=\"column\">\n\t\t\t<div class=\"elementor-widget-wrap elementor-element-populated\">\n\t\t\t\t\t\t<div class=\"elementor-element elementor-element-255e7ba elementor-widget elementor-widget-image\" data-id=\"255e7ba\" data-element_type=\"widget\" data-e-type=\"widget\" data-widget_type=\"image.default\">\n\t\t\t\t<div class=\"elementor-widget-container\">\n\t\t\t\t\t\t\t\t\t\t\t\t\t\t\t<img fetchpriority=\"high\" decoding=\"async\" width=\"750\" height=\"563\" src=\"https:\/\/gipi.com\/wp-content\/uploads\/2022\/09\/safety-huddle.jpg\" class=\"attachment-large size-large wp-image-1278\" alt=\"Men in safety huddle on site\" srcset=\"https:\/\/gipi.com\/wp-content\/uploads\/2022\/09\/safety-huddle.jpg 750w, https:\/\/gipi.com\/wp-content\/uploads\/2022\/09\/safety-huddle-300x225.jpg 300w, https:\/\/gipi.com\/wp-content\/uploads\/2022\/09\/safety-huddle-16x12.jpg 16w\" sizes=\"(max-width: 750px) 100vw, 750px\" \/>\t\t\t\t\t\t\t\t\t\t\t\t\t\t\t<\/div>\n\t\t\t\t<\/div>\n\t\t\t\t\t<\/div>\n\t\t<\/div>\n\t\t\t\t\t<\/div>\n\t\t<\/section>\n\t\t\t\t<div class=\"elementor-element elementor-element-a964b7e elementor-widget-divider--view-line elementor-widget elementor-widget-divider\" data-id=\"a964b7e\" data-element_type=\"widget\" data-e-type=\"widget\" data-widget_type=\"divider.default\">\n\t\t\t\t<div class=\"elementor-widget-container\">\n\t\t\t\t\t\t\t<div class=\"elementor-divider\">\n\t\t\t<span class=\"elementor-divider-separator\">\n\t\t\t\t\t\t<\/span>\n\t\t<\/div>\n\t\t\t\t\t\t<\/div>\n\t\t\t\t<\/div>\n\t\t\t\t<div class=\"elementor-element elementor-element-e2f8856 elementor-widget elementor-widget-text-editor\" data-id=\"e2f8856\" data-element_type=\"widget\" data-e-type=\"widget\" data-widget_type=\"text-editor.default\">\n\t\t\t\t<div class=\"elementor-widget-container\">\n\t\t\t\t\t\t\t\t\t<p>GIP includes Green Infrastructure Partners Inc. (formed pursuant to the amalgamation with GFL Infrastructure Inc. and Ground Force Environmental Corp.); GIP Paving Inc. (formerly Coco Paving Inc.); GIP Aggregates Inc., (formerly Coco Aggregates Inc.); Russell Redi-Mix Concrete; Langenburg Redi-Mix Ltd.; GIP Pipe Products Inc. (formerly Co-Pipe Inc.), \u00a0Lorvin Steel Ltd and GIP Construction Engineering Corp. (formerly Aecon Materials Engineering Corp.), West Carleton Sand &amp; Gravel Inc., GIP Construction and Materials Limited (formerly Aecon Construction and Materials Limited) and GIP Construction Ontario East Ltd. (formerly Aecon Construction Ontario East Ltd.)<\/p>\t\t\t\t\t\t\t\t<\/div>\n\t\t\t\t<\/div>\n\t\t\t\t\t<\/div>\n\t\t<\/div>\n\t\t\t\t\t<\/div>\n\t\t<\/section>\n\t\t\t\t<\/div>","protected":false},"excerpt":{"rendered":"<p>About us Green Infrastructure Partners (GIP) is one of Canada\u2019s largest and most diversified infrastructure companies. We offer vertically integrated infrastructure solutions for public and private projects of every size and scale. For over 50 years, our teams have been designing, delivering, and maintaining infrastructure for Canada\u2019s growing cities. From demolition, shoring and foundations, excavation [&hellip;]<\/p>\n","protected":false},"author":1,"featured_media":0,"parent":0,"menu_order":0,"comment_status":"closed","ping_status":"closed","template":"","meta":{"footnotes":""},"class_list":["post-14","page","type-page","status-publish","hentry"],"_links":{"self":[{"href":"https:\/\/gipi.com\/fr\/wp-json\/wp\/v2\/pages\/14","targetHints":{"allow":["GET"]}}],"collection":[{"href":"https:\/\/gipi.com\/fr\/wp-json\/wp\/v2\/pages"}],"about":[{"href":"https:\/\/gipi.com\/fr\/wp-json\/wp\/v2\/types\/page"}],"author":[{"embeddable":true,"href":"https:\/\/gipi.com\/fr\/wp-json\/wp\/v2\/users\/1"}],"replies":[{"embeddable":true,"href":"https:\/\/gipi.com\/fr\/wp-json\/wp\/v2\/comments?post=14"}],"version-history":[{"count":0,"href":"https:\/\/gipi.com\/fr\/wp-json\/wp\/v2\/pages\/14\/revisions"}],"wp:attachment":[{"href":"https:\/\/gipi.com\/fr\/wp-json\/wp\/v2\/media?parent=14"}],"curies":[{"name":"wp","href":"https:\/\/api.w.org\/{rel}","templated":true}]}}