{"id":1472,"date":"2022-12-23T16:30:48","date_gmt":"2022-12-23T16:30:48","guid":{"rendered":"https:\/\/gipi.com\/?page_id=1472"},"modified":"2023-01-03T16:17:30","modified_gmt":"2023-01-03T16:17:30","slug":"accessibility","status":"publish","type":"page","link":"https:\/\/gipi.com\/fr\/accessibility\/","title":{"rendered":"Accessibilit\u00e9"},"content":{"rendered":"<div data-elementor-type=\"wp-page\" data-elementor-id=\"1472\" class=\"elementor elementor-1472\" data-elementor-post-type=\"page\">\n\t\t\t\t\t\t<section class=\"elementor-section elementor-top-section elementor-element elementor-element-f5a0039 elementor-section-height-min-height elementor-section-boxed elementor-section-height-default elementor-section-items-middle\" data-id=\"f5a0039\" data-element_type=\"section\" data-e-type=\"section\" data-settings=\"{&quot;background_background&quot;:&quot;classic&quot;}\">\n\t\t\t\t\t\t<div class=\"elementor-container elementor-column-gap-default\">\n\t\t\t\t\t<div class=\"elementor-column elementor-col-100 elementor-top-column elementor-element elementor-element-552922f\" data-id=\"552922f\" data-element_type=\"column\" data-e-type=\"column\">\n\t\t\t<div class=\"elementor-widget-wrap\">\n\t\t\t\t\t\t\t<\/div>\n\t\t<\/div>\n\t\t\t\t\t<\/div>\n\t\t<\/section>\n\t\t\t\t<section class=\"elementor-section elementor-top-section elementor-element elementor-element-1085073 elementor-section-boxed elementor-section-height-default elementor-section-height-default\" data-id=\"1085073\" data-element_type=\"section\" data-e-type=\"section\">\n\t\t\t\t\t\t<div class=\"elementor-container elementor-column-gap-default\">\n\t\t\t\t\t<div class=\"elementor-column elementor-col-100 elementor-top-column elementor-element elementor-element-1415381\" data-id=\"1415381\" data-element_type=\"column\" data-e-type=\"column\">\n\t\t\t<div class=\"elementor-widget-wrap elementor-element-populated\">\n\t\t\t\t\t\t<div class=\"elementor-element elementor-element-1f98b46 elementor-widget elementor-widget-heading\" data-id=\"1f98b46\" data-element_type=\"widget\" data-e-type=\"widget\" data-widget_type=\"heading.default\">\n\t\t\t\t<div class=\"elementor-widget-container\">\n\t\t\t\t\t<h2 class=\"elementor-heading-title elementor-size-default\">L\u2019accessibilit\u00e9 chez GIP <\/h2>\t\t\t\t<\/div>\n\t\t\t\t<\/div>\n\t\t\t\t<div class=\"elementor-element elementor-element-ad9445e elementor-widget elementor-widget-text-editor\" data-id=\"ad9445e\" data-element_type=\"widget\" data-e-type=\"widget\" data-widget_type=\"text-editor.default\">\n\t\t\t\t<div class=\"elementor-widget-container\">\n\t\t\t\t\t\t\t\t\t<p class=\"p1\">Le GIP s\u2019engage \u00e0 r\u00e9pondre aux besoins des personnes handicap\u00e9es en temps opportun. En cons\u00e9quence, nous avons adopt\u00e9 des mesures visant \u00e0 pr\u00e9venir et \u00e0 \u00e9liminer les obstacles \u00e0 l\u2019accessibilit\u00e9, conform\u00e9ment aux exigences de la Loi de 2005 sur l\u2019accessibilit\u00e9 pour les personnes handicap\u00e9es de l\u2019Ontario.<\/p><p class=\"p1\">D\u00e9couvrez <a href=\"https:\/\/gipi.com\/wp-content\/uploads\/2022\/12\/GIP-Accessible-Customer-Service-Policy-2023-FRENCH.pdf\" target=\"_blank\" rel=\"noopener\">nos politiques en mati\u00e8re de services \u00e0 la client\u00e8le et d\u2019accessibilit\u00e9\u00a0<\/a> ainsi que nos\u00a0plans d\u2019action\u00a0visant \u00e0 am\u00e9liorer les possibilit\u00e9s offertes aux personnes handicap\u00e9es.<\/p>\t\t\t\t\t\t\t\t<\/div>\n\t\t\t\t<\/div>\n\t\t\t\t<div class=\"elementor-element elementor-element-e05e1ed elementor-widget elementor-widget-heading\" data-id=\"e05e1ed\" data-element_type=\"widget\" data-e-type=\"widget\" data-widget_type=\"heading.default\">\n\t\t\t\t<div class=\"elementor-widget-container\">\n\t\t\t\t\t<h2 class=\"elementor-heading-title elementor-size-default\">Nous vous invitons \u00e0 partager vos commentaires<\/h2>\t\t\t\t<\/div>\n\t\t\t\t<\/div>\n\t\t\t\t<div class=\"elementor-element elementor-element-7f83d5e elementor-widget elementor-widget-text-editor\" data-id=\"7f83d5e\" data-element_type=\"widget\" data-e-type=\"widget\" data-widget_type=\"text-editor.default\">\n\t\t\t\t<div class=\"elementor-widget-container\">\n\t\t\t\t\t\t\t\t\t<p class=\"p1\">Vos commentaires sont les bienvenus, y compris ceux qui concernent notre fa\u00e7on d\u2019offrir des biens et services aux personnes handicap\u00e9es. Veuillez communiquer avec nous aux coordonn\u00e9es ci-dessous :<\/p><p>\u00a0<\/p><p class=\"p1\"><strong>Ressources humaines, Personnel et culture<\/strong><\/p><p class=\"p1\"><span class=\"s1\">Courriel: accessibility@gipi.com<\/span><\/p><p class=\"p1\">T\u00e9l\u00e9phone: 416 633 9670<\/p><p class=\"p1\">Adresse postale: 949 Wilson Avenue, Toronto, ON M3K 1G2<\/p>\t\t\t\t\t\t\t\t<\/div>\n\t\t\t\t<\/div>\n\t\t\t\t\t<\/div>\n\t\t<\/div>\n\t\t\t\t\t<\/div>\n\t\t<\/section>\n\t\t\t\t<\/div>","protected":false},"excerpt":{"rendered":"<p>Accessibility at GIP GIP is committed to meeting the needs of people with disabilities in a timely manner. As a result, we have put measures in place to prevent and remove barriers to accessibility requirements under the Accessibility for Ontarians with Disabilities Act, 2005. Learn more about our accessibility customer service policies and\u00a0plans to improve [&hellip;]<\/p>\n","protected":false},"author":6,"featured_media":0,"parent":0,"menu_order":0,"comment_status":"closed","ping_status":"closed","template":"","meta":{"footnotes":""},"class_list":["post-1472","page","type-page","status-publish","hentry"],"_links":{"self":[{"href":"https:\/\/gipi.com\/fr\/wp-json\/wp\/v2\/pages\/1472","targetHints":{"allow":["GET"]}}],"collection":[{"href":"https:\/\/gipi.com\/fr\/wp-json\/wp\/v2\/pages"}],"about":[{"href":"https:\/\/gipi.com\/fr\/wp-json\/wp\/v2\/types\/page"}],"author":[{"embeddable":true,"href":"https:\/\/gipi.com\/fr\/wp-json\/wp\/v2\/users\/6"}],"replies":[{"embeddable":true,"href":"https:\/\/gipi.com\/fr\/wp-json\/wp\/v2\/comments?post=1472"}],"version-history":[{"count":0,"href":"https:\/\/gipi.com\/fr\/wp-json\/wp\/v2\/pages\/1472\/revisions"}],"wp:attachment":[{"href":"https:\/\/gipi.com\/fr\/wp-json\/wp\/v2\/media?parent=1472"}],"curies":[{"name":"wp","href":"https:\/\/api.w.org\/{rel}","templated":true}]}}