{"id":1682,"date":"2023-04-24T18:10:49","date_gmt":"2023-04-24T18:10:49","guid":{"rendered":"https:\/\/gipi.com\/?page_id=1682"},"modified":"2023-04-24T18:24:11","modified_gmt":"2023-04-24T18:24:11","slug":"yellowline-asphalt-products","status":"publish","type":"page","link":"https:\/\/gipi.com\/fr\/yellowline-asphalt-products\/","title":{"rendered":"Yellowline Asphalt Products"},"content":{"rendered":"<div data-elementor-type=\"wp-page\" data-elementor-id=\"1682\" class=\"elementor elementor-1682\" data-elementor-post-type=\"page\">\n\t\t\t\t\t\t<section class=\"elementor-section elementor-top-section elementor-element elementor-element-f581279 elementor-section-full_width elementor-section-height-min-height elementor-section-height-default elementor-section-items-middle\" data-id=\"f581279\" data-element_type=\"section\" data-e-type=\"section\" data-settings=\"{&quot;background_background&quot;:&quot;classic&quot;}\">\n\t\t\t\t\t\t<div class=\"elementor-container elementor-column-gap-default\">\n\t\t\t\t\t<div class=\"elementor-column elementor-col-100 elementor-top-column elementor-element elementor-element-5048c29\" data-id=\"5048c29\" data-element_type=\"column\" data-e-type=\"column\">\n\t\t\t<div class=\"elementor-widget-wrap\">\n\t\t\t\t\t\t\t<\/div>\n\t\t<\/div>\n\t\t\t\t\t<\/div>\n\t\t<\/section>\n\t\t\t\t<section class=\"elementor-section elementor-top-section elementor-element elementor-element-d686359 elementor-section-boxed elementor-section-height-default elementor-section-height-default\" data-id=\"d686359\" data-element_type=\"section\" data-e-type=\"section\">\n\t\t\t\t\t\t<div class=\"elementor-container elementor-column-gap-default\">\n\t\t\t\t\t<div class=\"elementor-column elementor-col-100 elementor-top-column elementor-element elementor-element-bad5ac4\" data-id=\"bad5ac4\" data-element_type=\"column\" data-e-type=\"column\">\n\t\t\t<div class=\"elementor-widget-wrap elementor-element-populated\">\n\t\t\t\t\t\t<div class=\"elementor-element elementor-element-e6865b3 elementor-widget elementor-widget-heading\" data-id=\"e6865b3\" data-element_type=\"widget\" data-e-type=\"widget\" data-widget_type=\"heading.default\">\n\t\t\t\t<div class=\"elementor-widget-container\">\n\t\t\t\t\t<h1 class=\"elementor-heading-title elementor-size-default\">Yellowline Asphalt Products ltd.<\/h1>\t\t\t\t<\/div>\n\t\t\t\t<\/div>\n\t\t\t\t<section class=\"elementor-section elementor-inner-section elementor-element elementor-element-19304f4 elementor-section-boxed elementor-section-height-default elementor-section-height-default\" data-id=\"19304f4\" data-element_type=\"section\" data-e-type=\"section\">\n\t\t\t\t\t\t<div class=\"elementor-container elementor-column-gap-extended\">\n\t\t\t\t\t<div class=\"elementor-column elementor-col-50 elementor-inner-column elementor-element elementor-element-916f957\" data-id=\"916f957\" data-element_type=\"column\" data-e-type=\"column\">\n\t\t\t<div class=\"elementor-widget-wrap elementor-element-populated\">\n\t\t\t\t\t\t<div class=\"elementor-element elementor-element-ab82ced elementor-widget elementor-widget-text-editor\" data-id=\"ab82ced\" data-element_type=\"widget\" data-e-type=\"widget\" data-widget_type=\"text-editor.default\">\n\t\t\t\t<div class=\"elementor-widget-container\">\n\t\t\t\t\t\t\t\t\t<h2><strong> Yellowline distributes asphalt cement products throughout Ontario.<\/strong><\/h2>\n<p>Centrally located within the Hamilton Port Authority, Yellowline&#8217;s&nbsp;state-of-<span style=\"font-size: 1rem;\">the-art asphalt terminal can produce a full range of neat and polymer modified asphalt cements capable of meeting Ministry of Transportation of Ontario (MTO), municipal and regional specifications. Liquid anti-strip and warm mix additives can be easily added at the terminal to meet customer needs. The Yellowline team proudly focuses on safety, quality, customer service and technical support to deliver for customers.<\/span><\/p>\t\t\t\t\t\t\t\t<\/div>\n\t\t\t\t<\/div>\n\t\t\t\t\t<\/div>\n\t\t<\/div>\n\t\t\t\t<div class=\"elementor-column elementor-col-50 elementor-inner-column elementor-element elementor-element-4d85bf8\" data-id=\"4d85bf8\" data-element_type=\"column\" data-e-type=\"column\">\n\t\t\t<div class=\"elementor-widget-wrap elementor-element-populated\">\n\t\t\t\t\t\t<div class=\"elementor-element elementor-element-90ddf3f elementor-widget elementor-widget-image\" data-id=\"90ddf3f\" data-element_type=\"widget\" data-e-type=\"widget\" data-widget_type=\"image.default\">\n\t\t\t\t<div class=\"elementor-widget-container\">\n\t\t\t\t\t\t\t\t\t\t\t\t\t\t\t<img fetchpriority=\"high\" decoding=\"async\" width=\"800\" height=\"552\" src=\"https:\/\/gipi.com\/wp-content\/uploads\/2023\/04\/img-1024x706.jpeg\" class=\"attachment-large size-large wp-image-1685\" alt=\"\" srcset=\"https:\/\/gipi.com\/wp-content\/uploads\/2023\/04\/img-1024x706.jpeg 1024w, https:\/\/gipi.com\/wp-content\/uploads\/2023\/04\/img-300x207.jpeg 300w, https:\/\/gipi.com\/wp-content\/uploads\/2023\/04\/img-768x529.jpeg 768w, https:\/\/gipi.com\/wp-content\/uploads\/2023\/04\/img-18x12.jpeg 18w, https:\/\/gipi.com\/wp-content\/uploads\/2023\/04\/img.jpeg 1425w\" sizes=\"(max-width: 800px) 100vw, 800px\" \/>\t\t\t\t\t\t\t\t\t\t\t\t\t\t\t<\/div>\n\t\t\t\t<\/div>\n\t\t\t\t\t<\/div>\n\t\t<\/div>\n\t\t\t\t\t<\/div>\n\t\t<\/section>\n\t\t\t\t\t<\/div>\n\t\t<\/div>\n\t\t\t\t\t<\/div>\n\t\t<\/section>\n\t\t\t\t<section class=\"elementor-section elementor-top-section elementor-element elementor-element-056accb elementor-section-boxed elementor-section-height-default elementor-section-height-default\" data-id=\"056accb\" data-element_type=\"section\" data-e-type=\"section\" data-settings=\"{&quot;background_background&quot;:&quot;classic&quot;}\">\n\t\t\t\t\t\t<div class=\"elementor-container elementor-column-gap-extended\">\n\t\t\t\t\t<div class=\"elementor-column elementor-col-50 elementor-top-column elementor-element elementor-element-39c8f9f\" data-id=\"39c8f9f\" data-element_type=\"column\" data-e-type=\"column\">\n\t\t\t<div class=\"elementor-widget-wrap elementor-element-populated\">\n\t\t\t\t\t\t<div class=\"elementor-element elementor-element-7ecd13e elementor-widget elementor-widget-heading\" data-id=\"7ecd13e\" data-element_type=\"widget\" data-e-type=\"widget\" data-widget_type=\"heading.default\">\n\t\t\t\t<div class=\"elementor-widget-container\">\n\t\t\t\t\t<h2 class=\"elementor-heading-title elementor-size-default\">Stages coop\u00e9ratifs<\/h2>\t\t\t\t<\/div>\n\t\t\t\t<\/div>\n\t\t\t\t<div class=\"elementor-element elementor-element-a14a239 elementor-widget elementor-widget-heading\" data-id=\"a14a239\" data-element_type=\"widget\" data-e-type=\"widget\" data-widget_type=\"heading.default\">\n\t\t\t\t<div class=\"elementor-widget-container\">\n\t\t\t\t\t<span class=\"elementor-heading-title elementor-size-default\">Votre carri\u00e8re commence ici...<\/span>\t\t\t\t<\/div>\n\t\t\t\t<\/div>\n\t\t\t\t<div class=\"elementor-element elementor-element-44b71b4 elementor-widget elementor-widget-text-editor\" data-id=\"44b71b4\" data-element_type=\"widget\" data-e-type=\"widget\" data-widget_type=\"text-editor.default\">\n\t\t\t\t<div class=\"elementor-widget-container\">\n\t\t\t\t\t\t\t\t\tNotre programme d\u2019alternance travail-\u00e9tudes et de stages offre aux \u00e9tudiants admissibles des coll\u00e8ges et universit\u00e9s la possibilit\u00e9 d\u2019alterner les sessions de travail et d\u2019\u00e9tudes, avec l\u2019avantage suppl\u00e9mentaire d\u2019obtenir un dipl\u00f4me assorti d\u2019une exp\u00e9rience professionnelle pertinente dans l\u2019industrie de la construction.\n<h3 style=\"padding-top: 1em;\">Pour postuler<\/h3>\nEnvoyez votre lettre de candidature et votre curriculum vitae \u00e0\n\n<a style=\"color: #97d700;\" title=\"mailto:careers@gipi.com\" href=\"mailto:hrinfo@gipi.com\">hrinfo@gipi.com<\/a>\t\t\t\t\t\t\t\t<\/div>\n\t\t\t\t<\/div>\n\t\t\t\t\t<\/div>\n\t\t<\/div>\n\t\t\t\t<div class=\"elementor-column elementor-col-50 elementor-top-column elementor-element elementor-element-7c4ad08\" data-id=\"7c4ad08\" data-element_type=\"column\" data-e-type=\"column\">\n\t\t\t<div class=\"elementor-widget-wrap elementor-element-populated\">\n\t\t\t\t\t\t<div class=\"elementor-element elementor-element-ed76203 elementor-widget elementor-widget-image\" data-id=\"ed76203\" data-element_type=\"widget\" data-e-type=\"widget\" data-widget_type=\"image.default\">\n\t\t\t\t<div class=\"elementor-widget-container\">\n\t\t\t\t\t\t\t\t\t\t\t\t\t\t\t<img decoding=\"async\" width=\"750\" height=\"599\" src=\"https:\/\/gipi.com\/wp-content\/uploads\/2022\/06\/co-op.jpg\" class=\"attachment-medium_large size-medium_large wp-image-886\" alt=\"Young woman with GIP construction hat and safety vest walking in front of tractor.\" srcset=\"https:\/\/gipi.com\/wp-content\/uploads\/2022\/06\/co-op.jpg 750w, https:\/\/gipi.com\/wp-content\/uploads\/2022\/06\/co-op-300x240.jpg 300w, https:\/\/gipi.com\/wp-content\/uploads\/2022\/06\/co-op-15x12.jpg 15w\" sizes=\"(max-width: 750px) 100vw, 750px\" \/>\t\t\t\t\t\t\t\t\t\t\t\t\t\t\t<\/div>\n\t\t\t\t<\/div>\n\t\t\t\t\t<\/div>\n\t\t<\/div>\n\t\t\t\t\t<\/div>\n\t\t<\/section>\n\t\t\t\t<section class=\"elementor-section elementor-top-section elementor-element elementor-element-1acd49b elementor-section-boxed elementor-section-height-default elementor-section-height-default\" data-id=\"1acd49b\" data-element_type=\"section\" data-e-type=\"section\">\n\t\t\t\t\t\t<div class=\"elementor-container elementor-column-gap-default\">\n\t\t\t\t\t<div class=\"elementor-column elementor-col-33 elementor-top-column elementor-element elementor-element-90adb68\" data-id=\"90adb68\" data-element_type=\"column\" data-e-type=\"column\">\n\t\t\t<div class=\"elementor-widget-wrap elementor-element-populated\">\n\t\t\t\t\t\t<div class=\"elementor-element elementor-element-1836700 elementor-widget__width-initial elementor-widget elementor-widget-heading\" data-id=\"1836700\" data-element_type=\"widget\" data-e-type=\"widget\" data-widget_type=\"heading.default\">\n\t\t\t\t<div class=\"elementor-widget-container\">\n\t\t\t\t\t<h1 class=\"elementor-heading-title elementor-size-default\">Polymer Modified Asphalt <\/h1>\t\t\t\t<\/div>\n\t\t\t\t<\/div>\n\t\t\t\t\t<\/div>\n\t\t<\/div>\n\t\t\t\t<div class=\"elementor-column elementor-col-66 elementor-top-column elementor-element elementor-element-309ac5d\" data-id=\"309ac5d\" data-element_type=\"column\" data-e-type=\"column\">\n\t\t\t<div class=\"elementor-widget-wrap elementor-element-populated\">\n\t\t\t\t\t\t<div class=\"elementor-element elementor-element-125f208 elementor-widget elementor-widget-image\" data-id=\"125f208\" data-element_type=\"widget\" data-e-type=\"widget\" data-widget_type=\"image.default\">\n\t\t\t\t<div class=\"elementor-widget-container\">\n\t\t\t\t\t\t\t\t\t\t\t\t\t\t\t<img decoding=\"async\" width=\"478\" height=\"562\" src=\"https:\/\/gipi.com\/wp-content\/uploads\/2023\/04\/www.aecon_.com-74273732041167340.png\" class=\"attachment-large size-large wp-image-1686\" alt=\"\" srcset=\"https:\/\/gipi.com\/wp-content\/uploads\/2023\/04\/www.aecon_.com-74273732041167340.png 478w, https:\/\/gipi.com\/wp-content\/uploads\/2023\/04\/www.aecon_.com-74273732041167340-255x300.png 255w, https:\/\/gipi.com\/wp-content\/uploads\/2023\/04\/www.aecon_.com-74273732041167340-10x12.png 10w\" sizes=\"(max-width: 478px) 100vw, 478px\" \/>\t\t\t\t\t\t\t\t\t\t\t\t\t\t\t<\/div>\n\t\t\t\t<\/div>\n\t\t\t\t\t<\/div>\n\t\t<\/div>\n\t\t\t\t\t<\/div>\n\t\t<\/section>\n\t\t\t\t<\/div>","protected":false},"excerpt":{"rendered":"<p>Yellowline Asphalt Products ltd. Yellowline distributes asphalt cement products throughout Ontario. Centrally located within the Hamilton Port Authority, Yellowline&#8217;s&nbsp;state-of-the-art asphalt terminal can produce a full range of neat and polymer modified asphalt cements capable of meeting Ministry of Transportation of Ontario (MTO), municipal and regional specifications. Liquid anti-strip and warm mix additives can be easily [&hellip;]<\/p>\n","protected":false},"author":6,"featured_media":0,"parent":0,"menu_order":0,"comment_status":"closed","ping_status":"closed","template":"","meta":{"footnotes":""},"class_list":["post-1682","page","type-page","status-publish","hentry"],"_links":{"self":[{"href":"https:\/\/gipi.com\/fr\/wp-json\/wp\/v2\/pages\/1682","targetHints":{"allow":["GET"]}}],"collection":[{"href":"https:\/\/gipi.com\/fr\/wp-json\/wp\/v2\/pages"}],"about":[{"href":"https:\/\/gipi.com\/fr\/wp-json\/wp\/v2\/types\/page"}],"author":[{"embeddable":true,"href":"https:\/\/gipi.com\/fr\/wp-json\/wp\/v2\/users\/6"}],"replies":[{"embeddable":true,"href":"https:\/\/gipi.com\/fr\/wp-json\/wp\/v2\/comments?post=1682"}],"version-history":[{"count":0,"href":"https:\/\/gipi.com\/fr\/wp-json\/wp\/v2\/pages\/1682\/revisions"}],"wp:attachment":[{"href":"https:\/\/gipi.com\/fr\/wp-json\/wp\/v2\/media?parent=1682"}],"curies":[{"name":"wp","href":"https:\/\/api.w.org\/{rel}","templated":true}]}}