{"id":1701,"date":"2023-05-04T19:54:31","date_gmt":"2023-05-04T19:54:31","guid":{"rendered":"https:\/\/gipi.com\/?page_id=1701"},"modified":"2023-06-15T14:25:10","modified_gmt":"2023-06-15T14:25:10","slug":"construction-engineering","status":"publish","type":"page","link":"https:\/\/gipi.com\/fr\/construction-engineering\/","title":{"rendered":"GIP Construction Engineering Corp."},"content":{"rendered":"<div data-elementor-type=\"wp-page\" data-elementor-id=\"1701\" class=\"elementor elementor-1701\" data-elementor-post-type=\"page\">\n\t\t\t\t\t\t<section class=\"elementor-section elementor-top-section elementor-element elementor-element-43e4dd9 elementor-section-height-min-height elementor-section-boxed elementor-section-height-default elementor-section-items-middle\" data-id=\"43e4dd9\" data-element_type=\"section\" data-e-type=\"section\" data-settings=\"{&quot;background_background&quot;:&quot;classic&quot;}\">\n\t\t\t\t\t\t<div class=\"elementor-container elementor-column-gap-default\">\n\t\t\t\t\t<div class=\"elementor-column elementor-col-100 elementor-top-column elementor-element elementor-element-de5f3f0\" data-id=\"de5f3f0\" data-element_type=\"column\" data-e-type=\"column\">\n\t\t\t<div class=\"elementor-widget-wrap\">\n\t\t\t\t\t\t\t<\/div>\n\t\t<\/div>\n\t\t\t\t\t<\/div>\n\t\t<\/section>\n\t\t\t\t<section class=\"elementor-section elementor-top-section elementor-element elementor-element-65e9448 elementor-section-boxed elementor-section-height-default elementor-section-height-default\" data-id=\"65e9448\" data-element_type=\"section\" data-e-type=\"section\">\n\t\t\t\t\t\t<div class=\"elementor-container elementor-column-gap-default\">\n\t\t\t\t\t<div class=\"elementor-column elementor-col-100 elementor-top-column elementor-element elementor-element-3b76eff\" data-id=\"3b76eff\" data-element_type=\"column\" data-e-type=\"column\">\n\t\t\t<div class=\"elementor-widget-wrap elementor-element-populated\">\n\t\t\t\t\t\t<div class=\"elementor-element elementor-element-16c5139 jet-breadcrumbs-align-mobile-center elementor-widget elementor-widget-jet-breadcrumbs\" data-id=\"16c5139\" data-element_type=\"widget\" data-e-type=\"widget\" data-widget_type=\"jet-breadcrumbs.default\">\n\t\t\t\t<div class=\"elementor-widget-container\">\n\t\t\t\t\t<div class=\"elementor-jet-breadcrumbs jet-blocks\">\n\t\t<div class=\"jet-breadcrumbs\">\n\t\t<div class=\"jet-breadcrumbs__content\">\n\t\t<div class=\"jet-breadcrumbs__wrap\"><div class=\"jet-breadcrumbs__item\"><a href=\"https:\/\/gipi.com\/fr\/\" class=\"jet-breadcrumbs__item-link is-home\" rel=\"home\" title=\"Accueil\">Accueil<\/a><\/div>\n\t\t<\/div>\n\t\t<\/div>\n\t\t<\/div><\/div>\t\t\t\t<\/div>\n\t\t\t\t<\/div>\n\t\t\t\t\t<\/div>\n\t\t<\/div>\n\t\t\t\t\t<\/div>\n\t\t<\/section>\n\t\t\t\t<section class=\"elementor-section elementor-top-section elementor-element elementor-element-cc286bb elementor-section-boxed elementor-section-height-default elementor-section-height-default\" data-id=\"cc286bb\" data-element_type=\"section\" data-e-type=\"section\">\n\t\t\t\t\t\t<div class=\"elementor-container elementor-column-gap-default\">\n\t\t\t\t\t<div class=\"elementor-column elementor-col-100 elementor-top-column elementor-element elementor-element-ddb599d\" data-id=\"ddb599d\" data-element_type=\"column\" data-e-type=\"column\">\n\t\t\t<div class=\"elementor-widget-wrap\">\n\t\t\t\t\t\t\t<\/div>\n\t\t<\/div>\n\t\t\t\t\t<\/div>\n\t\t<\/section>\n\t\t\t\t<section class=\"elementor-section elementor-top-section elementor-element elementor-element-9a2650d elementor-section-boxed elementor-section-height-default elementor-section-height-default\" data-id=\"9a2650d\" data-element_type=\"section\" data-e-type=\"section\">\n\t\t\t\t\t\t<div class=\"elementor-container elementor-column-gap-default\">\n\t\t\t\t\t<div class=\"elementor-column elementor-col-100 elementor-top-column elementor-element elementor-element-5218467\" data-id=\"5218467\" data-element_type=\"column\" data-e-type=\"column\">\n\t\t\t<div class=\"elementor-widget-wrap elementor-element-populated\">\n\t\t\t\t\t\t<div class=\"elementor-element elementor-element-9e06faf elementor-widget elementor-widget-heading\" data-id=\"9e06faf\" data-element_type=\"widget\" data-e-type=\"widget\" data-widget_type=\"heading.default\">\n\t\t\t\t<div class=\"elementor-widget-container\">\n\t\t\t\t\t<h1 class=\"elementor-heading-title elementor-size-default\">GIP Construction Engineering Corp. <\/h1>\t\t\t\t<\/div>\n\t\t\t\t<\/div>\n\t\t\t\t<div class=\"elementor-element elementor-element-ad08115 elementor-widget elementor-widget-text-editor\" data-id=\"ad08115\" data-element_type=\"widget\" data-e-type=\"widget\" data-widget_type=\"text-editor.default\">\n\t\t\t\t<div class=\"elementor-widget-container\">\n\t\t\t\t\t\t\t\t\t<p>Fond\u00e9e en 1996, GIP Construction Engineering Corp. (\u00ab GCE \u00bb) est un chef de file dans la prestation de services professionnels multidisciplinaires en ing\u00e9nierie, en essais sur le terrain et en laboratoire, et en inspections de qualit\u00e9 pour r\u00e9pondre aux besoins des clients des secteurs public et priv\u00e9. Notre \u00e9quipe technique comprend des experts internes qui sont des ing\u00e9nieurs professionnels, des g\u00e9ologues, des technologues et des techniciens, chacun ayant acquis une formation sp\u00e9cialis\u00e9e dans leurs domaines respectifs. Nous sommes bien pr\u00e9par\u00e9s \u00e0 trouver des solutions pratiques pour la plus grande satisfaction de nos clients.<\/p>\t\t\t\t\t\t\t\t<\/div>\n\t\t\t\t<\/div>\n\t\t\t\t\t<\/div>\n\t\t<\/div>\n\t\t\t\t\t<\/div>\n\t\t<\/section>\n\t\t\t\t<section class=\"elementor-section elementor-top-section elementor-element elementor-element-c54d3b5 elementor-section-boxed elementor-section-height-default elementor-section-height-default\" data-id=\"c54d3b5\" data-element_type=\"section\" data-e-type=\"section\">\n\t\t\t\t\t\t<div class=\"elementor-container elementor-column-gap-default\">\n\t\t\t\t\t<div class=\"elementor-column elementor-col-50 elementor-top-column elementor-element elementor-element-d580c06\" data-id=\"d580c06\" data-element_type=\"column\" data-e-type=\"column\">\n\t\t\t<div class=\"elementor-widget-wrap elementor-element-populated\">\n\t\t\t\t\t\t<div class=\"elementor-element elementor-element-f503196 elementor-widget elementor-widget-image\" data-id=\"f503196\" data-element_type=\"widget\" data-e-type=\"widget\" data-widget_type=\"image.default\">\n\t\t\t\t<div class=\"elementor-widget-container\">\n\t\t\t\t\t\t\t\t\t\t\t\t\t\t\t<img fetchpriority=\"high\" decoding=\"async\" width=\"800\" height=\"600\" src=\"https:\/\/gipi.com\/wp-content\/uploads\/2023\/05\/IMG_0193-1024x768.jpg\" class=\"attachment-large size-large wp-image-1714\" alt=\"\" srcset=\"https:\/\/gipi.com\/wp-content\/uploads\/2023\/05\/IMG_0193-1024x768.jpg 1024w, https:\/\/gipi.com\/wp-content\/uploads\/2023\/05\/IMG_0193-300x225.jpg 300w, https:\/\/gipi.com\/wp-content\/uploads\/2023\/05\/IMG_0193-768x576.jpg 768w, https:\/\/gipi.com\/wp-content\/uploads\/2023\/05\/IMG_0193-1536x1152.jpg 1536w, https:\/\/gipi.com\/wp-content\/uploads\/2023\/05\/IMG_0193-2048x1536.jpg 2048w, https:\/\/gipi.com\/wp-content\/uploads\/2023\/05\/IMG_0193-16x12.jpg 16w\" sizes=\"(max-width: 800px) 100vw, 800px\" \/>\t\t\t\t\t\t\t\t\t\t\t\t\t\t\t<\/div>\n\t\t\t\t<\/div>\n\t\t\t\t\t<\/div>\n\t\t<\/div>\n\t\t\t\t<div class=\"elementor-column elementor-col-50 elementor-top-column elementor-element elementor-element-8582d87\" data-id=\"8582d87\" data-element_type=\"column\" data-e-type=\"column\">\n\t\t\t<div class=\"elementor-widget-wrap elementor-element-populated\">\n\t\t\t\t\t\t<div class=\"elementor-element elementor-element-0b3a075 elementor-widget elementor-widget-heading\" data-id=\"0b3a075\" data-element_type=\"widget\" data-e-type=\"widget\" data-widget_type=\"heading.default\">\n\t\t\t\t<div class=\"elementor-widget-container\">\n\t\t\t\t\t<h1 class=\"elementor-heading-title elementor-size-default\">Materials Engineering &amp; Testing<\/h1>\t\t\t\t<\/div>\n\t\t\t\t<\/div>\n\t\t\t\t<div class=\"elementor-element elementor-element-8195c08 elementor-widget elementor-widget-text-editor\" data-id=\"8195c08\" data-element_type=\"widget\" data-e-type=\"widget\" data-widget_type=\"text-editor.default\">\n\t\t\t\t<div class=\"elementor-widget-container\">\n\t\t\t\t\t\t\t\t\t<p style=\"font-weight: 400;\">Nous exploitons deux bureaux \u00e9quip\u00e9s d\u2019un laboratoire, l\u2019un dans la r\u00e9gion du Grand Toronto et l\u2019autre \u00e0 Ottawa. Chaque installation est enti\u00e8rement \u00e9quip\u00e9e pour fournir \u00e0 nos clients une conception, une analyse et des essais approfondis de divers mat\u00e9riaux de construction. GCE propose \u00e9galement plusieurs laboratoires mobiles d\u2019essais de b\u00e9ton, de m\u00e9lange \u00e0 chaud et de test d\u2019agr\u00e9gats, faciles \u00e0 transporter sur n\u2019importe quel chantier.<\/p>\n\n<ul>\n \t<li>Conception, v\u00e9rification et essais de conformit\u00e9 de l\u2019asphalte m\u00e9lang\u00e9 \u00e0 chaud (Marshall et Superpave)<\/li>\n \t<li>Expansion de la conception du m\u00e9lange d\u2019asphalte recycl\u00e9 et essais de conformit\u00e9<\/li>\n \t<li>Tests des sols et agr\u00e9gats<\/li>\n \t<li>Analyse p\u00e9trographique des agr\u00e9gats<\/li>\n \t<li>Essais de conception et de conformit\u00e9 du m\u00e9lange de b\u00e9ton<\/li>\n \t<li>\u00c9valuation de la r\u00e9sistance \u00e0 la flexion du b\u00e9ton projet\u00e9<\/li>\n<\/ul>\t\t\t\t\t\t\t\t<\/div>\n\t\t\t\t<\/div>\n\t\t\t\t\t<\/div>\n\t\t<\/div>\n\t\t\t\t\t<\/div>\n\t\t<\/section>\n\t\t\t\t<section class=\"elementor-section elementor-top-section elementor-element elementor-element-af793c5 elementor-section-boxed elementor-section-height-default elementor-section-height-default\" data-id=\"af793c5\" data-element_type=\"section\" data-e-type=\"section\">\n\t\t\t\t\t\t<div class=\"elementor-container elementor-column-gap-default\">\n\t\t\t\t\t<div class=\"elementor-column elementor-col-50 elementor-top-column elementor-element elementor-element-f209190\" data-id=\"f209190\" data-element_type=\"column\" data-e-type=\"column\">\n\t\t\t<div class=\"elementor-widget-wrap elementor-element-populated\">\n\t\t\t\t\t\t<div class=\"elementor-element elementor-element-9f0752e sticky elementor-widget elementor-widget-text-editor\" data-id=\"9f0752e\" data-element_type=\"widget\" data-e-type=\"widget\" data-widget_type=\"text-editor.default\">\n\t\t\t\t<div class=\"elementor-widget-container\">\n\t\t\t\t\t\t\t\t\t<h2 style=\"color:#97D700\">Ing\u00e9nierie des chauss\u00e9es<\/h2>\n<p style=\"font-weight: 400;\">Au fil des ans, l\u2019\u00e9quipe d\u2019ing\u00e9nierie des chauss\u00e9es de GCE a d\u00e9velopp\u00e9 une approche logique, efficace et \u00e9conomique pour r\u00e9soudre les d\u00e9fis li\u00e9s aux chauss\u00e9es. Nous offrons des services de conception de chauss\u00e9es, de consultation et d\u2019\u00e9valuation \u00e0 des clients partout en Ontario, y compris aux organismes gouvernementaux locaux et aux autorit\u00e9s a\u00e9roportuaires, ainsi qu\u2019aux promoteurs commerciaux, industriels et r\u00e9sidentiels. Nos ing\u00e9nieurs en chauss\u00e9e sont certifi\u00e9s pour le Syst\u00e8me d\u2019inscription, d\u2019\u00e9valuation et de qualification (SIEQ) et ont livr\u00e9 avec succ\u00e8s de nombreuses conceptions pour les contrats de garantie \u00e0 long terme du minist\u00e8re des Transports de l\u2019Ontario (Ontario Ministry of Transport, MTO) et de surveillance minimale (Minimum Oversight, Min-O). Notre sp\u00e9cialit\u00e9 repose sur la s\u00e9lection de traitements de r\u00e9adaptation rentables, notamment le recyclage sur place des chauss\u00e9es en asphalte. <strong>Nos services technologiques pour les chauss\u00e9es comprennent : <\/strong><\/p>\n\n<ul style=\"font-weight: 400;\">\n \t<li>Conception de chauss\u00e9e utilisant les m\u00e9thodes d\u2019American Association of State Highway and Transportation Officials (AASHTO), d\u2019Asphalt Institute (AI) et du MTO<\/li>\n \t<li>Conception des chemins de roulement et tabliers \u00e0 l\u2019aide des m\u00e9thodes de l\u2019OACI et de Transports Canada<\/li>\n \t<li>\u00c9valuation de l\u2019\u00e9tat de la chauss\u00e9e, s\u00e9lection de la r\u00e9adaptation et pr\u00e9servation de la chauss\u00e9e<\/li>\n \t<li>Inspection de la construction et contr\u00f4le de la qualit\u00e9<\/li>\n \t<li>\u00c9valuation m\u00e9dico-l\u00e9gale des d\u00e9faillances pr\u00e9matur\u00e9es<\/li>\n \t<li>Tests de rendement des m\u00e9langes d\u2019asphalte<\/li>\n \t<li>Analyse structurelle de la chauss\u00e9e Dynaflect<\/li>\n \t<li>\u00c9valuation et consultation de la douceur de la chauss\u00e9e<\/li>\n \t<li>\u00c9valuation de l\u2019\u00e9paisseur du radar p\u00e9n\u00e9trant le sol<\/li>\n<\/ul>\t\t\t\t\t\t\t\t<\/div>\n\t\t\t\t<\/div>\n\t\t\t\t\t<\/div>\n\t\t<\/div>\n\t\t\t\t<div class=\"elementor-column elementor-col-50 elementor-top-column elementor-element elementor-element-e79d445\" data-id=\"e79d445\" data-element_type=\"column\" data-e-type=\"column\" data-settings=\"{&quot;background_background&quot;:&quot;classic&quot;}\">\n\t\t\t<div class=\"elementor-widget-wrap elementor-element-populated\">\n\t\t\t\t\t\t<div class=\"elementor-element elementor-element-dbddf8f elementor-widget elementor-widget-heading\" data-id=\"dbddf8f\" data-element_type=\"widget\" data-e-type=\"widget\" data-widget_type=\"heading.default\">\n\t\t\t\t<div class=\"elementor-widget-container\">\n\t\t\t\t\t<h1 class=\"elementor-heading-title elementor-size-default\">G\u00e9nie g\u00e9otechnique<\/h1>\t\t\t\t<\/div>\n\t\t\t\t<\/div>\n\t\t\t\t<div class=\"elementor-element elementor-element-a507c75 elementor-widget elementor-widget-text-editor\" data-id=\"a507c75\" data-element_type=\"widget\" data-e-type=\"widget\" data-widget_type=\"text-editor.default\">\n\t\t\t\t<div class=\"elementor-widget-container\">\n\t\t\t\t\t\t\t\t\t<p style=\"font-weight: 400;\">Notre \u00e9quipe d\u2019ing\u00e9nieurs et de professionnels g\u00e9otechniques a \u00e9t\u00e9 un atout inestimable pour assurer le succ\u00e8s de nombreux projets de construction d\u2019infrastructures \u00e0 diverses \u00e9tapes. Gr\u00e2ce \u00e0 leur expertise et \u00e0 leur exp\u00e9rience, ils ont constamment maintenu un processus de construction s\u00fbr et efficace, fournissant un soutien crucial \u00e0 chaque phase du projet, en particulier dans les domaines suivants:<\/p><ul style=\"font-weight: 400;\"><li>Enqu\u00eates g\u00e9otechniques factuelles<\/li><li>Ing\u00e9nierie de v\u00e9rification de la qualit\u00e9 g\u00e9ostructurale (Quality Verification Engineering, QVE)<\/li><li>Instrumentation et surveillance g\u00e9otechniques<\/li><li>Inspection et certification du sous-sol<\/li><li>Conception et certification de la plateforme de travail<\/li><li>Surveillance du bruit et des vibrations<\/li><li>Services d\u2019\u00e9valuation du profilage de l\u2019int\u00e9grit\u00e9 thermique (Thermal Integrity Profiling, TIP) des puits for\u00e9s<\/li><li>Analyse dynamique des pieux (Pile Dynamic Analysis, PDA) pour les pieux entra\u00een\u00e9s<\/li><li>M\u00e9canique des sols et des roches<\/li><li>Analyse de la stabilit\u00e9 de la pente<\/li><li>Conception et certification des structures de sout\u00e8nement<\/li><\/ul>\t\t\t\t\t\t\t\t<\/div>\n\t\t\t\t<\/div>\n\t\t\t\t<div class=\"elementor-element elementor-element-e7476f8 elementor-widget elementor-widget-heading\" data-id=\"e7476f8\" data-element_type=\"widget\" data-e-type=\"widget\" data-widget_type=\"heading.default\">\n\t\t\t\t<div class=\"elementor-widget-container\">\n\t\t\t\t\t<h1 class=\"elementor-heading-title elementor-size-default\">G\u00e9nie environnemental<\/h1>\t\t\t\t<\/div>\n\t\t\t\t<\/div>\n\t\t\t\t<div class=\"elementor-element elementor-element-afc95d6 elementor-widget elementor-widget-text-editor\" data-id=\"afc95d6\" data-element_type=\"widget\" data-e-type=\"widget\" data-widget_type=\"text-editor.default\">\n\t\t\t\t<div class=\"elementor-widget-container\">\n\t\t\t\t\t\t\t\t\t<p style=\"font-weight: 400;\">Notre \u00e9quipe exp\u00e9riment\u00e9e de professionnels et d\u2019ing\u00e9nieurs de l\u2019environnement est bien \u00e9quip\u00e9e pour vous aider dans le cadre de projets environnementaux \u00e0 multiples facettes avec une vaste expertise dans les domaines suivants :<\/p><ul style=\"font-weight: 400;\"><li>Consultation en gestion des sols exc\u00e9dentaires<\/li><li>\u00c9valuations environnementales des sites des phases 1 et 2<\/li><li>Services aux personnes qualifi\u00e9es (PQ) conform\u00e9ment aux r\u00e8glements de l\u2019Ontario 153\/04 (tel que modifi\u00e9) et 406\/19<\/li><li>Pr\u00e9paration et soumission des dossiers des conditions du site<\/li><li>Examen et \u00e9valuation de la diligence raisonnable<\/li><li>\u00c9tudes et surveillance de r\u00e9f\u00e9rence environnementales<\/li><li>D\u00e9limitation et correction des contaminants<\/li><li>Mise hors service et nettoyage de r\u00e9servoir de stockage souterrain<\/li><li>\u00c9chantillonnage de la qualit\u00e9 du sol, de l\u2019eau et de l\u2019air<\/li><\/ul>\t\t\t\t\t\t\t\t<\/div>\n\t\t\t\t<\/div>\n\t\t\t\t\t<\/div>\n\t\t<\/div>\n\t\t\t\t\t<\/div>\n\t\t<\/section>\n\t\t\t\t<section class=\"elementor-section elementor-top-section elementor-element elementor-element-fe278ac elementor-section-boxed elementor-section-height-default elementor-section-height-default\" data-id=\"fe278ac\" data-element_type=\"section\" data-e-type=\"section\">\n\t\t\t\t\t\t<div class=\"elementor-container elementor-column-gap-default\">\n\t\t\t\t\t<div class=\"elementor-column elementor-col-50 elementor-top-column elementor-element elementor-element-78898e6\" data-id=\"78898e6\" data-element_type=\"column\" data-e-type=\"column\">\n\t\t\t<div class=\"elementor-widget-wrap elementor-element-populated\">\n\t\t\t\t\t\t<div class=\"elementor-element elementor-element-09ea248 elementor-widget elementor-widget-heading\" data-id=\"09ea248\" data-element_type=\"widget\" data-e-type=\"widget\" data-widget_type=\"heading.default\">\n\t\t\t\t<div class=\"elementor-widget-container\">\n\t\t\t\t\t<h2 class=\"elementor-heading-title elementor-size-default\">Essais sur le terrain<\/h2>\t\t\t\t<\/div>\n\t\t\t\t<\/div>\n\t\t\t\t<div class=\"elementor-element elementor-element-e6e02a5 elementor-widget elementor-widget-text-editor\" data-id=\"e6e02a5\" data-element_type=\"widget\" data-e-type=\"widget\" data-widget_type=\"text-editor.default\">\n\t\t\t\t<div class=\"elementor-widget-container\">\n\t\t\t\t\t\t\t\t\t<p style=\"font-weight: 400;\">Notre gamme diversifi\u00e9e de services d\u2019inspection et d\u2019essai sur le terrain offre aux clients la tranquillit\u00e9 d\u2019esprit de respecter les normes de qualit\u00e9 les plus \u00e9lev\u00e9es. Nous sommes fiers de fournir des solutions personnalis\u00e9es pour les principales activit\u00e9s de construction, y compris, mais sans s\u2019y limiter, les suivantes:<\/p><ul style=\"font-weight: 400;\"><li>Compactage des sols, des agr\u00e9gats et des asphaltes<\/li><li>Construction d\u2019\u00e9l\u00e9ments en b\u00e9ton, en b\u00e9ton projet\u00e9 et en ma\u00e7onnerie<\/li><li>Construction de fondation<\/li><li>Installation des composants de rail<\/li><li>Installation du renforcement structurel<\/li><li>Imperm\u00e9abilisation (travaux routiers et structures profondes)<\/li><li>Chargement par traction des composants structurels (p. ex. goujons et inserts)<\/li><\/ul>\t\t\t\t\t\t\t\t<\/div>\n\t\t\t\t<\/div>\n\t\t\t\t\t<\/div>\n\t\t<\/div>\n\t\t\t\t<div class=\"elementor-column elementor-col-50 elementor-top-column elementor-element elementor-element-36c0546\" data-id=\"36c0546\" data-element_type=\"column\" data-e-type=\"column\">\n\t\t\t<div class=\"elementor-widget-wrap elementor-element-populated\">\n\t\t\t\t\t\t<div class=\"elementor-element elementor-element-55af9f9 elementor-widget__width-initial elementor-widget elementor-widget-image\" data-id=\"55af9f9\" data-element_type=\"widget\" data-e-type=\"widget\" data-widget_type=\"image.default\">\n\t\t\t\t<div class=\"elementor-widget-container\">\n\t\t\t\t\t\t\t\t\t\t\t\t\t\t\t<img decoding=\"async\" width=\"800\" height=\"600\" src=\"https:\/\/gipi.com\/wp-content\/uploads\/2023\/05\/image005-1-1024x768.jpg\" class=\"attachment-large size-large wp-image-1709\" alt=\"\" srcset=\"https:\/\/gipi.com\/wp-content\/uploads\/2023\/05\/image005-1-1024x768.jpg 1024w, https:\/\/gipi.com\/wp-content\/uploads\/2023\/05\/image005-1-300x225.jpg 300w, https:\/\/gipi.com\/wp-content\/uploads\/2023\/05\/image005-1-768x576.jpg 768w, https:\/\/gipi.com\/wp-content\/uploads\/2023\/05\/image005-1-1536x1152.jpg 1536w, https:\/\/gipi.com\/wp-content\/uploads\/2023\/05\/image005-1-2048x1536.jpg 2048w, https:\/\/gipi.com\/wp-content\/uploads\/2023\/05\/image005-1-16x12.jpg 16w\" sizes=\"(max-width: 800px) 100vw, 800px\" \/>\t\t\t\t\t\t\t\t\t\t\t\t\t\t\t<\/div>\n\t\t\t\t<\/div>\n\t\t\t\t\t<\/div>\n\t\t<\/div>\n\t\t\t\t\t<\/div>\n\t\t<\/section>\n\t\t\t\t<section class=\"elementor-section elementor-top-section elementor-element elementor-element-b0f7317 elementor-section-boxed elementor-section-height-default elementor-section-height-default\" data-id=\"b0f7317\" data-element_type=\"section\" data-e-type=\"section\">\n\t\t\t\t\t\t<div class=\"elementor-container elementor-column-gap-default\">\n\t\t\t\t\t<div class=\"elementor-column elementor-col-100 elementor-top-column elementor-element elementor-element-5ac88d0\" data-id=\"5ac88d0\" data-element_type=\"column\" data-e-type=\"column\">\n\t\t\t<div class=\"elementor-widget-wrap elementor-element-populated\">\n\t\t\t\t\t\t<div class=\"elementor-element elementor-element-13243b1 elementor-widget elementor-widget-heading\" data-id=\"13243b1\" data-element_type=\"widget\" data-e-type=\"widget\" data-widget_type=\"heading.default\">\n\t\t\t\t<div class=\"elementor-widget-container\">\n\t\t\t\t\t<h2 class=\"elementor-heading-title elementor-size-default\">Gestion de la qualit\u00e9 du projet<\/h2>\t\t\t\t<\/div>\n\t\t\t\t<\/div>\n\t\t\t\t<div class=\"elementor-element elementor-element-49e512b elementor-widget elementor-widget-text-editor\" data-id=\"49e512b\" data-element_type=\"widget\" data-e-type=\"widget\" data-widget_type=\"text-editor.default\">\n\t\t\t\t<div class=\"elementor-widget-container\">\n\t\t\t\t\t\t\t\t\t<p style=\"font-weight: 400;\">Notre \u00e9quipe de professionnels hautement exp\u00e9riment\u00e9s peut vous aider \u00e0 \u00e9tablir une base solide pour votre syst\u00e8me de gestion de la qualit\u00e9, tout en d\u00e9veloppant les processus et la documentation n\u00e9cessaires en cours de route. Nos services incluent:<\/p><ul><li>D\u00e9veloppement de syst\u00e8mes de gestion de la qualit\u00e9 (SGQ) pour les projets du MTO et Metrolinx<\/li><li>\u00c9laboration de plans d\u2019inspection et d\u2019essai (PIE)<\/li><li>Administration des contrats et gestion de projet<\/li><\/ul>\t\t\t\t\t\t\t\t<\/div>\n\t\t\t\t<\/div>\n\t\t\t\t\t<\/div>\n\t\t<\/div>\n\t\t\t\t\t<\/div>\n\t\t<\/section>\n\t\t\t\t<\/div>","protected":false},"excerpt":{"rendered":"<p>Home GIP Construction Engineering Founded in 1996, GIP Construction Engineering Corp. (&#8220;GCE&#8221;) is a leader in providing multi-disciplinary professional services in engineering, field and laboratory testing, and quality inspections to cater to the needs of both public and private sector clients. Our technical team includes in-house experts who are professional engineers, geologists, technologists, and technicians, [&hellip;]<\/p>\n","protected":false},"author":6,"featured_media":0,"parent":0,"menu_order":0,"comment_status":"closed","ping_status":"closed","template":"","meta":{"footnotes":""},"class_list":["post-1701","page","type-page","status-publish","hentry"],"_links":{"self":[{"href":"https:\/\/gipi.com\/fr\/wp-json\/wp\/v2\/pages\/1701","targetHints":{"allow":["GET"]}}],"collection":[{"href":"https:\/\/gipi.com\/fr\/wp-json\/wp\/v2\/pages"}],"about":[{"href":"https:\/\/gipi.com\/fr\/wp-json\/wp\/v2\/types\/page"}],"author":[{"embeddable":true,"href":"https:\/\/gipi.com\/fr\/wp-json\/wp\/v2\/users\/6"}],"replies":[{"embeddable":true,"href":"https:\/\/gipi.com\/fr\/wp-json\/wp\/v2\/comments?post=1701"}],"version-history":[{"count":0,"href":"https:\/\/gipi.com\/fr\/wp-json\/wp\/v2\/pages\/1701\/revisions"}],"wp:attachment":[{"href":"https:\/\/gipi.com\/fr\/wp-json\/wp\/v2\/media?parent=1701"}],"curies":[{"name":"wp","href":"https:\/\/api.w.org\/{rel}","templated":true}]}}