{"id":1786,"date":"2024-03-22T17:36:54","date_gmt":"2024-03-22T17:36:54","guid":{"rendered":"https:\/\/gipi.com\/?page_id=1786"},"modified":"2024-11-19T21:48:50","modified_gmt":"2024-11-19T21:48:50","slug":"construction-materials","status":"publish","type":"page","link":"https:\/\/gipi.com\/fr\/construction-materials\/","title":{"rendered":"Mat\u00e9riaux de construction\u200b"},"content":{"rendered":"<div data-elementor-type=\"wp-page\" data-elementor-id=\"1786\" class=\"elementor elementor-1786\" data-elementor-post-type=\"page\">\n\t\t\t\t\t\t<section class=\"elementor-section elementor-top-section elementor-element elementor-element-cde4b46 elementor-section-boxed elementor-section-height-default elementor-section-height-default\" data-id=\"cde4b46\" data-element_type=\"section\" data-e-type=\"section\">\n\t\t\t\t\t\t<div class=\"elementor-container elementor-column-gap-default\">\n\t\t\t\t\t<div class=\"elementor-column elementor-col-100 elementor-top-column elementor-element elementor-element-24ac3f2\" data-id=\"24ac3f2\" data-element_type=\"column\" data-e-type=\"column\">\n\t\t\t<div class=\"elementor-widget-wrap elementor-element-populated\">\n\t\t\t\t\t\t<div class=\"elementor-element elementor-element-6e5ae53 elementor-widget elementor-widget-heading\" data-id=\"6e5ae53\" data-element_type=\"widget\" data-e-type=\"widget\" data-widget_type=\"heading.default\">\n\t\t\t\t<div class=\"elementor-widget-container\">\n\t\t\t\t\t<h1 class=\"elementor-heading-title elementor-size-default\">Mat\u00e9riaux de construction\u200b<\/h1>\t\t\t\t<\/div>\n\t\t\t\t<\/div>\n\t\t\t\t<div class=\"elementor-element elementor-element-ef09403 elementor-widget elementor-widget-text-editor\" data-id=\"ef09403\" data-element_type=\"widget\" data-e-type=\"widget\" data-widget_type=\"text-editor.default\">\n\t\t\t\t<div class=\"elementor-widget-container\">\n\t\t\t\t\t\t\t\t\t<p>Tout ce que nous construisons est fabriqu\u00e9 \u00e0 partir de mat\u00e9riaux.\u00a0<\/p><p>Avec plus de 40 usines d\u2019asphalte et plus de 250 puits et carri\u00e8res, nous sommes fiers de fournir des produits de premi\u00e8re qualit\u00e9 qui font partie int\u00e9grante de divers projets, allant de la construction de routes et du d\u00e9veloppement commercial \u00e0 des projets uniques tels que les a\u00e9roports et les installations sportives. Notre gamme de granulats, qui comprend des pierres concass\u00e9es, du sable et du gravier, constitue la base de l\u2019asphalte, du b\u00e9ton, des fondations routi\u00e8res, et plus encore. Gr\u00e2ce \u00e0 nos usines d\u2019asphalte r\u00e9parties dans tout le Canada, nous offrons une gamme vari\u00e9e de produits d\u2019asphalte, du SS1 aux m\u00e9langes de b\u00e9ton recycl\u00e9, con\u00e7us pour r\u00e9pondre \u00e0 vos besoins sp\u00e9cifiques. De plus, GIP Pipe Products assure la fiabilit\u00e9 des infrastructures souterraines gr\u00e2ce \u00e0 des tuyaux pr\u00e9fabriqu\u00e9s de qualit\u00e9 sup\u00e9rieure et \u00e0 des produits pr\u00e9cis, notamment des ponceaux en caisson et des solutions pour les \u00e9gouts et les conduites d\u2019eau principales. Explorez nos offres compl\u00e8tes et d\u00e9couvrez pourquoi GIP est un partenaire de confiance pour les mat\u00e9riaux de construction dans tout le pays.<\/p>\t\t\t\t\t\t\t\t<\/div>\n\t\t\t\t<\/div>\n\t\t\t\t\t<\/div>\n\t\t<\/div>\n\t\t\t\t\t<\/div>\n\t\t<\/section>\n\t\t\t\t<section class=\"elementor-section elementor-top-section elementor-element elementor-element-9190313 elementor-section-boxed elementor-section-height-default elementor-section-height-default\" data-id=\"9190313\" data-element_type=\"section\" data-e-type=\"section\" data-settings=\"{&quot;background_background&quot;:&quot;classic&quot;}\">\n\t\t\t\t\t\t<div class=\"elementor-container elementor-column-gap-default\">\n\t\t\t\t\t<div class=\"elementor-column elementor-col-100 elementor-top-column elementor-element elementor-element-4b5aa73\" data-id=\"4b5aa73\" data-element_type=\"column\" data-e-type=\"column\" data-settings=\"{&quot;background_background&quot;:&quot;classic&quot;}\">\n\t\t\t<div class=\"elementor-widget-wrap elementor-element-populated\">\n\t\t\t\t\t\t<div class=\"elementor-element elementor-element-c12db15 elementor-widget elementor-widget-heading\" data-id=\"c12db15\" data-element_type=\"widget\" data-e-type=\"widget\" data-widget_type=\"heading.default\">\n\t\t\t\t<div class=\"elementor-widget-container\">\n\t\t\t\t\t<h2 class=\"elementor-heading-title elementor-size-default\">Produits de construction<\/h2>\t\t\t\t<\/div>\n\t\t\t\t<\/div>\n\t\t\t\t<section class=\"elementor-section elementor-inner-section elementor-element elementor-element-ebb4396 elementor-section-boxed elementor-section-height-default elementor-section-height-default\" data-id=\"ebb4396\" data-element_type=\"section\" data-e-type=\"section\">\n\t\t\t\t\t\t<div class=\"elementor-container elementor-column-gap-default\">\n\t\t\t\t\t<div class=\"elementor-column elementor-col-50 elementor-inner-column elementor-element elementor-element-8091c47\" data-id=\"8091c47\" data-element_type=\"column\" data-e-type=\"column\" data-settings=\"{&quot;background_background&quot;:&quot;classic&quot;}\">\n\t\t\t<div class=\"elementor-widget-wrap elementor-element-populated\">\n\t\t\t\t\t\t<div class=\"elementor-element elementor-element-de1557e elementor-widget-mobile__width-inherit elementor-widget elementor-widget-image\" data-id=\"de1557e\" data-element_type=\"widget\" data-e-type=\"widget\" data-widget_type=\"image.default\">\n\t\t\t\t<div class=\"elementor-widget-container\">\n\t\t\t\t\t\t\t\t\t\t\t\t\t\t\t<img fetchpriority=\"high\" decoding=\"async\" width=\"300\" height=\"210\" src=\"https:\/\/gipi.com\/wp-content\/uploads\/2022\/06\/aggregates-300x210.jpg\" class=\"attachment-medium size-medium wp-image-792\" alt=\"Greenvalley Quarry crushing\" srcset=\"https:\/\/gipi.com\/wp-content\/uploads\/2022\/06\/aggregates-300x210.jpg 300w, https:\/\/gipi.com\/wp-content\/uploads\/2022\/06\/aggregates-18x12.jpg 18w, https:\/\/gipi.com\/wp-content\/uploads\/2022\/06\/aggregates.jpg 509w\" sizes=\"(max-width: 300px) 100vw, 300px\" \/>\t\t\t\t\t\t\t\t\t\t\t\t\t\t\t<\/div>\n\t\t\t\t<\/div>\n\t\t\t\t\t<\/div>\n\t\t<\/div>\n\t\t\t\t<div class=\"elementor-column elementor-col-50 elementor-inner-column elementor-element elementor-element-ea8b5f4\" data-id=\"ea8b5f4\" data-element_type=\"column\" data-e-type=\"column\">\n\t\t\t<div class=\"elementor-widget-wrap elementor-element-populated\">\n\t\t\t\t\t\t<div class=\"elementor-element elementor-element-cfb53a9 elementor-widget elementor-widget-heading\" data-id=\"cfb53a9\" data-element_type=\"widget\" data-e-type=\"widget\" data-widget_type=\"heading.default\">\n\t\t\t\t<div class=\"elementor-widget-container\">\n\t\t\t\t\t<h3 class=\"elementor-heading-title elementor-size-default\">Granulats<\/h3>\t\t\t\t<\/div>\n\t\t\t\t<\/div>\n\t\t\t\t<div class=\"elementor-element elementor-element-3e045bc elementor-widget elementor-widget-text-editor\" data-id=\"3e045bc\" data-element_type=\"widget\" data-e-type=\"widget\" data-widget_type=\"text-editor.default\">\n\t\t\t\t<div class=\"elementor-widget-container\">\n\t\t\t\t\t\t\t\t\t<p>GIP fabrique des mat\u00e9riaux utilis\u00e9s dans les produits d\u2019enrob\u00e9s bitumineux et de b\u00e9ton, les fondations inf\u00e9rieures pour les routes, etc. Nous fournissons une grande vari\u00e9t\u00e9 de granulats fabriqu\u00e9s \u00e0 partir de pierre concass\u00e9e, de sable et de gravier.<\/p>\t\t\t\t\t\t\t\t<\/div>\n\t\t\t\t<\/div>\n\t\t\t\t<div class=\"elementor-element elementor-element-45448d9 elementor-widget-mobile__width-auto elementor-widget elementor-widget-html\" data-id=\"45448d9\" data-element_type=\"widget\" data-e-type=\"widget\" data-widget_type=\"html.default\">\n\t\t\t\t<div class=\"elementor-widget-container\">\n\t\t\t\t\t<button class=\"cta\">\r\n  <span><a href=\"https:\/\/gipi.com\/fr\/integrated-infrastructure-solutions\/aggregates\/\">apprendre encore plus<\/a><\/span>\r\n  <svg viewbox=\"0 0 13 10\" height=\"10px\" width=\"15px\">\r\n    <path d=\"M1,5 L11,5\"><\/path>\r\n    <polyline points=\"8 1 12 5 8 9\"><\/polyline>\r\n  <\/svg>\r\n<\/button>\t\t\t\t<\/div>\n\t\t\t\t<\/div>\n\t\t\t\t\t<\/div>\n\t\t<\/div>\n\t\t\t\t\t<\/div>\n\t\t<\/section>\n\t\t\t\t<section class=\"elementor-section elementor-inner-section elementor-element elementor-element-c512391 elementor-section-boxed elementor-section-height-default elementor-section-height-default\" data-id=\"c512391\" data-element_type=\"section\" data-e-type=\"section\">\n\t\t\t\t\t\t<div class=\"elementor-container elementor-column-gap-default\">\n\t\t\t\t\t<div class=\"elementor-column elementor-col-50 elementor-inner-column elementor-element elementor-element-33d66fe\" data-id=\"33d66fe\" data-element_type=\"column\" data-e-type=\"column\" data-settings=\"{&quot;background_background&quot;:&quot;classic&quot;}\">\n\t\t\t<div class=\"elementor-widget-wrap elementor-element-populated\">\n\t\t\t\t\t\t<div class=\"elementor-element elementor-element-41ad2f6 elementor-widget elementor-widget-image\" data-id=\"41ad2f6\" data-element_type=\"widget\" data-e-type=\"widget\" data-widget_type=\"image.default\">\n\t\t\t\t<div class=\"elementor-widget-container\">\n\t\t\t\t\t\t\t\t\t\t\t\t\t\t\t<img decoding=\"async\" width=\"300\" height=\"210\" src=\"https:\/\/gipi.com\/wp-content\/uploads\/2022\/06\/asphalt-300x210.jpg\" class=\"attachment-medium size-medium wp-image-789\" alt=\"Tractor on hot asphalt\" srcset=\"https:\/\/gipi.com\/wp-content\/uploads\/2022\/06\/asphalt-300x210.jpg 300w, https:\/\/gipi.com\/wp-content\/uploads\/2022\/06\/asphalt-18x12.jpg 18w, https:\/\/gipi.com\/wp-content\/uploads\/2022\/06\/asphalt.jpg 509w\" sizes=\"(max-width: 300px) 100vw, 300px\" \/>\t\t\t\t\t\t\t\t\t\t\t\t\t\t\t<\/div>\n\t\t\t\t<\/div>\n\t\t\t\t\t<\/div>\n\t\t<\/div>\n\t\t\t\t<div class=\"elementor-column elementor-col-50 elementor-inner-column elementor-element elementor-element-b72fc78\" data-id=\"b72fc78\" data-element_type=\"column\" data-e-type=\"column\">\n\t\t\t<div class=\"elementor-widget-wrap elementor-element-populated\">\n\t\t\t\t\t\t<div class=\"elementor-element elementor-element-382ef59 elementor-widget elementor-widget-heading\" data-id=\"382ef59\" data-element_type=\"widget\" data-e-type=\"widget\" data-widget_type=\"heading.default\">\n\t\t\t\t<div class=\"elementor-widget-container\">\n\t\t\t\t\t<h3 class=\"elementor-heading-title elementor-size-default\">Enrob\u00e9s bitumineux<\/h3>\t\t\t\t<\/div>\n\t\t\t\t<\/div>\n\t\t\t\t<div class=\"elementor-element elementor-element-2ef7d54 elementor-widget elementor-widget-text-editor\" data-id=\"2ef7d54\" data-element_type=\"widget\" data-e-type=\"widget\" data-widget_type=\"text-editor.default\">\n\t\t\t\t<div class=\"elementor-widget-container\">\n\t\t\t\t\t\t\t\t\t<p>GIP produit des enrob\u00e9s bitumineux novateurs et de qualit\u00e9 dans ses 33 usines canadiennes d\u2019enrob\u00e9s bitumineux. Nous fournissons des \u00e9mulsions de bitume SS-1, du b\u00e9ton recycl\u00e9, des granulats bitumineux recycl\u00e9s (GBR), des granulats vierges, de l\u2019enrob\u00e9 \u00e0 froid et de l\u2019enrob\u00e9 bitumineux m\u00e9lang\u00e9 \u00e0 chaud.<\/p>\t\t\t\t\t\t\t\t<\/div>\n\t\t\t\t<\/div>\n\t\t\t\t<div class=\"elementor-element elementor-element-ca1bb9b elementor-widget-mobile__width-auto elementor-widget elementor-widget-html\" data-id=\"ca1bb9b\" data-element_type=\"widget\" data-e-type=\"widget\" data-widget_type=\"html.default\">\n\t\t\t\t<div class=\"elementor-widget-container\">\n\t\t\t\t\t<button class=\"cta\">\r\n  <span><a href=\"https:\/\/gipi.com\/fr\/integrated-infrastructure-solutions\/asphalt-production\/\">apprendre encore plus<\/a><\/span>\r\n  <svg viewbox=\"0 0 13 10\" height=\"10px\" width=\"15px\">\r\n    <path d=\"M1,5 L11,5\"><\/path>\r\n    <polyline points=\"8 1 12 5 8 9\"><\/polyline>\r\n  <\/svg>\r\n<\/button>\t\t\t\t<\/div>\n\t\t\t\t<\/div>\n\t\t\t\t\t<\/div>\n\t\t<\/div>\n\t\t\t\t\t<\/div>\n\t\t<\/section>\n\t\t\t\t<section class=\"elementor-section elementor-inner-section elementor-element elementor-element-a2815a0 elementor-section-boxed elementor-section-height-default elementor-section-height-default\" data-id=\"a2815a0\" data-element_type=\"section\" data-e-type=\"section\">\n\t\t\t\t\t\t<div class=\"elementor-container elementor-column-gap-default\">\n\t\t\t\t\t<div class=\"elementor-column elementor-col-50 elementor-inner-column elementor-element elementor-element-1707215\" data-id=\"1707215\" data-element_type=\"column\" data-e-type=\"column\">\n\t\t\t<div class=\"elementor-widget-wrap elementor-element-populated\">\n\t\t\t\t\t\t<div class=\"elementor-element elementor-element-3008590 elementor-widget elementor-widget-image\" data-id=\"3008590\" data-element_type=\"widget\" data-e-type=\"widget\" data-widget_type=\"image.default\">\n\t\t\t\t<div class=\"elementor-widget-container\">\n\t\t\t\t\t\t\t\t\t\t\t\t\t\t\t<img decoding=\"async\" width=\"300\" height=\"210\" src=\"https:\/\/gipi.com\/wp-content\/uploads\/2022\/06\/concrete-pipe-300x210.jpg\" class=\"attachment-medium size-medium wp-image-788\" alt=\"Stacked precast concrete pipes.\" srcset=\"https:\/\/gipi.com\/wp-content\/uploads\/2022\/06\/concrete-pipe-300x210.jpg 300w, https:\/\/gipi.com\/wp-content\/uploads\/2022\/06\/concrete-pipe-18x12.jpg 18w, https:\/\/gipi.com\/wp-content\/uploads\/2022\/06\/concrete-pipe.jpg 509w\" sizes=\"(max-width: 300px) 100vw, 300px\" \/>\t\t\t\t\t\t\t\t\t\t\t\t\t\t\t<\/div>\n\t\t\t\t<\/div>\n\t\t\t\t\t<\/div>\n\t\t<\/div>\n\t\t\t\t<div class=\"elementor-column elementor-col-50 elementor-inner-column elementor-element elementor-element-7a157ab\" data-id=\"7a157ab\" data-element_type=\"column\" data-e-type=\"column\">\n\t\t\t<div class=\"elementor-widget-wrap elementor-element-populated\">\n\t\t\t\t\t\t<div class=\"elementor-element elementor-element-6f8aa84 elementor-widget elementor-widget-heading\" data-id=\"6f8aa84\" data-element_type=\"widget\" data-e-type=\"widget\" data-widget_type=\"heading.default\">\n\t\t\t\t<div class=\"elementor-widget-container\">\n\t\t\t\t\t<h3 class=\"elementor-heading-title elementor-size-default\">Precast Pipe &amp; Products<\/h3>\t\t\t\t<\/div>\n\t\t\t\t<\/div>\n\t\t\t\t<div class=\"elementor-element elementor-element-e07f7be elementor-widget elementor-widget-text-editor\" data-id=\"e07f7be\" data-element_type=\"widget\" data-e-type=\"widget\" data-widget_type=\"text-editor.default\">\n\t\t\t\t<div class=\"elementor-widget-container\">\n\t\t\t\t\t\t\t\t\t<p>GIP Pipe Products provides superior underground pipe products, precise products, box culverts, <br \/>and numerous related sewer and watermain products. \u00a0<\/p>\t\t\t\t\t\t\t\t<\/div>\n\t\t\t\t<\/div>\n\t\t\t\t<div class=\"elementor-element elementor-element-d5406eb elementor-widget-mobile__width-auto elementor-widget elementor-widget-html\" data-id=\"d5406eb\" data-element_type=\"widget\" data-e-type=\"widget\" data-widget_type=\"html.default\">\n\t\t\t\t<div class=\"elementor-widget-container\">\n\t\t\t\t\t<button class=\"cta\">\r\n  <span><a href=\"https:\/\/gipi.com\/fr\/integrated-infrastructure-solutions\/precast-concrete-pipe-products\/\">apprendre encore plus<\/a><\/span>\r\n  <svg viewbox=\"0 0 13 10\" height=\"10px\" width=\"15px\">\r\n    <path d=\"M1,5 L11,5\"><\/path>\r\n    <polyline points=\"8 1 12 5 8 9\"><\/polyline>\r\n  <\/svg>\r\n<\/button>\t\t\t\t<\/div>\n\t\t\t\t<\/div>\n\t\t\t\t\t<\/div>\n\t\t<\/div>\n\t\t\t\t\t<\/div>\n\t\t<\/section>\n\t\t\t\t<section class=\"elementor-section elementor-inner-section elementor-element elementor-element-60e8b90 elementor-section-boxed elementor-section-height-default elementor-section-height-default\" data-id=\"60e8b90\" data-element_type=\"section\" data-e-type=\"section\">\n\t\t\t\t\t\t<div class=\"elementor-container elementor-column-gap-default\">\n\t\t\t\t\t<div class=\"elementor-column elementor-col-50 elementor-inner-column elementor-element elementor-element-4d149cf\" data-id=\"4d149cf\" data-element_type=\"column\" data-e-type=\"column\">\n\t\t\t<div class=\"elementor-widget-wrap elementor-element-populated\">\n\t\t\t\t\t\t<div class=\"elementor-element elementor-element-6e10428 elementor-widget elementor-widget-image\" data-id=\"6e10428\" data-element_type=\"widget\" data-e-type=\"widget\" data-widget_type=\"image.default\">\n\t\t\t\t<div class=\"elementor-widget-container\">\n\t\t\t\t\t\t\t\t\t\t\t\t\t\t\t<img loading=\"lazy\" decoding=\"async\" width=\"300\" height=\"169\" src=\"https:\/\/gipi.com\/wp-content\/uploads\/2024\/11\/products_img-copy-300x169.png\" class=\"attachment-medium size-medium wp-image-1858\" alt=\"\" srcset=\"https:\/\/gipi.com\/wp-content\/uploads\/2024\/11\/products_img-copy-300x169.png 300w, https:\/\/gipi.com\/wp-content\/uploads\/2024\/11\/products_img-copy-18x10.png 18w, https:\/\/gipi.com\/wp-content\/uploads\/2024\/11\/products_img-copy.png 571w\" sizes=\"(max-width: 300px) 100vw, 300px\" \/>\t\t\t\t\t\t\t\t\t\t\t\t\t\t\t<\/div>\n\t\t\t\t<\/div>\n\t\t\t\t\t<\/div>\n\t\t<\/div>\n\t\t\t\t<div class=\"elementor-column elementor-col-50 elementor-inner-column elementor-element elementor-element-82a5fd4\" data-id=\"82a5fd4\" data-element_type=\"column\" data-e-type=\"column\">\n\t\t\t<div class=\"elementor-widget-wrap elementor-element-populated\">\n\t\t\t\t\t\t<div class=\"elementor-element elementor-element-a7729a9 elementor-widget elementor-widget-heading\" data-id=\"a7729a9\" data-element_type=\"widget\" data-e-type=\"widget\" data-widget_type=\"heading.default\">\n\t\t\t\t<div class=\"elementor-widget-container\">\n\t\t\t\t\t<h3 class=\"elementor-heading-title elementor-size-default\">GIP Concrete<\/h3>\t\t\t\t<\/div>\n\t\t\t\t<\/div>\n\t\t\t\t<div class=\"elementor-element elementor-element-172a026 elementor-widget elementor-widget-text-editor\" data-id=\"172a026\" data-element_type=\"widget\" data-e-type=\"widget\" data-widget_type=\"text-editor.default\">\n\t\t\t\t<div class=\"elementor-widget-container\">\n\t\t\t\t\t\t\t\t\t<p class=\"p1\">GIP Interpaving Inc. is a product supplier of ready-mix concrete for all industries, common mixes between 0.4MPa to 50MPa concrete, high performance concrete 50MPa and above, as well as Decorative Concrete Supply &amp; Associated Products (Colour Pigments, sealers, stamp release, <br \/>stains etc.).<\/p>\t\t\t\t\t\t\t\t<\/div>\n\t\t\t\t<\/div>\n\t\t\t\t<div class=\"elementor-element elementor-element-ad38523 elementor-widget-mobile__width-auto elementor-widget elementor-widget-html\" data-id=\"ad38523\" data-element_type=\"widget\" data-e-type=\"widget\" data-widget_type=\"html.default\">\n\t\t\t\t<div class=\"elementor-widget-container\">\n\t\t\t\t\t<button class=\"cta\">\r\n  <span><a href=\"https:\/\/gipconcrete.com\/\">apprendre encore plus<\/a><\/span>\r\n  <svg viewbox=\"0 0 13 10\" height=\"10px\" width=\"15px\">\r\n    <path d=\"M1,5 L11,5\"><\/path>\r\n    <polyline points=\"8 1 12 5 8 9\"><\/polyline>\r\n  <\/svg>\r\n<\/button>\t\t\t\t<\/div>\n\t\t\t\t<\/div>\n\t\t\t\t\t<\/div>\n\t\t<\/div>\n\t\t\t\t\t<\/div>\n\t\t<\/section>\n\t\t\t\t\t<\/div>\n\t\t<\/div>\n\t\t\t\t\t<\/div>\n\t\t<\/section>\n\t\t\t\t<\/div>","protected":false},"excerpt":{"rendered":"<p>Construction Materials Everything we build is built from materials.\u00a0 With 40+ asphalt plants, 250+ pits and quarries, we pride ourselves on delivering top-notch products that are integral to various projects, ranging from road building and commercial development to unique ventures like airports and athletic facilities. Our range of aggregates, including crushed stone and sand and [&hellip;]<\/p>\n","protected":false},"author":6,"featured_media":0,"parent":0,"menu_order":0,"comment_status":"closed","ping_status":"closed","template":"","meta":{"footnotes":""},"class_list":["post-1786","page","type-page","status-publish","hentry"],"_links":{"self":[{"href":"https:\/\/gipi.com\/fr\/wp-json\/wp\/v2\/pages\/1786","targetHints":{"allow":["GET"]}}],"collection":[{"href":"https:\/\/gipi.com\/fr\/wp-json\/wp\/v2\/pages"}],"about":[{"href":"https:\/\/gipi.com\/fr\/wp-json\/wp\/v2\/types\/page"}],"author":[{"embeddable":true,"href":"https:\/\/gipi.com\/fr\/wp-json\/wp\/v2\/users\/6"}],"replies":[{"embeddable":true,"href":"https:\/\/gipi.com\/fr\/wp-json\/wp\/v2\/comments?post=1786"}],"version-history":[{"count":0,"href":"https:\/\/gipi.com\/fr\/wp-json\/wp\/v2\/pages\/1786\/revisions"}],"wp:attachment":[{"href":"https:\/\/gipi.com\/fr\/wp-json\/wp\/v2\/media?parent=1786"}],"curies":[{"name":"wp","href":"https:\/\/api.w.org\/{rel}","templated":true}]}}