{"id":19,"date":"2022-05-02T15:34:58","date_gmt":"2022-05-02T15:34:58","guid":{"rendered":"https:\/\/gipi.com\/?page_id=19"},"modified":"2026-03-10T19:41:39","modified_gmt":"2026-03-10T19:41:39","slug":"safety","status":"publish","type":"page","link":"https:\/\/gipi.com\/fr\/safety\/","title":{"rendered":"S\u00e9curit\u00e9"},"content":{"rendered":"<div data-elementor-type=\"wp-page\" data-elementor-id=\"19\" class=\"elementor elementor-19\" data-elementor-post-type=\"page\">\n\t\t\t\t\t\t<section class=\"elementor-section elementor-top-section elementor-element elementor-element-50d350c elementor-section-height-min-height elementor-section-boxed elementor-section-height-default elementor-section-items-middle\" data-id=\"50d350c\" data-element_type=\"section\" data-e-type=\"section\" data-settings=\"{&quot;background_background&quot;:&quot;classic&quot;}\">\n\t\t\t\t\t\t<div class=\"elementor-container elementor-column-gap-default\">\n\t\t\t\t\t<div class=\"elementor-column elementor-col-100 elementor-top-column elementor-element elementor-element-91ccb28\" data-id=\"91ccb28\" data-element_type=\"column\" data-e-type=\"column\">\n\t\t\t<div class=\"elementor-widget-wrap\">\n\t\t\t\t\t\t\t<\/div>\n\t\t<\/div>\n\t\t\t\t\t<\/div>\n\t\t<\/section>\n\t\t\t\t<section class=\"elementor-section elementor-top-section elementor-element elementor-element-b667993 elementor-section-boxed elementor-section-height-default elementor-section-height-default\" data-id=\"b667993\" data-element_type=\"section\" data-e-type=\"section\">\n\t\t\t\t\t\t<div class=\"elementor-container elementor-column-gap-default\">\n\t\t\t\t\t<div class=\"elementor-column elementor-col-100 elementor-top-column elementor-element elementor-element-c21468b\" data-id=\"c21468b\" data-element_type=\"column\" data-e-type=\"column\">\n\t\t\t<div class=\"elementor-widget-wrap elementor-element-populated\">\n\t\t\t\t\t\t<div class=\"elementor-element elementor-element-7fc58d8 elementor-widget elementor-widget-heading\" data-id=\"7fc58d8\" data-element_type=\"widget\" data-e-type=\"widget\" data-widget_type=\"heading.default\">\n\t\t\t\t<div class=\"elementor-widget-container\">\n\t\t\t\t\t<h1 class=\"elementor-heading-title elementor-size-default\">S\u00e9curit\u00e9<\/h1>\t\t\t\t<\/div>\n\t\t\t\t<\/div>\n\t\t\t\t<div class=\"elementor-element elementor-element-903a8b5 elementor-widget__width-initial elementor-widget elementor-widget-text-editor\" data-id=\"903a8b5\" data-element_type=\"widget\" data-e-type=\"widget\" data-widget_type=\"text-editor.default\">\n\t\t\t\t<div class=\"elementor-widget-container\">\n\t\t\t\t\t\t\t\t\t<p>Chez Green Infrastructure Partners, la s\u00e9curit\u00e9 est notre principale valeur fondamentale. Notre programme de sant\u00e9 et de s\u00e9curit\u00e9 tient compte du fait que nos employ\u00e9s sont notre plus grand atout et notre ressource la plus vitale pour \u00e9valuer, corriger et mettre en \u0153uvre des pratiques s\u00fbres dans le cadre de notre objectif de z\u00e9ro blessure.<\/p><p>GIP is committed to delivering world-class performance in Health, Safety and Environment management across all operations in Canada. We recognize that all workers have the right to work in a safe and healthy workplace, we are committed to providing a safe and healthy work environment through the use of an effective Health, Safety, and Environmental Management System.\u00a0<\/p>\t\t\t\t\t\t\t\t<\/div>\n\t\t\t\t<\/div>\n\t\t\t\t<div class=\"elementor-element elementor-element-cc0e5fc elementor-widget elementor-widget-jet-brands\" data-id=\"cc0e5fc\" data-element_type=\"widget\" data-e-type=\"widget\" data-settings=\"{&quot;_animation&quot;:&quot;none&quot;}\" data-widget_type=\"jet-brands.default\">\n\t\t\t\t<div class=\"elementor-widget-container\">\n\t\t\t\t\t<div class=\"elementor-jet-brands jet-elements\"><div class=\"brands-wrap\">\n\t<div class=\"brands-list col-row\"><div class=\"brands-list__item\"><div class=\"brands-list__item-img-wrap\"><img decoding=\"async\" src=\"https:\/\/gipi.com\/wp-content\/uploads\/2022\/06\/ont-cor.jpg\" alt=\"ont-cor\" class=\"brands-list__item-img\" loading=\"lazy\"><\/div><\/div>\n<div class=\"brands-list__item\"><div class=\"brands-list__item-img-wrap\"><img decoding=\"async\" src=\"https:\/\/gipi.com\/wp-content\/uploads\/2022\/06\/man-cor.jpg\" alt=\"man-cor\" class=\"brands-list__item-img\" loading=\"lazy\"><\/div><\/div>\n<div class=\"brands-list__item\"><div class=\"brands-list__item-img-wrap\"><img decoding=\"async\" src=\"https:\/\/gipi.com\/wp-content\/uploads\/2022\/06\/sask-cor.jpg\" alt=\"sask-cor\" class=\"brands-list__item-img\" loading=\"lazy\"><\/div><\/div>\n<\/div><\/div><\/div>\t\t\t\t<\/div>\n\t\t\t\t<\/div>\n\t\t\t\t<div class=\"elementor-element elementor-element-cc1228b elementor-widget elementor-widget-jet-brands\" data-id=\"cc1228b\" data-element_type=\"widget\" data-e-type=\"widget\" data-settings=\"{&quot;_animation&quot;:&quot;none&quot;}\" data-widget_type=\"jet-brands.default\">\n\t\t\t\t<div class=\"elementor-widget-container\">\n\t\t\t\t\t<div class=\"elementor-jet-brands jet-elements\"><div class=\"brands-wrap\">\n\t<div class=\"brands-list col-row\"><div class=\"brands-list__item\"><div class=\"brands-list__item-img-wrap\"><img decoding=\"async\" src=\"https:\/\/gipi.com\/wp-content\/uploads\/2022\/06\/ont-asphalt.jpg\" alt=\"ont-asphalt\" class=\"brands-list__item-img\" loading=\"lazy\"><\/div><\/div>\n<div class=\"brands-list__item\"><div class=\"brands-list__item-img-wrap\"><img decoding=\"async\" src=\"https:\/\/gipi.com\/wp-content\/uploads\/2022\/06\/esa.jpg\" alt=\"Electrical Safety Authority logo\" class=\"brands-list__item-img\" loading=\"lazy\"><\/div><\/div>\n<div class=\"brands-list__item\"><div class=\"brands-list__item-img-wrap\"><img decoding=\"async\" src=\"https:\/\/gipi.com\/wp-content\/uploads\/2022\/06\/erail.jpg\" alt=\"eRail Safe logo\" class=\"brands-list__item-img\" loading=\"lazy\"><\/div><\/div>\n<\/div><\/div><\/div>\t\t\t\t<\/div>\n\t\t\t\t<\/div>\n\t\t\t\t<div class=\"elementor-element elementor-element-fb9e629 elementor-widget elementor-widget-jet-brands\" data-id=\"fb9e629\" data-element_type=\"widget\" data-e-type=\"widget\" data-settings=\"{&quot;_animation&quot;:&quot;none&quot;}\" data-widget_type=\"jet-brands.default\">\n\t\t\t\t<div class=\"elementor-widget-container\">\n\t\t\t\t\t<div class=\"elementor-jet-brands jet-elements\"><div class=\"brands-wrap\">\n\t<div class=\"brands-list col-row\"><div class=\"brands-list__item\"><div class=\"brands-list__item-img-wrap\"><img decoding=\"async\" src=\"https:\/\/gipi.com\/wp-content\/uploads\/2023\/07\/2023-Safety-Award-Signature-Large-4.png\" alt=\"2023-Safety-Award-Signature---Large\" class=\"brands-list__item-img\" loading=\"lazy\"><\/div><\/div>\n<div class=\"brands-list__item\"><div class=\"brands-list__item-img-wrap\"><img decoding=\"async\" src=\"https:\/\/gipi.com\/wp-content\/uploads\/2025\/11\/ISO-45001-Logo-1.jpg\" alt=\"ISO 45001 Logo 1\" class=\"brands-list__item-img\" loading=\"lazy\"><\/div><\/div>\n<div class=\"brands-list__item\"><div class=\"brands-list__item-img-wrap\"><img decoding=\"async\" src=\"https:\/\/gipi.com\/wp-content\/uploads\/2022\/06\/heavy-construction-sask.jpg\" alt=\"Heavy Construction Safety Association of Saskatchewan logo\" class=\"brands-list__item-img\" loading=\"lazy\"><\/div><\/div>\n<\/div><\/div><\/div>\t\t\t\t<\/div>\n\t\t\t\t<\/div>\n\t\t\t\t<div class=\"elementor-element elementor-element-4877417 elementor-widget elementor-widget-text-editor\" data-id=\"4877417\" data-element_type=\"widget\" data-e-type=\"widget\" data-widget_type=\"text-editor.default\">\n\t\t\t\t<div class=\"elementor-widget-container\">\n\t\t\t\t\t\t\t\t\t<h2>Prix d\u2019excellence<\/h2><p>GIP a \u00e9t\u00e9 s\u00e9lectionn\u00e9e dans certaines cat\u00e9gories lors de la remise annuelle des prix Canada's Safest Employers.<\/p><ul><li>Meilleur programme environnemental<\/li><li>Employeur le plus s\u00fbr au Canada pour les jeunes travailleurs<\/li><\/ul><h3 style=\"font-size: 20px;\">Laur\u00e9ats de l\u2019excellence individuelle :<\/h3><ul><li>Le prix WSPS du chef de la direction de l\u2019ann\u00e9e \u2013 Christian Dover<\/li><li>Le prix Minerva de l\u2019\u00e9toile montante de l\u2019ann\u00e9e : John Eroy Canila (Responsable SSE \u2013 division de la d\u00e9molition)<\/li><li>The BGIS Award for Safety Leader of the year: Sebastian Ferraro<br \/>(SNR Director &#8211; HSE)<\/li><\/ul>\t\t\t\t\t\t\t\t<\/div>\n\t\t\t\t<\/div>\n\t\t\t\t<section class=\"elementor-section elementor-inner-section elementor-element elementor-element-67a8fff elementor-section-boxed elementor-section-height-default elementor-section-height-default\" data-id=\"67a8fff\" data-element_type=\"section\" data-e-type=\"section\">\n\t\t\t\t\t\t<div class=\"elementor-container elementor-column-gap-default\">\n\t\t\t\t\t<div class=\"elementor-column elementor-col-20 elementor-inner-column elementor-element elementor-element-8de9e9b\" data-id=\"8de9e9b\" data-element_type=\"column\" data-e-type=\"column\">\n\t\t\t<div class=\"elementor-widget-wrap elementor-element-populated\">\n\t\t\t\t\t\t<div class=\"elementor-element elementor-element-f9dfefe elementor-widget elementor-widget-image\" data-id=\"f9dfefe\" data-element_type=\"widget\" data-e-type=\"widget\" data-widget_type=\"image.default\">\n\t\t\t\t<div class=\"elementor-widget-container\">\n\t\t\t\t\t\t\t\t\t\t\t\t\t\t\t<img fetchpriority=\"high\" decoding=\"async\" width=\"300\" height=\"300\" src=\"https:\/\/gipi.com\/wp-content\/uploads\/2022\/08\/CSEA22-Silver-EA-Medal_Best-Environment-Management-Program-300x300.png\" class=\"attachment-medium size-medium wp-image-1106\" alt=\"\" srcset=\"https:\/\/gipi.com\/wp-content\/uploads\/2022\/08\/CSEA22-Silver-EA-Medal_Best-Environment-Management-Program-300x300.png 300w, https:\/\/gipi.com\/wp-content\/uploads\/2022\/08\/CSEA22-Silver-EA-Medal_Best-Environment-Management-Program-1024x1024.png 1024w, https:\/\/gipi.com\/wp-content\/uploads\/2022\/08\/CSEA22-Silver-EA-Medal_Best-Environment-Management-Program-150x150.png 150w, https:\/\/gipi.com\/wp-content\/uploads\/2022\/08\/CSEA22-Silver-EA-Medal_Best-Environment-Management-Program-768x768.png 768w, https:\/\/gipi.com\/wp-content\/uploads\/2022\/08\/CSEA22-Silver-EA-Medal_Best-Environment-Management-Program-12x12.png 12w, https:\/\/gipi.com\/wp-content\/uploads\/2022\/08\/CSEA22-Silver-EA-Medal_Best-Environment-Management-Program.png 1182w\" sizes=\"(max-width: 300px) 100vw, 300px\" \/>\t\t\t\t\t\t\t\t\t\t\t\t\t\t\t<\/div>\n\t\t\t\t<\/div>\n\t\t\t\t\t<\/div>\n\t\t<\/div>\n\t\t\t\t<div class=\"elementor-column elementor-col-20 elementor-inner-column elementor-element elementor-element-bd906be\" data-id=\"bd906be\" data-element_type=\"column\" data-e-type=\"column\">\n\t\t\t<div class=\"elementor-widget-wrap elementor-element-populated\">\n\t\t\t\t\t\t<div class=\"elementor-element elementor-element-863f914 elementor-widget elementor-widget-image\" data-id=\"863f914\" data-element_type=\"widget\" data-e-type=\"widget\" data-widget_type=\"image.default\">\n\t\t\t\t<div class=\"elementor-widget-container\">\n\t\t\t\t\t\t\t\t\t\t\t\t\t\t\t<img decoding=\"async\" width=\"300\" height=\"300\" src=\"https:\/\/gipi.com\/wp-content\/uploads\/2022\/08\/CSEA22-Silver-EA-Medal_Canadas-Safest-Employer-for-Young-Workers-300x300.png\" class=\"attachment-medium size-medium wp-image-1107\" alt=\"\" srcset=\"https:\/\/gipi.com\/wp-content\/uploads\/2022\/08\/CSEA22-Silver-EA-Medal_Canadas-Safest-Employer-for-Young-Workers-300x300.png 300w, https:\/\/gipi.com\/wp-content\/uploads\/2022\/08\/CSEA22-Silver-EA-Medal_Canadas-Safest-Employer-for-Young-Workers-1024x1024.png 1024w, https:\/\/gipi.com\/wp-content\/uploads\/2022\/08\/CSEA22-Silver-EA-Medal_Canadas-Safest-Employer-for-Young-Workers-150x150.png 150w, https:\/\/gipi.com\/wp-content\/uploads\/2022\/08\/CSEA22-Silver-EA-Medal_Canadas-Safest-Employer-for-Young-Workers-768x768.png 768w, https:\/\/gipi.com\/wp-content\/uploads\/2022\/08\/CSEA22-Silver-EA-Medal_Canadas-Safest-Employer-for-Young-Workers-12x12.png 12w, https:\/\/gipi.com\/wp-content\/uploads\/2022\/08\/CSEA22-Silver-EA-Medal_Canadas-Safest-Employer-for-Young-Workers.png 1182w\" sizes=\"(max-width: 300px) 100vw, 300px\" \/>\t\t\t\t\t\t\t\t\t\t\t\t\t\t\t<\/div>\n\t\t\t\t<\/div>\n\t\t\t\t\t<\/div>\n\t\t<\/div>\n\t\t\t\t<div class=\"elementor-column elementor-col-20 elementor-inner-column elementor-element elementor-element-9bc36c4\" data-id=\"9bc36c4\" data-element_type=\"column\" data-e-type=\"column\">\n\t\t\t<div class=\"elementor-widget-wrap elementor-element-populated\">\n\t\t\t\t\t\t<div class=\"elementor-element elementor-element-fa3b921 elementor-widget elementor-widget-image\" data-id=\"fa3b921\" data-element_type=\"widget\" data-e-type=\"widget\" data-widget_type=\"image.default\">\n\t\t\t\t<div class=\"elementor-widget-container\">\n\t\t\t\t\t\t\t\t\t\t\t\t\t\t\t<img decoding=\"async\" width=\"300\" height=\"300\" src=\"https:\/\/gipi.com\/wp-content\/uploads\/2022\/08\/CSEA22-Silver-EA-Medal_The-WSPS-Award-for-CEO-of-the-Year-300x300.png\" class=\"attachment-medium size-medium wp-image-1110\" alt=\"\" srcset=\"https:\/\/gipi.com\/wp-content\/uploads\/2022\/08\/CSEA22-Silver-EA-Medal_The-WSPS-Award-for-CEO-of-the-Year-300x300.png 300w, https:\/\/gipi.com\/wp-content\/uploads\/2022\/08\/CSEA22-Silver-EA-Medal_The-WSPS-Award-for-CEO-of-the-Year-1024x1024.png 1024w, https:\/\/gipi.com\/wp-content\/uploads\/2022\/08\/CSEA22-Silver-EA-Medal_The-WSPS-Award-for-CEO-of-the-Year-150x150.png 150w, https:\/\/gipi.com\/wp-content\/uploads\/2022\/08\/CSEA22-Silver-EA-Medal_The-WSPS-Award-for-CEO-of-the-Year-768x768.png 768w, https:\/\/gipi.com\/wp-content\/uploads\/2022\/08\/CSEA22-Silver-EA-Medal_The-WSPS-Award-for-CEO-of-the-Year-12x12.png 12w, https:\/\/gipi.com\/wp-content\/uploads\/2022\/08\/CSEA22-Silver-EA-Medal_The-WSPS-Award-for-CEO-of-the-Year.png 1182w\" sizes=\"(max-width: 300px) 100vw, 300px\" \/>\t\t\t\t\t\t\t\t\t\t\t\t\t\t\t<\/div>\n\t\t\t\t<\/div>\n\t\t\t\t\t<\/div>\n\t\t<\/div>\n\t\t\t\t<div class=\"elementor-column elementor-col-20 elementor-inner-column elementor-element elementor-element-c93d056\" data-id=\"c93d056\" data-element_type=\"column\" data-e-type=\"column\">\n\t\t\t<div class=\"elementor-widget-wrap elementor-element-populated\">\n\t\t\t\t\t\t<div class=\"elementor-element elementor-element-d2bfd51 elementor-widget elementor-widget-image\" data-id=\"d2bfd51\" data-element_type=\"widget\" data-e-type=\"widget\" data-widget_type=\"image.default\">\n\t\t\t\t<div class=\"elementor-widget-container\">\n\t\t\t\t\t\t\t\t\t\t\t\t\t\t\t<img loading=\"lazy\" decoding=\"async\" width=\"300\" height=\"300\" src=\"https:\/\/gipi.com\/wp-content\/uploads\/2022\/08\/CSEA22-Silver-EA-Medal_The-Minerva-Award-for-Rising-Star-of-the-Year-300x300.png\" class=\"attachment-medium size-medium wp-image-1109\" alt=\"\" srcset=\"https:\/\/gipi.com\/wp-content\/uploads\/2022\/08\/CSEA22-Silver-EA-Medal_The-Minerva-Award-for-Rising-Star-of-the-Year-300x300.png 300w, https:\/\/gipi.com\/wp-content\/uploads\/2022\/08\/CSEA22-Silver-EA-Medal_The-Minerva-Award-for-Rising-Star-of-the-Year-1024x1024.png 1024w, https:\/\/gipi.com\/wp-content\/uploads\/2022\/08\/CSEA22-Silver-EA-Medal_The-Minerva-Award-for-Rising-Star-of-the-Year-150x150.png 150w, https:\/\/gipi.com\/wp-content\/uploads\/2022\/08\/CSEA22-Silver-EA-Medal_The-Minerva-Award-for-Rising-Star-of-the-Year-768x768.png 768w, https:\/\/gipi.com\/wp-content\/uploads\/2022\/08\/CSEA22-Silver-EA-Medal_The-Minerva-Award-for-Rising-Star-of-the-Year-12x12.png 12w, https:\/\/gipi.com\/wp-content\/uploads\/2022\/08\/CSEA22-Silver-EA-Medal_The-Minerva-Award-for-Rising-Star-of-the-Year.png 1182w\" sizes=\"(max-width: 300px) 100vw, 300px\" \/>\t\t\t\t\t\t\t\t\t\t\t\t\t\t\t<\/div>\n\t\t\t\t<\/div>\n\t\t\t\t\t<\/div>\n\t\t<\/div>\n\t\t\t\t<div class=\"elementor-column elementor-col-20 elementor-inner-column elementor-element elementor-element-8729c54\" data-id=\"8729c54\" data-element_type=\"column\" data-e-type=\"column\">\n\t\t\t<div class=\"elementor-widget-wrap elementor-element-populated\">\n\t\t\t\t\t\t<div class=\"elementor-element elementor-element-e96a727 elementor-widget elementor-widget-image\" data-id=\"e96a727\" data-element_type=\"widget\" data-e-type=\"widget\" data-widget_type=\"image.default\">\n\t\t\t\t<div class=\"elementor-widget-container\">\n\t\t\t\t\t\t\t\t\t\t\t\t\t\t\t<img loading=\"lazy\" decoding=\"async\" width=\"300\" height=\"300\" src=\"https:\/\/gipi.com\/wp-content\/uploads\/2022\/08\/CSEA22-Silver-EA-Medal_Safety-Leader-of-the-Year-300x300.png\" class=\"attachment-medium size-medium wp-image-1108\" alt=\"\" srcset=\"https:\/\/gipi.com\/wp-content\/uploads\/2022\/08\/CSEA22-Silver-EA-Medal_Safety-Leader-of-the-Year-300x300.png 300w, https:\/\/gipi.com\/wp-content\/uploads\/2022\/08\/CSEA22-Silver-EA-Medal_Safety-Leader-of-the-Year-1024x1024.png 1024w, https:\/\/gipi.com\/wp-content\/uploads\/2022\/08\/CSEA22-Silver-EA-Medal_Safety-Leader-of-the-Year-150x150.png 150w, https:\/\/gipi.com\/wp-content\/uploads\/2022\/08\/CSEA22-Silver-EA-Medal_Safety-Leader-of-the-Year-768x768.png 768w, https:\/\/gipi.com\/wp-content\/uploads\/2022\/08\/CSEA22-Silver-EA-Medal_Safety-Leader-of-the-Year-12x12.png 12w, https:\/\/gipi.com\/wp-content\/uploads\/2022\/08\/CSEA22-Silver-EA-Medal_Safety-Leader-of-the-Year.png 1182w\" sizes=\"(max-width: 300px) 100vw, 300px\" \/>\t\t\t\t\t\t\t\t\t\t\t\t\t\t\t<\/div>\n\t\t\t\t<\/div>\n\t\t\t\t\t<\/div>\n\t\t<\/div>\n\t\t\t\t\t<\/div>\n\t\t<\/section>\n\t\t\t\t<div class=\"elementor-element elementor-element-dcd64f5 elementor-widget elementor-widget-text-editor\" data-id=\"dcd64f5\" data-element_type=\"widget\" data-e-type=\"widget\" data-widget_type=\"text-editor.default\">\n\t\t\t\t<div class=\"elementor-widget-container\">\n\t\t\t\t\t\t\t\t\t<h2>Chief Prevention Officer (CPO) Recognized Employers<\/h2><p>GIP has been recognized as a Safe Employer under Supporting Ontario\u2019s Safe Employers (SOSE) program. This recognition means GIP has met the high standards set by the Chief Prevention Officer to prevent injuries and illness in the workplace.<\/p><p><span style=\"text-decoration: underline;\"><a href=\"https:\/\/gipi.com\/wp-content\/uploads\/2026\/03\/250929-ISO-45001-Certificate.pdf\" target=\"_blank\" rel=\"noopener\">View Our ISO Certificate<\/a><\/span><\/p>\t\t\t\t\t\t\t\t<\/div>\n\t\t\t\t<\/div>\n\t\t\t\t\t<\/div>\n\t\t<\/div>\n\t\t\t\t\t<\/div>\n\t\t<\/section>\n\t\t\t\t<\/div>","protected":false},"excerpt":{"rendered":"<p>Safety At Green Infrastructure Partners, safety is our principal core value. Our health and safety program honours that our employees are our greatest asset and our most vital resource in assessing, correcting, and executing safe practices as we work towards zero injuries. GIP is committed to delivering world-class performance in Health, Safety and Environment management [&hellip;]<\/p>\n","protected":false},"author":1,"featured_media":685,"parent":0,"menu_order":0,"comment_status":"closed","ping_status":"closed","template":"","meta":{"footnotes":""},"class_list":["post-19","page","type-page","status-publish","has-post-thumbnail","hentry"],"_links":{"self":[{"href":"https:\/\/gipi.com\/fr\/wp-json\/wp\/v2\/pages\/19","targetHints":{"allow":["GET"]}}],"collection":[{"href":"https:\/\/gipi.com\/fr\/wp-json\/wp\/v2\/pages"}],"about":[{"href":"https:\/\/gipi.com\/fr\/wp-json\/wp\/v2\/types\/page"}],"author":[{"embeddable":true,"href":"https:\/\/gipi.com\/fr\/wp-json\/wp\/v2\/users\/1"}],"replies":[{"embeddable":true,"href":"https:\/\/gipi.com\/fr\/wp-json\/wp\/v2\/comments?post=19"}],"version-history":[{"count":0,"href":"https:\/\/gipi.com\/fr\/wp-json\/wp\/v2\/pages\/19\/revisions"}],"wp:featuredmedia":[{"embeddable":true,"href":"https:\/\/gipi.com\/fr\/wp-json\/wp\/v2\/media\/685"}],"wp:attachment":[{"href":"https:\/\/gipi.com\/fr\/wp-json\/wp\/v2\/media?parent=19"}],"curies":[{"name":"wp","href":"https:\/\/api.w.org\/{rel}","templated":true}]}}