{"id":530,"date":"2022-05-16T18:42:54","date_gmt":"2022-05-16T18:42:54","guid":{"rendered":"https:\/\/gipi.com\/?page_id=530"},"modified":"2022-10-23T02:31:04","modified_gmt":"2022-10-23T02:31:04","slug":"asphalt-paving","status":"publish","type":"page","link":"https:\/\/gipi.com\/fr\/integrated-infrastructure-solutions\/asphalt-paving\/","title":{"rendered":"Rev\u00eatement en d\u2019enrob\u00e9s bitumineux"},"content":{"rendered":"<div data-elementor-type=\"wp-page\" data-elementor-id=\"530\" class=\"elementor elementor-530\" data-elementor-post-type=\"page\">\n\t\t\t\t\t\t<section class=\"elementor-section elementor-top-section elementor-element elementor-element-3147d08e elementor-section-height-min-height elementor-section-boxed elementor-section-height-default elementor-section-items-middle\" data-id=\"3147d08e\" data-element_type=\"section\" data-e-type=\"section\" data-settings=\"{&quot;background_background&quot;:&quot;classic&quot;}\">\n\t\t\t\t\t\t<div class=\"elementor-container elementor-column-gap-default\">\n\t\t\t\t\t<div class=\"elementor-column elementor-col-100 elementor-top-column elementor-element elementor-element-d8346f5\" data-id=\"d8346f5\" data-element_type=\"column\" data-e-type=\"column\">\n\t\t\t<div class=\"elementor-widget-wrap\">\n\t\t\t\t\t\t\t<\/div>\n\t\t<\/div>\n\t\t\t\t\t<\/div>\n\t\t<\/section>\n\t\t\t\t<section class=\"elementor-section elementor-top-section elementor-element elementor-element-557a6a4b elementor-section-boxed elementor-section-height-default elementor-section-height-default\" data-id=\"557a6a4b\" data-element_type=\"section\" data-e-type=\"section\">\n\t\t\t\t\t\t<div class=\"elementor-container elementor-column-gap-default\">\n\t\t\t\t\t<div class=\"elementor-column elementor-col-100 elementor-top-column elementor-element elementor-element-6155c41d\" data-id=\"6155c41d\" data-element_type=\"column\" data-e-type=\"column\">\n\t\t\t<div class=\"elementor-widget-wrap elementor-element-populated\">\n\t\t\t\t\t\t<div class=\"elementor-element elementor-element-588a419d jet-breadcrumbs-align-mobile-center elementor-widget elementor-widget-jet-breadcrumbs\" data-id=\"588a419d\" data-element_type=\"widget\" data-e-type=\"widget\" data-widget_type=\"jet-breadcrumbs.default\">\n\t\t\t\t<div class=\"elementor-widget-container\">\n\t\t\t\t\t<div class=\"elementor-jet-breadcrumbs jet-blocks\">\n\t\t<div class=\"jet-breadcrumbs\">\n\t\t<div class=\"jet-breadcrumbs__content\">\n\t\t<div class=\"jet-breadcrumbs__wrap\"><div class=\"jet-breadcrumbs__item\"><a href=\"https:\/\/gipi.com\/fr\/\" class=\"jet-breadcrumbs__item-link is-home\" rel=\"home\" title=\"Accueil\">Accueil<\/a><\/div>\n\t\t<\/div>\n\t\t<\/div>\n\t\t<\/div><\/div>\t\t\t\t<\/div>\n\t\t\t\t<\/div>\n\t\t\t\t<div class=\"elementor-element elementor-element-775af842 elementor-widget elementor-widget-heading\" data-id=\"775af842\" data-element_type=\"widget\" data-e-type=\"widget\" data-widget_type=\"heading.default\">\n\t\t\t\t<div class=\"elementor-widget-container\">\n\t\t\t\t\t<h1 class=\"elementor-heading-title elementor-size-default\">Rev\u00eatement en d\u2019enrob\u00e9s bitumineux<\/h1>\t\t\t\t<\/div>\n\t\t\t\t<\/div>\n\t\t\t\t\t<\/div>\n\t\t<\/div>\n\t\t\t\t\t<\/div>\n\t\t<\/section>\n\t\t\t\t<section class=\"elementor-section elementor-top-section elementor-element elementor-element-24f6eff8 elementor-section-boxed elementor-section-height-default elementor-section-height-default\" data-id=\"24f6eff8\" data-element_type=\"section\" data-e-type=\"section\">\n\t\t\t\t\t\t<div class=\"elementor-container elementor-column-gap-default\">\n\t\t\t\t\t<div class=\"elementor-column elementor-col-66 elementor-top-column elementor-element elementor-element-6fba1422\" data-id=\"6fba1422\" data-element_type=\"column\" data-e-type=\"column\">\n\t\t\t<div class=\"elementor-widget-wrap elementor-element-populated\">\n\t\t\t\t\t\t<div class=\"elementor-element elementor-element-2d5c4de elementor-widget elementor-widget-text-editor\" data-id=\"2d5c4de\" data-element_type=\"widget\" data-e-type=\"widget\" data-widget_type=\"text-editor.default\">\n\t\t\t\t<div class=\"elementor-widget-container\">\n\t\t\t\t\t\t\t\t\t<p>L\u2019enrob\u00e9 bitumineux est une solution durable pour la construction de routes et est l\u2019un des mat\u00e9riaux de construction les plus utilis\u00e9s au monde.<\/p><p>GIP est un chef de file de l\u2019industrie des rev\u00eatements en enrob\u00e9s bitumineux, et s\u2019engage pleinement \u00e0 produire des rev\u00eatements de qualit\u00e9 con\u00e7us pour optimiser les performances et r\u00e9pondre aux exigences de tout projet. Nos processus prim\u00e9s et notre personnel hautement qualifi\u00e9 nous permettent de mener \u00e0 bien un large \u00e9ventail de projets de rev\u00eatement, par exemple :<\/p><ul><li>Projets de P3 (partenariat public-priv\u00e9)<\/li><li>Routes municipales<\/li><li>Autoroutes et autoroutes \u00e0 p\u00e9age provinciales<\/li><li>Entrep\u00f4ts industriels, parcs de stationnement et centres de distribution<\/li><li>Am\u00e9nagement de lotissements<\/li><li>Pistes d\u2019a\u00e9roport, aires de trafic et voies de circulation<\/li><li>Pistes de course et circuits de sports motoris\u00e9s<\/li><li>Zones \u00e0 faible circulation (all\u00e9es, pistes d\u2019athl\u00e9tisme, terrains de tennis)<\/li><li>Voies rapides pour autobus (y compris l\u2019option de couleur)<\/li><li>Rev\u00eatements Haute performance et \u00e0 ultra-haute r\u00e9sistance<\/li><li>All\u00e9es et entr\u00e9es commerciales<\/li><\/ul><p>Nous \u00e9laborons des plans de pose de rev\u00eatement sp\u00e9cialis\u00e9s pour nos clients qui privil\u00e9gient la qualit\u00e9 et la s\u00e9curit\u00e9, en \u00e9tablissant des devis, en \u00e9laborant la conception, en \u00e9tablissant l\u2019\u00e9ch\u00e9ancier du projet et en assurant son ex\u00e9cution jusqu\u2019\u00e0 son ach\u00e8vement. Nos \u00e9quipes de conception et de fabrication d\u2019enrob\u00e9s bitumineux peuvent fabriquer des enrob\u00e9s bitumineux dans toutes nos usines en fonction de l\u2019emplacement du projet.<\/p><p>Dans un contexte de sensibilisation accrue en mati\u00e8re de d\u00e9veloppement durable, GIP propose des produits et services techniques qui r\u00e9duisent l\u2019empreinte carbone et les \u00e9missions de gaz \u00e0 effet de serre.<\/p>\t\t\t\t\t\t\t\t<\/div>\n\t\t\t\t<\/div>\n\t\t\t\t\t<\/div>\n\t\t<\/div>\n\t\t\t\t<div class=\"elementor-column elementor-col-33 elementor-top-column elementor-element elementor-element-5a315589 elementor-hidden-mobile\" data-id=\"5a315589\" data-element_type=\"column\" data-e-type=\"column\">\n\t\t\t<div class=\"elementor-widget-wrap elementor-element-populated\">\n\t\t\t\t\t\t<div class=\"elementor-element elementor-element-6f40cfcd elementor-widget elementor-widget-heading\" data-id=\"6f40cfcd\" data-element_type=\"widget\" data-e-type=\"widget\" data-widget_type=\"heading.default\">\n\t\t\t\t<div class=\"elementor-widget-container\">\n\t\t\t\t\t<p class=\"elementor-heading-title elementor-size-default\">Services de construction<\/p>\t\t\t\t<\/div>\n\t\t\t\t<\/div>\n\t\t\t\t<div class=\"elementor-element elementor-element-f44953a elementor-nav-menu--stretch elementor-nav-menu--dropdown-tablet elementor-nav-menu__text-align-aside elementor-widget elementor-widget-global elementor-global-576 elementor-widget-nav-menu\" data-id=\"f44953a\" data-element_type=\"widget\" data-e-type=\"widget\" data-settings=\"{&quot;layout&quot;:&quot;vertical&quot;,&quot;full_width&quot;:&quot;stretch&quot;,&quot;submenu_icon&quot;:{&quot;value&quot;:&quot;fas fa-caret-down&quot;,&quot;library&quot;:&quot;fa-solid&quot;}}\" data-widget_type=\"nav-menu.default\">\n\t\t\t\t<div class=\"elementor-widget-container\">\n\t\t\t\t\t\t\t\t<nav aria-label=\"Menu\" class=\"elementor-nav-menu--main elementor-nav-menu__container elementor-nav-menu--layout-vertical e--pointer-underline e--animation-fade\">\n\t\t\t\t<ul id=\"menu-1-f44953a\" class=\"elementor-nav-menu sm-vertical\"><li class=\"trp-language-switcher-container menu-item menu-item-type-post_type menu-item-object-language_switcher current-language-menu-item menu-item-1245\"><a href=\"https:\/\/gipi.com\/fr\/wp-json\/wp\/v2\/pages\/530\" class=\"elementor-item elementor-item-anchor\"><span data-no-translation><span class=\"trp-ls-language-name\">EN<\/span><\/span><\/a><\/li>\n<\/ul>\t\t\t<\/nav>\n\t\t\t\t\t\t<nav class=\"elementor-nav-menu--dropdown elementor-nav-menu__container\" aria-hidden=\"true\">\n\t\t\t\t<ul id=\"menu-2-f44953a\" class=\"elementor-nav-menu sm-vertical\"><li class=\"trp-language-switcher-container menu-item menu-item-type-post_type menu-item-object-language_switcher current-language-menu-item menu-item-1245\"><a href=\"https:\/\/gipi.com\/fr\/wp-json\/wp\/v2\/pages\/530\" class=\"elementor-item elementor-item-anchor\" tabindex=\"-1\"><span data-no-translation><span class=\"trp-ls-language-name\">EN<\/span><\/span><\/a><\/li>\n<\/ul>\t\t\t<\/nav>\n\t\t\t\t\t\t<\/div>\n\t\t\t\t<\/div>\n\t\t\t\t\t<\/div>\n\t\t<\/div>\n\t\t\t\t\t<\/div>\n\t\t<\/section>\n\t\t\t\t<\/div>","protected":false},"excerpt":{"rendered":"<p>Home Asphalt is a sustainable solution for road building and is one of the world\u2019s most widely used building materials. GIP is an industry leader in asphalt paving, with a solid commitment to producing quality pavements engineered to optimize performance and meet any project\u2019s requirements. Our award-winning processes and highly trained staff allow us to [&hellip;]<\/p>\n","protected":false},"author":1,"featured_media":0,"parent":556,"menu_order":0,"comment_status":"closed","ping_status":"closed","template":"elementor_header_footer","meta":{"footnotes":""},"class_list":["post-530","page","type-page","status-publish","hentry"],"_links":{"self":[{"href":"https:\/\/gipi.com\/fr\/wp-json\/wp\/v2\/pages\/530","targetHints":{"allow":["GET"]}}],"collection":[{"href":"https:\/\/gipi.com\/fr\/wp-json\/wp\/v2\/pages"}],"about":[{"href":"https:\/\/gipi.com\/fr\/wp-json\/wp\/v2\/types\/page"}],"author":[{"embeddable":true,"href":"https:\/\/gipi.com\/fr\/wp-json\/wp\/v2\/users\/1"}],"replies":[{"embeddable":true,"href":"https:\/\/gipi.com\/fr\/wp-json\/wp\/v2\/comments?post=530"}],"version-history":[{"count":0,"href":"https:\/\/gipi.com\/fr\/wp-json\/wp\/v2\/pages\/530\/revisions"}],"up":[{"embeddable":true,"href":"https:\/\/gipi.com\/fr\/wp-json\/wp\/v2\/pages\/556"}],"wp:attachment":[{"href":"https:\/\/gipi.com\/fr\/wp-json\/wp\/v2\/media?parent=530"}],"curies":[{"name":"wp","href":"https:\/\/api.w.org\/{rel}","templated":true}]}}