{"id":531,"date":"2022-05-16T18:43:40","date_gmt":"2022-05-16T18:43:40","guid":{"rendered":"https:\/\/gipi.com\/?page_id=531"},"modified":"2022-10-23T02:28:28","modified_gmt":"2022-10-23T02:28:28","slug":"cold-in-place-recycling","status":"publish","type":"page","link":"https:\/\/gipi.com\/fr\/integrated-infrastructure-solutions\/cold-in-place-recycling\/","title":{"rendered":"Recyclage \u00e0 froid sur place"},"content":{"rendered":"<div data-elementor-type=\"wp-page\" data-elementor-id=\"531\" class=\"elementor elementor-531\" data-elementor-post-type=\"page\">\n\t\t\t\t\t\t<section class=\"elementor-section elementor-top-section elementor-element elementor-element-1c185e71 elementor-section-height-min-height elementor-section-boxed elementor-section-height-default elementor-section-items-middle\" data-id=\"1c185e71\" data-element_type=\"section\" data-e-type=\"section\" data-settings=\"{&quot;background_background&quot;:&quot;classic&quot;}\">\n\t\t\t\t\t\t<div class=\"elementor-container elementor-column-gap-default\">\n\t\t\t\t\t<div class=\"elementor-column elementor-col-100 elementor-top-column elementor-element elementor-element-3e930930\" data-id=\"3e930930\" data-element_type=\"column\" data-e-type=\"column\">\n\t\t\t<div class=\"elementor-widget-wrap\">\n\t\t\t\t\t\t\t<\/div>\n\t\t<\/div>\n\t\t\t\t\t<\/div>\n\t\t<\/section>\n\t\t\t\t<section class=\"elementor-section elementor-top-section elementor-element elementor-element-1b55e086 elementor-section-boxed elementor-section-height-default elementor-section-height-default\" data-id=\"1b55e086\" data-element_type=\"section\" data-e-type=\"section\">\n\t\t\t\t\t\t<div class=\"elementor-container elementor-column-gap-default\">\n\t\t\t\t\t<div class=\"elementor-column elementor-col-100 elementor-top-column elementor-element elementor-element-33f5d4d\" data-id=\"33f5d4d\" data-element_type=\"column\" data-e-type=\"column\">\n\t\t\t<div class=\"elementor-widget-wrap elementor-element-populated\">\n\t\t\t\t\t\t<div class=\"elementor-element elementor-element-59253735 jet-breadcrumbs-align-mobile-center elementor-widget elementor-widget-jet-breadcrumbs\" data-id=\"59253735\" data-element_type=\"widget\" data-e-type=\"widget\" data-widget_type=\"jet-breadcrumbs.default\">\n\t\t\t\t<div class=\"elementor-widget-container\">\n\t\t\t\t\t<div class=\"elementor-jet-breadcrumbs jet-blocks\">\n\t\t<div class=\"jet-breadcrumbs\">\n\t\t<div class=\"jet-breadcrumbs__content\">\n\t\t<div class=\"jet-breadcrumbs__wrap\"><div class=\"jet-breadcrumbs__item\"><a href=\"https:\/\/gipi.com\/fr\/\" class=\"jet-breadcrumbs__item-link is-home\" rel=\"home\" title=\"Accueil\">Accueil<\/a><\/div>\n\t\t<\/div>\n\t\t<\/div>\n\t\t<\/div><\/div>\t\t\t\t<\/div>\n\t\t\t\t<\/div>\n\t\t\t\t<div class=\"elementor-element elementor-element-4f5d8a35 elementor-widget elementor-widget-heading\" data-id=\"4f5d8a35\" data-element_type=\"widget\" data-e-type=\"widget\" data-widget_type=\"heading.default\">\n\t\t\t\t<div class=\"elementor-widget-container\">\n\t\t\t\t\t<h1 class=\"elementor-heading-title elementor-size-default\">Recyclage \u00e0 froid sur place<\/h1>\t\t\t\t<\/div>\n\t\t\t\t<\/div>\n\t\t\t\t\t<\/div>\n\t\t<\/div>\n\t\t\t\t\t<\/div>\n\t\t<\/section>\n\t\t\t\t<section class=\"elementor-section elementor-top-section elementor-element elementor-element-6a89a194 elementor-section-boxed elementor-section-height-default elementor-section-height-default\" data-id=\"6a89a194\" data-element_type=\"section\" data-e-type=\"section\">\n\t\t\t\t\t\t<div class=\"elementor-container elementor-column-gap-default\">\n\t\t\t\t\t<div class=\"elementor-column elementor-col-66 elementor-top-column elementor-element elementor-element-686f8429\" data-id=\"686f8429\" data-element_type=\"column\" data-e-type=\"column\">\n\t\t\t<div class=\"elementor-widget-wrap elementor-element-populated\">\n\t\t\t\t\t\t<div class=\"elementor-element elementor-element-e7cf042 elementor-widget elementor-widget-text-editor\" data-id=\"e7cf042\" data-element_type=\"widget\" data-e-type=\"widget\" data-widget_type=\"text-editor.default\">\n\t\t\t\t<div class=\"elementor-widget-container\">\n\t\t\t\t\t\t\t\t\t<p>Le granulat bitumineux recycl\u00e9 (GBR) est l\u2019un des mat\u00e9riaux les plus r\u00e9utilis\u00e9s au monde \u2013 pr\u00e8s de 80 % de l\u2019asphalte est r\u00e9utilis\u00e9 dans d\u2019autres produits, rev\u00eatements ou proc\u00e9d\u00e9s. GIP assure le recyclage \u00e0 froid sur place, une option \u00e9cologiquement durable qui permet de r\u00e9utiliser jusqu\u2019\u00e0 100 % de lenrob\u00e9 bitumineux ou des mat\u00e9riaux granulaires existants pour produire de nouvelles structures de chauss\u00e9e.<\/p><p>La plupart des techniques sont r\u00e9alis\u00e9es \u00ab sur place \u00bb, en traitant les mat\u00e9riaux directement sur le chantier et en pla\u00e7ant une nouvelle couche de base compact\u00e9e derri\u00e8re, en une seule op\u00e9ration. Du bitume \u00e9mulsifi\u00e9 ou mouss\u00e9 peut \u00eatre ajout\u00e9 pour augmenter la r\u00e9sistance, de m\u00eame que l\u2019ajout de chaux hydrat\u00e9e ou de ciment portland. GIP est heureuse de proposer les diff\u00e9rentes formes suivantes de services de recyclage \u00e0 froid :<\/p><ul><li><strong>Pulv\u00e9risation : un processus qui se fait sur place pour pulv\u00e9riser le rev\u00eatement existant, le m\u00e9langer avec le mat\u00e9riau granulaire existant, puis le compacter pour former une nouvelle couche de base.<\/strong> An in-place process to pulverize recycling existing pavement, and mixing with existing granular material and compacting into a new road-base<\/li><li><strong>Recyclage \u00e0 froid sur place : recyclage du rev\u00eatement d\u2019enrob\u00e9 bitumineux existant sur place et m\u00e9lange avec une \u00e9mulsion de bitume, suivi de la pose d\u2019enrob\u00e9 bitumineux et du compactage du mat\u00e9riau en une seule op\u00e9ration.<\/strong> Recycling existing asphalt pavement in-place and mixing with an asphalt emulsion, followed by paving and compacting material in single process.<\/li><li><strong>Recyclage \u00e0 froid sur place avec du bitume expans\u00e9 : recyclage sur place du rev\u00eatement d\u2019enrob\u00e9 bitumineux existant et m\u00e9lange de celui-ci avec un bitume expans\u00e9, suivi de la pose et du compactage du mat\u00e9riau en une seule op\u00e9ration.<\/strong> Recycling existing asphalt pavement in-place and mixing with an expanded asphalt, followed by paving and compacting material in a single process<\/li><li><strong>Retraitement en place des chauss\u00e9es : un proc\u00e9d\u00e9 ex\u00e9cut\u00e9 sur place qui consiste \u00e0 pulv\u00e9riser le rev\u00eatement existant, \u00e0 le m\u00e9langer avec le mat\u00e9riau granulaire existant, \u00e0 y ajouter une \u00e9mulsion de bitume ou un produit de bitume expans\u00e9, puis \u00e0 le compacter pour former une nouvelle couche de base.<\/strong> An in-place process to pulverize recycling existing pavement, mixing with existing granular material, adding an asphalt emulsion or an expanded asphalt product, and compacting into a new road-base<\/li><li><strong>M\u00e9lange recycl\u00e9 \u00e0 froid (certains emplacements seulement) : Les granulats Bitumineux Recycl\u00e9s (GBR) enti\u00e8rement r\u00e9cup\u00e9r\u00e9s sont m\u00e9lang\u00e9s \u00e0 une \u00e9mulsion de bitume hors site, puis le m\u00e9lange est transport\u00e9 sur le site du projet o\u00f9 il est appliqu\u00e9 comme rev\u00eatement. <\/strong>100% RAP is mixed with an asphalt emulsion off-site, and then transported to the project and paved.<\/li><\/ul><p>Nous sommes fiers de notre capacit\u00e9 \u00e0 fournir un produit de qualit\u00e9 qui r\u00e9pond \u00e0 toutes les exigences d\u2019un projet. Notre service de recherche et d\u00e9veloppement travaille sans rel\u00e2che au d\u00e9veloppement de nouveaux produits ax\u00e9s sur l\u2019optimisation des performances, de la r\u00e9sistance, des co\u00fbts et de la durabilit\u00e9.<\/p>\t\t\t\t\t\t\t\t<\/div>\n\t\t\t\t<\/div>\n\t\t\t\t\t<\/div>\n\t\t<\/div>\n\t\t\t\t<div class=\"elementor-column elementor-col-33 elementor-top-column elementor-element elementor-element-6a430021 elementor-hidden-mobile\" data-id=\"6a430021\" data-element_type=\"column\" data-e-type=\"column\">\n\t\t\t<div class=\"elementor-widget-wrap elementor-element-populated\">\n\t\t\t\t\t\t<div class=\"elementor-element elementor-element-5922590e elementor-widget elementor-widget-heading\" data-id=\"5922590e\" data-element_type=\"widget\" data-e-type=\"widget\" data-widget_type=\"heading.default\">\n\t\t\t\t<div class=\"elementor-widget-container\">\n\t\t\t\t\t<p class=\"elementor-heading-title elementor-size-default\">Services de construction<\/p>\t\t\t\t<\/div>\n\t\t\t\t<\/div>\n\t\t\t\t<div class=\"elementor-element elementor-element-fc32e44 elementor-nav-menu--stretch elementor-nav-menu--dropdown-tablet elementor-nav-menu__text-align-aside elementor-widget elementor-widget-global elementor-global-576 elementor-widget-nav-menu\" data-id=\"fc32e44\" data-element_type=\"widget\" data-e-type=\"widget\" data-settings=\"{&quot;layout&quot;:&quot;vertical&quot;,&quot;full_width&quot;:&quot;stretch&quot;,&quot;submenu_icon&quot;:{&quot;value&quot;:&quot;fas fa-caret-down&quot;,&quot;library&quot;:&quot;fa-solid&quot;}}\" data-widget_type=\"nav-menu.default\">\n\t\t\t\t<div class=\"elementor-widget-container\">\n\t\t\t\t\t\t\t\t<nav aria-label=\"Menu\" class=\"elementor-nav-menu--main elementor-nav-menu__container elementor-nav-menu--layout-vertical e--pointer-underline e--animation-fade\">\n\t\t\t\t<ul id=\"menu-1-fc32e44\" class=\"elementor-nav-menu sm-vertical\"><li class=\"trp-language-switcher-container menu-item menu-item-type-post_type menu-item-object-language_switcher current-language-menu-item menu-item-1245\"><a href=\"https:\/\/gipi.com\/fr\/wp-json\/wp\/v2\/pages\/531\" class=\"elementor-item elementor-item-anchor\"><span data-no-translation><span class=\"trp-ls-language-name\">EN<\/span><\/span><\/a><\/li>\n<\/ul>\t\t\t<\/nav>\n\t\t\t\t\t\t<nav class=\"elementor-nav-menu--dropdown elementor-nav-menu__container\" aria-hidden=\"true\">\n\t\t\t\t<ul id=\"menu-2-fc32e44\" class=\"elementor-nav-menu sm-vertical\"><li class=\"trp-language-switcher-container menu-item menu-item-type-post_type menu-item-object-language_switcher current-language-menu-item menu-item-1245\"><a href=\"https:\/\/gipi.com\/fr\/wp-json\/wp\/v2\/pages\/531\" class=\"elementor-item elementor-item-anchor\" tabindex=\"-1\"><span data-no-translation><span class=\"trp-ls-language-name\">EN<\/span><\/span><\/a><\/li>\n<\/ul>\t\t\t<\/nav>\n\t\t\t\t\t\t<\/div>\n\t\t\t\t<\/div>\n\t\t\t\t\t<\/div>\n\t\t<\/div>\n\t\t\t\t\t<\/div>\n\t\t<\/section>\n\t\t\t\t<\/div>","protected":false},"excerpt":{"rendered":"<p>Home Asphalt is one of the most recycled materials in the world\u2014up to 80% of all asphalt is reused in other products, pavements, or processes. GIP provides Cold-in-Place Recycling, an environmentally sustainable option allowing for the reuse of up to 100% of existing asphalt or granular materials to produce new pavement structures. Most techniques are [&hellip;]<\/p>\n","protected":false},"author":1,"featured_media":0,"parent":556,"menu_order":0,"comment_status":"closed","ping_status":"closed","template":"","meta":{"footnotes":""},"class_list":["post-531","page","type-page","status-publish","hentry"],"_links":{"self":[{"href":"https:\/\/gipi.com\/fr\/wp-json\/wp\/v2\/pages\/531","targetHints":{"allow":["GET"]}}],"collection":[{"href":"https:\/\/gipi.com\/fr\/wp-json\/wp\/v2\/pages"}],"about":[{"href":"https:\/\/gipi.com\/fr\/wp-json\/wp\/v2\/types\/page"}],"author":[{"embeddable":true,"href":"https:\/\/gipi.com\/fr\/wp-json\/wp\/v2\/users\/1"}],"replies":[{"embeddable":true,"href":"https:\/\/gipi.com\/fr\/wp-json\/wp\/v2\/comments?post=531"}],"version-history":[{"count":0,"href":"https:\/\/gipi.com\/fr\/wp-json\/wp\/v2\/pages\/531\/revisions"}],"up":[{"embeddable":true,"href":"https:\/\/gipi.com\/fr\/wp-json\/wp\/v2\/pages\/556"}],"wp:attachment":[{"href":"https:\/\/gipi.com\/fr\/wp-json\/wp\/v2\/media?parent=531"}],"curies":[{"name":"wp","href":"https:\/\/api.w.org\/{rel}","templated":true}]}}