{"id":532,"date":"2022-05-16T18:43:59","date_gmt":"2022-05-16T18:43:59","guid":{"rendered":"https:\/\/gipi.com\/?page_id=532"},"modified":"2022-10-23T02:25:15","modified_gmt":"2022-10-23T02:25:15","slug":"concrete-paving","status":"publish","type":"page","link":"https:\/\/gipi.com\/fr\/integrated-infrastructure-solutions\/concrete-paving\/","title":{"rendered":"Rev\u00eatement en b\u00e9ton"},"content":{"rendered":"<div data-elementor-type=\"wp-page\" data-elementor-id=\"532\" class=\"elementor elementor-532\" data-elementor-post-type=\"page\">\n\t\t\t\t\t\t<section class=\"elementor-section elementor-top-section elementor-element elementor-element-24574be9 elementor-section-height-min-height elementor-section-boxed elementor-section-height-default elementor-section-items-middle\" data-id=\"24574be9\" data-element_type=\"section\" data-e-type=\"section\" data-settings=\"{&quot;background_background&quot;:&quot;classic&quot;}\">\n\t\t\t\t\t\t<div class=\"elementor-container elementor-column-gap-default\">\n\t\t\t\t\t<div class=\"elementor-column elementor-col-100 elementor-top-column elementor-element elementor-element-1d0be9bf\" data-id=\"1d0be9bf\" data-element_type=\"column\" data-e-type=\"column\">\n\t\t\t<div class=\"elementor-widget-wrap\">\n\t\t\t\t\t\t\t<\/div>\n\t\t<\/div>\n\t\t\t\t\t<\/div>\n\t\t<\/section>\n\t\t\t\t<section class=\"elementor-section elementor-top-section elementor-element elementor-element-1756e923 elementor-section-boxed elementor-section-height-default elementor-section-height-default\" data-id=\"1756e923\" data-element_type=\"section\" data-e-type=\"section\">\n\t\t\t\t\t\t<div class=\"elementor-container elementor-column-gap-default\">\n\t\t\t\t\t<div class=\"elementor-column elementor-col-100 elementor-top-column elementor-element elementor-element-66fe967\" data-id=\"66fe967\" data-element_type=\"column\" data-e-type=\"column\">\n\t\t\t<div class=\"elementor-widget-wrap elementor-element-populated\">\n\t\t\t\t\t\t<div class=\"elementor-element elementor-element-3c80f26d jet-breadcrumbs-align-mobile-center elementor-widget elementor-widget-jet-breadcrumbs\" data-id=\"3c80f26d\" data-element_type=\"widget\" data-e-type=\"widget\" data-widget_type=\"jet-breadcrumbs.default\">\n\t\t\t\t<div class=\"elementor-widget-container\">\n\t\t\t\t\t<div class=\"elementor-jet-breadcrumbs jet-blocks\">\n\t\t<div class=\"jet-breadcrumbs\">\n\t\t<div class=\"jet-breadcrumbs__content\">\n\t\t<div class=\"jet-breadcrumbs__wrap\"><div class=\"jet-breadcrumbs__item\"><a href=\"https:\/\/gipi.com\/fr\/\" class=\"jet-breadcrumbs__item-link is-home\" rel=\"home\" title=\"Accueil\">Accueil<\/a><\/div>\n\t\t<\/div>\n\t\t<\/div>\n\t\t<\/div><\/div>\t\t\t\t<\/div>\n\t\t\t\t<\/div>\n\t\t\t\t<div class=\"elementor-element elementor-element-462ca3b elementor-widget elementor-widget-heading\" data-id=\"462ca3b\" data-element_type=\"widget\" data-e-type=\"widget\" data-widget_type=\"heading.default\">\n\t\t\t\t<div class=\"elementor-widget-container\">\n\t\t\t\t\t<h1 class=\"elementor-heading-title elementor-size-default\">Rev\u00eatement en b\u00e9ton<\/h1>\t\t\t\t<\/div>\n\t\t\t\t<\/div>\n\t\t\t\t\t<\/div>\n\t\t<\/div>\n\t\t\t\t\t<\/div>\n\t\t<\/section>\n\t\t\t\t<section class=\"elementor-section elementor-top-section elementor-element elementor-element-418a6708 elementor-section-boxed elementor-section-height-default elementor-section-height-default\" data-id=\"418a6708\" data-element_type=\"section\" data-e-type=\"section\">\n\t\t\t\t\t\t<div class=\"elementor-container elementor-column-gap-default\">\n\t\t\t\t\t<div class=\"elementor-column elementor-col-66 elementor-top-column elementor-element elementor-element-123733ea\" data-id=\"123733ea\" data-element_type=\"column\" data-e-type=\"column\">\n\t\t\t<div class=\"elementor-widget-wrap elementor-element-populated\">\n\t\t\t\t\t\t<div class=\"elementor-element elementor-element-89a047f elementor-widget elementor-widget-text-editor\" data-id=\"89a047f\" data-element_type=\"widget\" data-e-type=\"widget\" data-widget_type=\"text-editor.default\">\n\t\t\t\t<div class=\"elementor-widget-container\">\n\t\t\t\t\t\t\t\t\t<p>Nos services de rev\u00eatement et de production de b\u00e9ton comprennent le b\u00e9ton pour les routes municipales, les autoroutes et les infrastructures a\u00e9roportuaires. En outre, nous avons la capacit\u00e9 de r\u00e9aliser des trottoirs, des bordures, des caniveaux et des parois en b\u00e9ton, de m\u00eame que des rev\u00eatements en b\u00e9ton avec bordures int\u00e9grales.\u00a0<\/p><p>Notre flotte d\u2019\u00e9quipement comprend deux centrales \u00e0 b\u00e9ton portables, deux trains de pose de rev\u00eatement complets capables de poser des rev\u00eatements en b\u00e9ton de diff\u00e9rentes largeurs et \u00e9paisseurs, et des b\u00e9tonni\u00e8res. L\u2019utilisation d\u2019une centrale \u00e0 b\u00e9ton portable maximise l\u2019efficacit\u00e9 de la production en r\u00e9duisant le temps de transport et les temps d\u2019arr\u00eat potentiels sur le site.\u00a0<\/p><p>Nous poss\u00e9dons des d\u00e9cennies d\u2019exp\u00e9rience en mati\u00e8re de b\u00e9ton dans l\u2019ex\u00e9cution de travail de qualit\u00e9 pour diverses autorit\u00e9s sur des projets de diff\u00e9rentes envergures et aux complexit\u00e9s variables. Notre \u00e9quipe exp\u00e9riment\u00e9e fournira les services qui r\u00e9pondent le mieux \u00e0 vos besoins, de mani\u00e8re rapide et rentable, en respectant les \u00e9ch\u00e9anciers, m\u00eame les plus serr\u00e9s.<\/p>\t\t\t\t\t\t\t\t<\/div>\n\t\t\t\t<\/div>\n\t\t\t\t\t<\/div>\n\t\t<\/div>\n\t\t\t\t<div class=\"elementor-column elementor-col-33 elementor-top-column elementor-element elementor-element-571af61a elementor-hidden-mobile\" data-id=\"571af61a\" data-element_type=\"column\" data-e-type=\"column\">\n\t\t\t<div class=\"elementor-widget-wrap elementor-element-populated\">\n\t\t\t\t\t\t<div class=\"elementor-element elementor-element-5e75d6c9 elementor-widget elementor-widget-heading\" data-id=\"5e75d6c9\" data-element_type=\"widget\" data-e-type=\"widget\" data-widget_type=\"heading.default\">\n\t\t\t\t<div class=\"elementor-widget-container\">\n\t\t\t\t\t<p class=\"elementor-heading-title elementor-size-default\">Services de construction<\/p>\t\t\t\t<\/div>\n\t\t\t\t<\/div>\n\t\t\t\t<div class=\"elementor-element elementor-element-677b2bfb elementor-nav-menu--stretch elementor-nav-menu--dropdown-tablet elementor-nav-menu__text-align-aside elementor-widget elementor-widget-global elementor-global-576 elementor-widget-nav-menu\" data-id=\"677b2bfb\" data-element_type=\"widget\" data-e-type=\"widget\" data-settings=\"{&quot;layout&quot;:&quot;vertical&quot;,&quot;full_width&quot;:&quot;stretch&quot;,&quot;submenu_icon&quot;:{&quot;value&quot;:&quot;fas fa-caret-down&quot;,&quot;library&quot;:&quot;fa-solid&quot;}}\" data-widget_type=\"nav-menu.default\">\n\t\t\t\t<div class=\"elementor-widget-container\">\n\t\t\t\t\t\t\t\t<nav aria-label=\"Menu\" class=\"elementor-nav-menu--main elementor-nav-menu__container elementor-nav-menu--layout-vertical e--pointer-underline e--animation-fade\">\n\t\t\t\t<ul id=\"menu-1-677b2bfb\" class=\"elementor-nav-menu sm-vertical\"><li class=\"trp-language-switcher-container menu-item menu-item-type-post_type menu-item-object-language_switcher current-language-menu-item menu-item-1245\"><a href=\"https:\/\/gipi.com\/fr\/wp-json\/wp\/v2\/pages\/532\" class=\"elementor-item elementor-item-anchor\"><span data-no-translation><span class=\"trp-ls-language-name\">EN<\/span><\/span><\/a><\/li>\n<\/ul>\t\t\t<\/nav>\n\t\t\t\t\t\t<nav class=\"elementor-nav-menu--dropdown elementor-nav-menu__container\" aria-hidden=\"true\">\n\t\t\t\t<ul id=\"menu-2-677b2bfb\" class=\"elementor-nav-menu sm-vertical\"><li class=\"trp-language-switcher-container menu-item menu-item-type-post_type menu-item-object-language_switcher current-language-menu-item menu-item-1245\"><a href=\"https:\/\/gipi.com\/fr\/wp-json\/wp\/v2\/pages\/532\" class=\"elementor-item elementor-item-anchor\" tabindex=\"-1\"><span data-no-translation><span class=\"trp-ls-language-name\">EN<\/span><\/span><\/a><\/li>\n<\/ul>\t\t\t<\/nav>\n\t\t\t\t\t\t<\/div>\n\t\t\t\t<\/div>\n\t\t\t\t\t<\/div>\n\t\t<\/div>\n\t\t\t\t\t<\/div>\n\t\t<\/section>\n\t\t\t\t<\/div>","protected":false},"excerpt":{"rendered":"<p>Home Our concrete paving and production services include concrete for municipal roads, highways, and airport infrastructure.\u00a0 In addition, we have the capabilities to complete concrete sidewalks, curb and gutter, barrier wall, tall wall barrier, and concrete pavement with integral curbs.\u00a0 Our fleet of equipment includes two portable concrete batch plants, two complete paving trains with [&hellip;]<\/p>\n","protected":false},"author":1,"featured_media":0,"parent":556,"menu_order":0,"comment_status":"closed","ping_status":"closed","template":"","meta":{"footnotes":""},"class_list":["post-532","page","type-page","status-publish","hentry"],"_links":{"self":[{"href":"https:\/\/gipi.com\/fr\/wp-json\/wp\/v2\/pages\/532","targetHints":{"allow":["GET"]}}],"collection":[{"href":"https:\/\/gipi.com\/fr\/wp-json\/wp\/v2\/pages"}],"about":[{"href":"https:\/\/gipi.com\/fr\/wp-json\/wp\/v2\/types\/page"}],"author":[{"embeddable":true,"href":"https:\/\/gipi.com\/fr\/wp-json\/wp\/v2\/users\/1"}],"replies":[{"embeddable":true,"href":"https:\/\/gipi.com\/fr\/wp-json\/wp\/v2\/comments?post=532"}],"version-history":[{"count":0,"href":"https:\/\/gipi.com\/fr\/wp-json\/wp\/v2\/pages\/532\/revisions"}],"up":[{"embeddable":true,"href":"https:\/\/gipi.com\/fr\/wp-json\/wp\/v2\/pages\/556"}],"wp:attachment":[{"href":"https:\/\/gipi.com\/fr\/wp-json\/wp\/v2\/media?parent=532"}],"curies":[{"name":"wp","href":"https:\/\/api.w.org\/{rel}","templated":true}]}}