{"id":537,"date":"2022-05-16T18:46:22","date_gmt":"2022-05-16T18:46:22","guid":{"rendered":"https:\/\/gipi.com\/?page_id=537"},"modified":"2022-10-24T14:52:29","modified_gmt":"2022-10-24T14:52:29","slug":"remediation","status":"publish","type":"page","link":"https:\/\/gipi.com\/fr\/integrated-infrastructure-solutions\/remediation\/","title":{"rendered":"Assainissement"},"content":{"rendered":"<div data-elementor-type=\"wp-page\" data-elementor-id=\"537\" class=\"elementor elementor-537\" data-elementor-post-type=\"page\">\n\t\t\t\t\t\t<section class=\"elementor-section elementor-top-section elementor-element elementor-element-458303f elementor-section-height-min-height elementor-section-boxed elementor-section-height-default elementor-section-items-middle\" data-id=\"458303f\" data-element_type=\"section\" data-e-type=\"section\" data-settings=\"{&quot;background_background&quot;:&quot;classic&quot;}\">\n\t\t\t\t\t\t<div class=\"elementor-container elementor-column-gap-default\">\n\t\t\t\t\t<div class=\"elementor-column elementor-col-100 elementor-top-column elementor-element elementor-element-a37b84c\" data-id=\"a37b84c\" data-element_type=\"column\" data-e-type=\"column\">\n\t\t\t<div class=\"elementor-widget-wrap\">\n\t\t\t\t\t\t\t<\/div>\n\t\t<\/div>\n\t\t\t\t\t<\/div>\n\t\t<\/section>\n\t\t\t\t<section class=\"elementor-section elementor-top-section elementor-element elementor-element-79d6033 elementor-section-boxed elementor-section-height-default elementor-section-height-default\" data-id=\"79d6033\" data-element_type=\"section\" data-e-type=\"section\">\n\t\t\t\t\t\t<div class=\"elementor-container elementor-column-gap-default\">\n\t\t\t\t\t<div class=\"elementor-column elementor-col-100 elementor-top-column elementor-element elementor-element-3c0debc\" data-id=\"3c0debc\" data-element_type=\"column\" data-e-type=\"column\">\n\t\t\t<div class=\"elementor-widget-wrap elementor-element-populated\">\n\t\t\t\t\t\t<div class=\"elementor-element elementor-element-49cde43 jet-breadcrumbs-align-mobile-center elementor-widget elementor-widget-jet-breadcrumbs\" data-id=\"49cde43\" data-element_type=\"widget\" data-e-type=\"widget\" data-widget_type=\"jet-breadcrumbs.default\">\n\t\t\t\t<div class=\"elementor-widget-container\">\n\t\t\t\t\t<div class=\"elementor-jet-breadcrumbs jet-blocks\">\n\t\t<div class=\"jet-breadcrumbs\">\n\t\t<div class=\"jet-breadcrumbs__content\">\n\t\t<div class=\"jet-breadcrumbs__wrap\"><div class=\"jet-breadcrumbs__item\"><a href=\"https:\/\/gipi.com\/fr\/\" class=\"jet-breadcrumbs__item-link is-home\" rel=\"home\" title=\"Accueil\">Accueil<\/a><\/div>\n\t\t<\/div>\n\t\t<\/div>\n\t\t<\/div><\/div>\t\t\t\t<\/div>\n\t\t\t\t<\/div>\n\t\t\t\t<div class=\"elementor-element elementor-element-0521d9c elementor-widget elementor-widget-heading\" data-id=\"0521d9c\" data-element_type=\"widget\" data-e-type=\"widget\" data-widget_type=\"heading.default\">\n\t\t\t\t<div class=\"elementor-widget-container\">\n\t\t\t\t\t<h1 class=\"elementor-heading-title elementor-size-default\">Assainissement<\/h1>\t\t\t\t<\/div>\n\t\t\t\t<\/div>\n\t\t\t\t<section class=\"elementor-section elementor-inner-section elementor-element elementor-element-5c36555 elementor-section-boxed elementor-section-height-default elementor-section-height-default\" data-id=\"5c36555\" data-element_type=\"section\" data-e-type=\"section\">\n\t\t\t\t\t\t<div class=\"elementor-container elementor-column-gap-default\">\n\t\t\t\t\t<div class=\"elementor-column elementor-col-50 elementor-inner-column elementor-element elementor-element-a950e74\" data-id=\"a950e74\" data-element_type=\"column\" data-e-type=\"column\">\n\t\t\t<div class=\"elementor-widget-wrap elementor-element-populated\">\n\t\t\t\t\t\t<div class=\"elementor-element elementor-element-2e7ece8 elementor-widget elementor-widget-text-editor\" data-id=\"2e7ece8\" data-element_type=\"widget\" data-e-type=\"widget\" data-widget_type=\"text-editor.default\">\n\t\t\t\t<div class=\"elementor-widget-container\">\n\t\t\t\t\t\t\t\t\t<p>La division de l\u2019assainissement de GIP a r\u00e9alis\u00e9 plus de 3700 projets visant \u00e0 \u00e9liminer une grande vari\u00e9t\u00e9 de contaminants pr\u00e9sents dans l\u2019environnement naturel, notamment dans le sol, le substrat rocheux, les eaux souterraines, les eaux de surface et les vapeurs du sol. \u00c9tant l\u2019un des entrepreneurs les plus exp\u00e9riment\u00e9s en mati\u00e8re d\u2019assainissement de l\u2019environnement au Canada, la division de l\u2019assainissement de GIP a acquis une exp\u00e9rience consid\u00e9rable dans la prestation d\u2019un large \u00e9ventail de services, notamment :<\/p><ul><li>Parois environnementales<\/li><li>Barri\u00e8res perm\u00e9ables r\u00e9actives (BPR)<\/li><li>Excavation en vrac, puis transport et \u00e9limination ou traitement sur place des sols contamin\u00e9s<\/li><li>Ass\u00e8chement et traitement des eaux souterraines<\/li><li>Construction et entretien d\u2019installations de gestion des eaux pluviales<\/li><li>R\u00e9habilitation de ruisseaux<\/li><li>Forage environnemental et g\u00e9otechnique<\/li><li>D\u00e9classement et d\u00e9molition d\u2019installations<\/li><li>Retrait de r\u00e9servoirs de stockage (ex. : r\u00e9servoirs souterrains et hors sol)<\/li><li>R\u00e9duction des mati\u00e8res dangereuses<\/li><li>Assainissement in situ (ex. : oxydation chimique in situ, r\u00e9duction chimique in situ et biorem\u00e9diation)<\/li><li>Assainissement ex-situ (ex. : solidification\/stabilisation, tri des d\u00e9chets, volatilisation m\u00e9canique et biopiles)<\/li><li>Att\u00e9nuation de l\u2019intrusion de vapeur (ex. : syst\u00e8mes de d\u00e9pressurisation sous la dalle et membranes anti-intrusion de vapeur)<\/li><li>Gestion des d\u00e9chets<\/li><\/ul><p>Nos \u00e9quipes sp\u00e9cialis\u00e9es dans l\u2019estimation, la gestion de projet et les op\u00e9rations ont ex\u00e9cut\u00e9 en toute s\u00e9curit\u00e9 certains des projets d\u2019assainissement les plus complexes au Canada. Nous sommes impatients d\u2019aider nos clients tout au long du cycle de vie de leur projet, de la planification \u00e0 l\u2019ex\u00e9cution.<\/p>\t\t\t\t\t\t\t\t<\/div>\n\t\t\t\t<\/div>\n\t\t\t\t\t<\/div>\n\t\t<\/div>\n\t\t\t\t<div class=\"elementor-column elementor-col-50 elementor-inner-column elementor-element elementor-element-fbebee1\" data-id=\"fbebee1\" data-element_type=\"column\" data-e-type=\"column\">\n\t\t\t<div class=\"elementor-widget-wrap elementor-element-populated\">\n\t\t\t\t\t\t<div class=\"elementor-element elementor-element-bf841b6 elementor-widget elementor-widget-heading\" data-id=\"bf841b6\" data-element_type=\"widget\" data-e-type=\"widget\" data-widget_type=\"heading.default\">\n\t\t\t\t<div class=\"elementor-widget-container\">\n\t\t\t\t\t<h2 class=\"elementor-heading-title elementor-size-default\">Services<\/h2>\t\t\t\t<\/div>\n\t\t\t\t<\/div>\n\t\t\t\t<div class=\"elementor-element elementor-element-b070cbb elementor-nav-menu--dropdown-none elementor-widget elementor-widget-nav-menu\" data-id=\"b070cbb\" data-element_type=\"widget\" data-e-type=\"widget\" data-settings=\"{&quot;layout&quot;:&quot;vertical&quot;,&quot;submenu_icon&quot;:{&quot;value&quot;:&quot;&lt;i class=\\&quot;fas fa-caret-down\\&quot; aria-hidden=\\&quot;true\\&quot;&gt;&lt;\\\/i&gt;&quot;,&quot;library&quot;:&quot;fa-solid&quot;}}\" data-widget_type=\"nav-menu.default\">\n\t\t\t\t<div class=\"elementor-widget-container\">\n\t\t\t\t\t\t\t\t<nav aria-label=\"Menu\" class=\"elementor-nav-menu--main elementor-nav-menu__container elementor-nav-menu--layout-vertical e--pointer-underline e--animation-fade\">\n\t\t\t\t<ul id=\"menu-1-b070cbb\" class=\"elementor-nav-menu sm-vertical\"><li class=\"menu-item menu-item-type-post_type menu-item-object-page menu-item-1150\"><a href=\"https:\/\/gipi.com\/fr\/specialty-infrastructure-solutions\/demolition\/\" class=\"elementor-item\">D\u00e9molition<\/a><\/li>\n<li class=\"menu-item menu-item-type-post_type menu-item-object-page menu-item-1153\"><a href=\"https:\/\/gipi.com\/fr\/integrated-infrastructure-solutions\/excavation\/\" class=\"elementor-item\">Excavating<\/a><\/li>\n<li class=\"menu-item menu-item-type-post_type menu-item-object-page menu-item-1152\"><a href=\"https:\/\/gipi.com\/fr\/integrated-infrastructure-solutions\/remediation\/\" class=\"elementor-item\">Assainissement<\/a><\/li>\n<li class=\"menu-item menu-item-type-post_type menu-item-object-page menu-item-1151\"><a href=\"https:\/\/gipi.com\/fr\/integrated-infrastructure-solutions\/shoring-and-foundations\/\" class=\"elementor-item\">\u00c9tayage et fondations<\/a><\/li>\n<li class=\"menu-item menu-item-type-post_type menu-item-object-page menu-item-1149\"><a href=\"https:\/\/gipi.com\/fr\/integrated-infrastructure-solutions\/structural-steel\/\" class=\"elementor-item\">Acier de construction<\/a><\/li>\n<\/ul>\t\t\t<\/nav>\n\t\t\t\t\t\t<nav class=\"elementor-nav-menu--dropdown elementor-nav-menu__container\" aria-hidden=\"true\">\n\t\t\t\t<ul id=\"menu-2-b070cbb\" class=\"elementor-nav-menu sm-vertical\"><li class=\"menu-item menu-item-type-post_type menu-item-object-page menu-item-1150\"><a href=\"https:\/\/gipi.com\/fr\/specialty-infrastructure-solutions\/demolition\/\" class=\"elementor-item\" tabindex=\"-1\">D\u00e9molition<\/a><\/li>\n<li class=\"menu-item menu-item-type-post_type menu-item-object-page menu-item-1153\"><a href=\"https:\/\/gipi.com\/fr\/integrated-infrastructure-solutions\/excavation\/\" class=\"elementor-item\" tabindex=\"-1\">Excavating<\/a><\/li>\n<li class=\"menu-item menu-item-type-post_type menu-item-object-page menu-item-1152\"><a href=\"https:\/\/gipi.com\/fr\/integrated-infrastructure-solutions\/remediation\/\" class=\"elementor-item\" tabindex=\"-1\">Assainissement<\/a><\/li>\n<li class=\"menu-item menu-item-type-post_type menu-item-object-page menu-item-1151\"><a href=\"https:\/\/gipi.com\/fr\/integrated-infrastructure-solutions\/shoring-and-foundations\/\" class=\"elementor-item\" tabindex=\"-1\">\u00c9tayage et fondations<\/a><\/li>\n<li class=\"menu-item menu-item-type-post_type menu-item-object-page menu-item-1149\"><a href=\"https:\/\/gipi.com\/fr\/integrated-infrastructure-solutions\/structural-steel\/\" class=\"elementor-item\" tabindex=\"-1\">Acier de construction<\/a><\/li>\n<\/ul>\t\t\t<\/nav>\n\t\t\t\t\t\t<\/div>\n\t\t\t\t<\/div>\n\t\t\t\t\t<\/div>\n\t\t<\/div>\n\t\t\t\t\t<\/div>\n\t\t<\/section>\n\t\t\t\t\t<\/div>\n\t\t<\/div>\n\t\t\t\t\t<\/div>\n\t\t<\/section>\n\t\t\t\t<\/div>","protected":false},"excerpt":{"rendered":"<p>Home Remediation GIP\u2019s Remediation Division has completed more than 3,700 projects to address a wide variety of contaminants in the natural environment, including in soil, bedrock, groundwater, surface water, and soil vapour. \u00a0As one of Canada\u2019s most experienced environmental remediation contractors, GIP\u2019s Remediation Division has gained significant experience across a spectrum of services, including: Environmental [&hellip;]<\/p>\n","protected":false},"author":1,"featured_media":0,"parent":556,"menu_order":0,"comment_status":"closed","ping_status":"closed","template":"","meta":{"footnotes":""},"class_list":["post-537","page","type-page","status-publish","hentry"],"_links":{"self":[{"href":"https:\/\/gipi.com\/fr\/wp-json\/wp\/v2\/pages\/537","targetHints":{"allow":["GET"]}}],"collection":[{"href":"https:\/\/gipi.com\/fr\/wp-json\/wp\/v2\/pages"}],"about":[{"href":"https:\/\/gipi.com\/fr\/wp-json\/wp\/v2\/types\/page"}],"author":[{"embeddable":true,"href":"https:\/\/gipi.com\/fr\/wp-json\/wp\/v2\/users\/1"}],"replies":[{"embeddable":true,"href":"https:\/\/gipi.com\/fr\/wp-json\/wp\/v2\/comments?post=537"}],"version-history":[{"count":0,"href":"https:\/\/gipi.com\/fr\/wp-json\/wp\/v2\/pages\/537\/revisions"}],"up":[{"embeddable":true,"href":"https:\/\/gipi.com\/fr\/wp-json\/wp\/v2\/pages\/556"}],"wp:attachment":[{"href":"https:\/\/gipi.com\/fr\/wp-json\/wp\/v2\/media?parent=537"}],"curies":[{"name":"wp","href":"https:\/\/api.w.org\/{rel}","templated":true}]}}