{"id":556,"date":"2022-05-16T20:22:49","date_gmt":"2022-05-16T20:22:49","guid":{"rendered":"https:\/\/gipi.com\/?page_id=556"},"modified":"2024-11-20T15:17:43","modified_gmt":"2024-11-20T15:17:43","slug":"integrated-infrastructure-solutions","status":"publish","type":"page","link":"https:\/\/gipi.com\/fr\/integrated-infrastructure-solutions\/","title":{"rendered":"Solutions d\u2019infrastructures int\u00e9gr\u00e9es"},"content":{"rendered":"<div data-elementor-type=\"wp-page\" data-elementor-id=\"556\" class=\"elementor elementor-556\" data-elementor-post-type=\"page\">\n\t\t\t\t\t\t<section class=\"elementor-section elementor-top-section elementor-element elementor-element-2d83436 elementor-section-boxed elementor-section-height-default elementor-section-height-default\" data-id=\"2d83436\" data-element_type=\"section\" data-e-type=\"section\">\n\t\t\t\t\t\t<div class=\"elementor-container elementor-column-gap-default\">\n\t\t\t\t\t<div class=\"elementor-column elementor-col-100 elementor-top-column elementor-element elementor-element-441b489\" data-id=\"441b489\" data-element_type=\"column\" data-e-type=\"column\">\n\t\t\t<div class=\"elementor-widget-wrap elementor-element-populated\">\n\t\t\t\t\t\t<div class=\"elementor-element elementor-element-58c91a6 elementor-widget elementor-widget-heading\" data-id=\"58c91a6\" data-element_type=\"widget\" data-e-type=\"widget\" data-widget_type=\"heading.default\">\n\t\t\t\t<div class=\"elementor-widget-container\">\n\t\t\t\t\t<h1 class=\"elementor-heading-title elementor-size-default\">Solutions d\u2019infrastructures int\u00e9gr\u00e9es<\/h1>\t\t\t\t<\/div>\n\t\t\t\t<\/div>\n\t\t\t\t\t<\/div>\n\t\t<\/div>\n\t\t\t\t\t<\/div>\n\t\t<\/section>\n\t\t\t\t<section class=\"elementor-section elementor-top-section elementor-element elementor-element-92bf28a elementor-section-boxed elementor-section-height-default elementor-section-height-default\" data-id=\"92bf28a\" data-element_type=\"section\" data-e-type=\"section\" data-settings=\"{&quot;background_background&quot;:&quot;classic&quot;}\">\n\t\t\t\t\t\t<div class=\"elementor-container elementor-column-gap-default\">\n\t\t\t\t\t<div class=\"elementor-column elementor-col-50 elementor-top-column elementor-element elementor-element-7d610ad\" data-id=\"7d610ad\" data-element_type=\"column\" data-e-type=\"column\" data-settings=\"{&quot;background_background&quot;:&quot;classic&quot;}\">\n\t\t\t<div class=\"elementor-widget-wrap elementor-element-populated\">\n\t\t\t\t\t\t<div class=\"elementor-element elementor-element-5f361d6 elementor-widget elementor-widget-text-editor\" data-id=\"5f361d6\" data-element_type=\"widget\" data-e-type=\"widget\" data-widget_type=\"text-editor.default\">\n\t\t\t\t<div class=\"elementor-widget-container\">\n\t\t\t\t\t\t\t\t\t<p>La division des solutions int\u00e9gr\u00e9es d\u2019infrastructures de GIP est int\u00e9gr\u00e9e verticalement afin de fournir \u00e0 nos clients des secteurs public et priv\u00e9 des produits et services efficaces pour mener \u00e0 bien des projets de port\u00e9e et de complexit\u00e9 variables.<\/p><p>Nos produits de qualit\u00e9, tels que l\u2019enrob\u00e9 bitumineux, les granulats, le b\u00e9ton,  les tuyaux et structures en b\u00e9ton pr\u00e9fabriqu\u00e9, ainsi que notre solide offre de services de construction, ont \u00e9t\u00e9 utilis\u00e9s pour la construction de routes, l\u2019am\u00e9nagement de terrains commerciaux et r\u00e9sidentiels et d\u2019autres projets uniques comme des a\u00e9roports, des pistes de course et des installations sportives.<\/p><p>Nos professionnels et nos ing\u00e9nieurs en gestion de la construction qualifi\u00e9s poss\u00e8dent une vaste exp\u00e9rience. Leur connaissance combin\u00e9e de l\u2019industrie leur permet de travailler avec votre \u00e9quipe depuis les \u00e9tapes du budget et de la conception jusqu\u2019\u00e0 la construction et l\u2019entretien, offrant ainsi une solution optimale pour votre projet, quels que soient vos besoins.<\/p>\t\t\t\t\t\t\t\t<\/div>\n\t\t\t\t<\/div>\n\t\t\t\t<div class=\"elementor-element elementor-element-d6c8a5e elementor-widget elementor-widget-image\" data-id=\"d6c8a5e\" data-element_type=\"widget\" data-e-type=\"widget\" data-widget_type=\"image.default\">\n\t\t\t\t<div class=\"elementor-widget-container\">\n\t\t\t\t\t\t\t\t\t\t\t\t\t\t\t<img fetchpriority=\"high\" decoding=\"async\" width=\"768\" height=\"512\" src=\"https:\/\/gipi.com\/wp-content\/uploads\/2024\/11\/MQ5_5935-768x512.jpg\" class=\"attachment-medium_large size-medium_large wp-image-1868\" alt=\"\" srcset=\"https:\/\/gipi.com\/wp-content\/uploads\/2024\/11\/MQ5_5935-768x512.jpg 768w, https:\/\/gipi.com\/wp-content\/uploads\/2024\/11\/MQ5_5935-300x200.jpg 300w, https:\/\/gipi.com\/wp-content\/uploads\/2024\/11\/MQ5_5935-1024x683.jpg 1024w, https:\/\/gipi.com\/wp-content\/uploads\/2024\/11\/MQ5_5935-1536x1024.jpg 1536w, https:\/\/gipi.com\/wp-content\/uploads\/2024\/11\/MQ5_5935-18x12.jpg 18w\" sizes=\"(max-width: 768px) 100vw, 768px\" \/>\t\t\t\t\t\t\t\t\t\t\t\t\t\t\t<\/div>\n\t\t\t\t<\/div>\n\t\t\t\t\t<\/div>\n\t\t<\/div>\n\t\t\t\t<div class=\"elementor-column elementor-col-50 elementor-top-column elementor-element elementor-element-2b9533e\" data-id=\"2b9533e\" data-element_type=\"column\" data-e-type=\"column\">\n\t\t\t<div class=\"elementor-widget-wrap elementor-element-populated\">\n\t\t\t\t\t\t<div class=\"elementor-element elementor-element-e67ba68 elementor-widget elementor-widget-heading\" data-id=\"e67ba68\" data-element_type=\"widget\" data-e-type=\"widget\" data-widget_type=\"heading.default\">\n\t\t\t\t<div class=\"elementor-widget-container\">\n\t\t\t\t\t<h2 class=\"elementor-heading-title elementor-size-default\">Services de construction<\/h2>\t\t\t\t<\/div>\n\t\t\t\t<\/div>\n\t\t\t\t<div class=\"elementor-element elementor-element-ecbb0ff elementor-align-center elementor-list-item-link-full_width elementor-widget elementor-widget-icon-list\" data-id=\"ecbb0ff\" data-element_type=\"widget\" data-e-type=\"widget\" data-widget_type=\"icon-list.default\">\n\t\t\t\t<div class=\"elementor-widget-container\">\n\t\t\t\t\t\t\t<ul class=\"elementor-icon-list-items\">\n\t\t\t\t\t\t\t<li class=\"elementor-icon-list-item\">\n\t\t\t\t\t\t\t\t\t\t\t<a href=\"https:\/\/gipi.com\/fr\/integrated-infrastructure-solutions\/asphalt-milling\/\">\n\n\t\t\t\t\t\t\t\t\t\t\t<span class=\"elementor-icon-list-text\">Fraisage d\u2019enrob\u00e9s bitumineux<\/span>\n\t\t\t\t\t\t\t\t\t\t\t<\/a>\n\t\t\t\t\t\t\t\t\t<\/li>\n\t\t\t\t\t\t\t\t<li class=\"elementor-icon-list-item\">\n\t\t\t\t\t\t\t\t\t\t\t<a href=\"https:\/\/gipi.com\/fr\/asphalt-paving\/\">\n\n\t\t\t\t\t\t\t\t\t\t\t<span class=\"elementor-icon-list-text\">Rev\u00eatement en d\u2019enrob\u00e9s bitumineux<\/span>\n\t\t\t\t\t\t\t\t\t\t\t<\/a>\n\t\t\t\t\t\t\t\t\t<\/li>\n\t\t\t\t\t\t\t\t<li class=\"elementor-icon-list-item\">\n\t\t\t\t\t\t\t\t\t\t\t<a href=\"https:\/\/gipi.com\/fr\/cold-in-place-recycling\/\">\n\n\t\t\t\t\t\t\t\t\t\t\t<span class=\"elementor-icon-list-text\">Recyclage \u00e0 froid sur place<\/span>\n\t\t\t\t\t\t\t\t\t\t\t<\/a>\n\t\t\t\t\t\t\t\t\t<\/li>\n\t\t\t\t\t\t\t\t<li class=\"elementor-icon-list-item\">\n\t\t\t\t\t\t\t\t\t\t\t<a href=\"https:\/\/gipi.com\/fr\/concrete-paving\/\">\n\n\t\t\t\t\t\t\t\t\t\t\t<span class=\"elementor-icon-list-text\">Rev\u00eatement en b\u00e9ton<\/span>\n\t\t\t\t\t\t\t\t\t\t\t<\/a>\n\t\t\t\t\t\t\t\t\t<\/li>\n\t\t\t\t\t\t\t\t<li class=\"elementor-icon-list-item\">\n\t\t\t\t\t\t\t\t\t\t\t<a href=\"https:\/\/gipi.com\/fr\/grading\/\">\n\n\t\t\t\t\t\t\t\t\t\t\t<span class=\"elementor-icon-list-text\">Nivellement<\/span>\n\t\t\t\t\t\t\t\t\t\t\t<\/a>\n\t\t\t\t\t\t\t\t\t<\/li>\n\t\t\t\t\t\t\t\t<li class=\"elementor-icon-list-item\">\n\t\t\t\t\t\t\t\t\t\t\t<a href=\"https:\/\/gipi.com\/fr\/highway-maintenance\/\">\n\n\t\t\t\t\t\t\t\t\t\t\t<span class=\"elementor-icon-list-text\">Entretien des routes<\/span>\n\t\t\t\t\t\t\t\t\t\t\t<\/a>\n\t\t\t\t\t\t\t\t\t<\/li>\n\t\t\t\t\t\t\t\t<li class=\"elementor-icon-list-item\">\n\t\t\t\t\t\t\t\t\t\t\t<a href=\"https:\/\/gipi.com\/fr\/structures\/\">\n\n\t\t\t\t\t\t\t\t\t\t\t<span class=\"elementor-icon-list-text\">Structures<\/span>\n\t\t\t\t\t\t\t\t\t\t\t<\/a>\n\t\t\t\t\t\t\t\t\t<\/li>\n\t\t\t\t\t\t\t\t<li class=\"elementor-icon-list-item\">\n\t\t\t\t\t\t\t\t\t\t\t<a href=\"https:\/\/gipi.com\/fr\/sewer-and-watermain\/\">\n\n\t\t\t\t\t\t\t\t\t\t\t<span class=\"elementor-icon-list-text\">\u00c9gouts et aqueducs<\/span>\n\t\t\t\t\t\t\t\t\t\t\t<\/a>\n\t\t\t\t\t\t\t\t\t<\/li>\n\t\t\t\t\t\t<\/ul>\n\t\t\t\t\t\t<\/div>\n\t\t\t\t<\/div>\n\t\t\t\t\t<\/div>\n\t\t<\/div>\n\t\t\t\t\t<\/div>\n\t\t<\/section>\n\t\t\t\t<\/div>","protected":false},"excerpt":{"rendered":"<p>Integrated Infrastructure Solutions GIP&#8217;s Integrated Infrastructure Solutions division is vertically integrated to provide our private and public sector clients with the efficiencies of products and services to complete projects of varying scope and complexity. Our quality products such as asphalt, aggregates, and pre-cast concrete pipe and structures, along with our robust offering of construction services, [&hellip;]<\/p>\n","protected":false},"author":1,"featured_media":0,"parent":0,"menu_order":0,"comment_status":"closed","ping_status":"closed","template":"","meta":{"footnotes":""},"class_list":["post-556","page","type-page","status-publish","hentry"],"_links":{"self":[{"href":"https:\/\/gipi.com\/fr\/wp-json\/wp\/v2\/pages\/556","targetHints":{"allow":["GET"]}}],"collection":[{"href":"https:\/\/gipi.com\/fr\/wp-json\/wp\/v2\/pages"}],"about":[{"href":"https:\/\/gipi.com\/fr\/wp-json\/wp\/v2\/types\/page"}],"author":[{"embeddable":true,"href":"https:\/\/gipi.com\/fr\/wp-json\/wp\/v2\/users\/1"}],"replies":[{"embeddable":true,"href":"https:\/\/gipi.com\/fr\/wp-json\/wp\/v2\/comments?post=556"}],"version-history":[{"count":0,"href":"https:\/\/gipi.com\/fr\/wp-json\/wp\/v2\/pages\/556\/revisions"}],"wp:attachment":[{"href":"https:\/\/gipi.com\/fr\/wp-json\/wp\/v2\/media?parent=556"}],"curies":[{"name":"wp","href":"https:\/\/api.w.org\/{rel}","templated":true}]}}