{"id":583,"date":"2022-05-17T14:41:06","date_gmt":"2022-05-17T14:41:06","guid":{"rendered":"https:\/\/gipi.com\/?page_id=583"},"modified":"2023-01-24T19:57:55","modified_gmt":"2023-01-24T19:57:55","slug":"shoring-and-foundations","status":"publish","type":"page","link":"https:\/\/gipi.com\/fr\/integrated-infrastructure-solutions\/shoring-and-foundations\/","title":{"rendered":"\u00c9tayage et fondations"},"content":{"rendered":"<div data-elementor-type=\"wp-page\" data-elementor-id=\"583\" class=\"elementor elementor-583\" data-elementor-post-type=\"page\">\n\t\t\t\t\t\t<section class=\"elementor-section elementor-top-section elementor-element elementor-element-43e4dd9 elementor-section-height-min-height elementor-section-boxed elementor-section-height-default elementor-section-items-middle\" data-id=\"43e4dd9\" data-element_type=\"section\" data-e-type=\"section\" data-settings=\"{&quot;background_background&quot;:&quot;classic&quot;}\">\n\t\t\t\t\t\t<div class=\"elementor-container elementor-column-gap-default\">\n\t\t\t\t\t<div class=\"elementor-column elementor-col-100 elementor-top-column elementor-element elementor-element-de5f3f0\" data-id=\"de5f3f0\" data-element_type=\"column\" data-e-type=\"column\">\n\t\t\t<div class=\"elementor-widget-wrap\">\n\t\t\t\t\t\t\t<\/div>\n\t\t<\/div>\n\t\t\t\t\t<\/div>\n\t\t<\/section>\n\t\t\t\t<section class=\"elementor-section elementor-top-section elementor-element elementor-element-65e9448 elementor-section-boxed elementor-section-height-default elementor-section-height-default\" data-id=\"65e9448\" data-element_type=\"section\" data-e-type=\"section\">\n\t\t\t\t\t\t<div class=\"elementor-container elementor-column-gap-default\">\n\t\t\t\t\t<div class=\"elementor-column elementor-col-100 elementor-top-column elementor-element elementor-element-3b76eff\" data-id=\"3b76eff\" data-element_type=\"column\" data-e-type=\"column\">\n\t\t\t<div class=\"elementor-widget-wrap elementor-element-populated\">\n\t\t\t\t\t\t<div class=\"elementor-element elementor-element-c54413d jet-breadcrumbs-align-mobile-center elementor-widget elementor-widget-jet-breadcrumbs\" data-id=\"c54413d\" data-element_type=\"widget\" data-e-type=\"widget\" data-widget_type=\"jet-breadcrumbs.default\">\n\t\t\t\t<div class=\"elementor-widget-container\">\n\t\t\t\t\t<div class=\"elementor-jet-breadcrumbs jet-blocks\">\n\t\t<div class=\"jet-breadcrumbs\">\n\t\t<div class=\"jet-breadcrumbs__content\">\n\t\t<div class=\"jet-breadcrumbs__wrap\"><div class=\"jet-breadcrumbs__item\"><a href=\"https:\/\/gipi.com\/fr\/\" class=\"jet-breadcrumbs__item-link is-home\" rel=\"home\" title=\"Accueil\">Accueil<\/a><\/div>\n\t\t<\/div>\n\t\t<\/div>\n\t\t<\/div><\/div>\t\t\t\t<\/div>\n\t\t\t\t<\/div>\n\t\t\t\t<div class=\"elementor-element elementor-element-e7e7eed elementor-widget elementor-widget-heading\" data-id=\"e7e7eed\" data-element_type=\"widget\" data-e-type=\"widget\" data-widget_type=\"heading.default\">\n\t\t\t\t<div class=\"elementor-widget-container\">\n\t\t\t\t\t<h1 class=\"elementor-heading-title elementor-size-default\">\u00c9tayage et fondations<\/h1>\t\t\t\t<\/div>\n\t\t\t\t<\/div>\n\t\t\t\t\t<\/div>\n\t\t<\/div>\n\t\t\t\t\t<\/div>\n\t\t<\/section>\n\t\t\t\t<section class=\"elementor-section elementor-top-section elementor-element elementor-element-c428dc1 elementor-section-boxed elementor-section-height-default elementor-section-height-default\" data-id=\"c428dc1\" data-element_type=\"section\" data-e-type=\"section\">\n\t\t\t\t\t\t<div class=\"elementor-container elementor-column-gap-default\">\n\t\t\t\t\t<div class=\"elementor-column elementor-col-66 elementor-top-column elementor-element elementor-element-7d94def\" data-id=\"7d94def\" data-element_type=\"column\" data-e-type=\"column\">\n\t\t\t<div class=\"elementor-widget-wrap elementor-element-populated\">\n\t\t\t\t\t\t<div class=\"elementor-element elementor-element-401d268 elementor-widget elementor-widget-text-editor\" data-id=\"401d268\" data-element_type=\"widget\" data-e-type=\"widget\" data-widget_type=\"text-editor.default\">\n\t\t\t\t<div class=\"elementor-widget-container\">\n\t\t\t\t\t\t\t\t\t<p>La division de l\u2019\u00e9tayage et des fondations de GIP exploite le plus grand parc d\u2019\u00e9quipement de fondations de qualit\u00e9 sup\u00e9rieure au Canada. Gr\u00e2ce \u00e0 une main-d\u2019\u0153uvre hautement qualifi\u00e9e dans les technologies de fondation et au site de fabrication de pointe de notre division de l\u2019acier de construction, nous sommes particuli\u00e8rement qualifi\u00e9s pour nous attaquer aux projets les plus complexes en mettant en \u0153uvre des solutions efficaces et cr\u00e9atives.<\/p><p>La r\u00e9alisation de nombreux projets de fondation et d\u2019\u00e9tayage parmi les plus complexes au pays fait partie de notre routine. Dans le cadre des services d\u2019\u00e9tayage et de fondation, nous proposons une conception et une installation efficaces et fiables de syst\u00e8mes de r\u00e9tention des sols et de fondations artificielles. Nous poss\u00e9dons une vaste exp\u00e9rience dans l\u2019installation de syst\u00e8mes d\u2019\u00e9tayage par pieux s\u00e9cants jusqu\u2019\u00e0 47 m de profondeur, l\u2019injection de coulis de cimentation, l\u2019installation de parois et de parois moul\u00e9es, de b\u00e9ton projet\u00e9, de caissons de grand diam\u00e8tre, de caissons embo\u00eet\u00e9s, de pieux battus, de parois en palplanches, de tari\u00e8res continues (CFA), d\u2019ancrages de grande capacit\u00e9 dans le sol et la roche et de micropieux.<\/p><p>Nous sommes des sous-traitants de pr\u00e9dilection en raison de notre approche centr\u00e9e sur le client en mati\u00e8re d\u2019appels d\u2019offres pour les projets. GIP propose des approches et des solutions innovantes pour les projets permettant de g\u00e9rer les contraintes et l\u2019exposition aux risques des parties prenantes. Nous avons l\u2019avantage de disposer d\u2019une large flotte d\u2019\u00e9quipements vari\u00e9s pour relever la plupart des d\u00e9fis et faire progresser les projets conform\u00e9ment aux \u00e9ch\u00e9anciers. GIP a la chance de pouvoir compter sur une \u00e9quipe technique diversifi\u00e9e compos\u00e9e d\u2019ing\u00e9nieurs, de chefs de projet, de personnel de s\u00e9curit\u00e9 et d\u2019ouvriers qualifi\u00e9s.<\/p>\t\t\t\t\t\t\t\t<\/div>\n\t\t\t\t<\/div>\n\t\t\t\t\t<\/div>\n\t\t<\/div>\n\t\t\t\t<div class=\"elementor-column elementor-col-33 elementor-top-column elementor-element elementor-element-b396701\" data-id=\"b396701\" data-element_type=\"column\" data-e-type=\"column\">\n\t\t\t<div class=\"elementor-widget-wrap elementor-element-populated\">\n\t\t\t\t\t\t<div class=\"elementor-element elementor-element-95c8cbb elementor-widget elementor-widget-heading\" data-id=\"95c8cbb\" data-element_type=\"widget\" data-e-type=\"widget\" data-widget_type=\"heading.default\">\n\t\t\t\t<div class=\"elementor-widget-container\">\n\t\t\t\t\t<h2 class=\"elementor-heading-title elementor-size-default\">Services<\/h2>\t\t\t\t<\/div>\n\t\t\t\t<\/div>\n\t\t\t\t<div class=\"elementor-element elementor-element-a42f7e4 elementor-nav-menu--dropdown-none elementor-widget elementor-widget-nav-menu\" data-id=\"a42f7e4\" data-element_type=\"widget\" data-e-type=\"widget\" data-settings=\"{&quot;layout&quot;:&quot;vertical&quot;,&quot;submenu_icon&quot;:{&quot;value&quot;:&quot;&lt;i class=\\&quot;fas fa-caret-down\\&quot; aria-hidden=\\&quot;true\\&quot;&gt;&lt;\\\/i&gt;&quot;,&quot;library&quot;:&quot;fa-solid&quot;}}\" data-widget_type=\"nav-menu.default\">\n\t\t\t\t<div class=\"elementor-widget-container\">\n\t\t\t\t\t\t\t\t<nav aria-label=\"Menu\" class=\"elementor-nav-menu--main elementor-nav-menu__container elementor-nav-menu--layout-vertical e--pointer-underline e--animation-fade\">\n\t\t\t\t<ul id=\"menu-1-a42f7e4\" class=\"elementor-nav-menu sm-vertical\"><li class=\"menu-item menu-item-type-post_type menu-item-object-page menu-item-1150\"><a href=\"https:\/\/gipi.com\/fr\/specialty-infrastructure-solutions\/demolition\/\" class=\"elementor-item\">D\u00e9molition<\/a><\/li>\n<li class=\"menu-item menu-item-type-post_type menu-item-object-page menu-item-1153\"><a href=\"https:\/\/gipi.com\/fr\/integrated-infrastructure-solutions\/excavation\/\" class=\"elementor-item\">Excavating<\/a><\/li>\n<li class=\"menu-item menu-item-type-post_type menu-item-object-page menu-item-1152\"><a href=\"https:\/\/gipi.com\/fr\/integrated-infrastructure-solutions\/remediation\/\" class=\"elementor-item\">Assainissement<\/a><\/li>\n<li class=\"menu-item menu-item-type-post_type menu-item-object-page menu-item-1151\"><a href=\"https:\/\/gipi.com\/fr\/integrated-infrastructure-solutions\/shoring-and-foundations\/\" class=\"elementor-item\">\u00c9tayage et fondations<\/a><\/li>\n<li class=\"menu-item menu-item-type-post_type menu-item-object-page menu-item-1149\"><a href=\"https:\/\/gipi.com\/fr\/integrated-infrastructure-solutions\/structural-steel\/\" class=\"elementor-item\">Acier de construction<\/a><\/li>\n<\/ul>\t\t\t<\/nav>\n\t\t\t\t\t\t<nav class=\"elementor-nav-menu--dropdown elementor-nav-menu__container\" aria-hidden=\"true\">\n\t\t\t\t<ul id=\"menu-2-a42f7e4\" class=\"elementor-nav-menu sm-vertical\"><li class=\"menu-item menu-item-type-post_type menu-item-object-page menu-item-1150\"><a href=\"https:\/\/gipi.com\/fr\/specialty-infrastructure-solutions\/demolition\/\" class=\"elementor-item\" tabindex=\"-1\">D\u00e9molition<\/a><\/li>\n<li class=\"menu-item menu-item-type-post_type menu-item-object-page menu-item-1153\"><a href=\"https:\/\/gipi.com\/fr\/integrated-infrastructure-solutions\/excavation\/\" class=\"elementor-item\" tabindex=\"-1\">Excavating<\/a><\/li>\n<li class=\"menu-item menu-item-type-post_type menu-item-object-page menu-item-1152\"><a href=\"https:\/\/gipi.com\/fr\/integrated-infrastructure-solutions\/remediation\/\" class=\"elementor-item\" tabindex=\"-1\">Assainissement<\/a><\/li>\n<li class=\"menu-item menu-item-type-post_type menu-item-object-page menu-item-1151\"><a href=\"https:\/\/gipi.com\/fr\/integrated-infrastructure-solutions\/shoring-and-foundations\/\" class=\"elementor-item\" tabindex=\"-1\">\u00c9tayage et fondations<\/a><\/li>\n<li class=\"menu-item menu-item-type-post_type menu-item-object-page menu-item-1149\"><a href=\"https:\/\/gipi.com\/fr\/integrated-infrastructure-solutions\/structural-steel\/\" class=\"elementor-item\" tabindex=\"-1\">Acier de construction<\/a><\/li>\n<\/ul>\t\t\t<\/nav>\n\t\t\t\t\t\t<\/div>\n\t\t\t\t<\/div>\n\t\t\t\t\t<\/div>\n\t\t<\/div>\n\t\t\t\t\t<\/div>\n\t\t<\/section>\n\t\t\t\t<\/div>","protected":false},"excerpt":{"rendered":"<p>Home Shoring and Foundations GIP\u2019s shoring and foundations division operates the largest fleet of premium foundation equipment in Canada. With a highly trained workforce in foundation technologies and a state-of-the-art fabrication yard through our structural steel division, we are uniquely qualified to tackle the most complex projects with effective and creative solutions. Executing many of [&hellip;]<\/p>\n","protected":false},"author":1,"featured_media":0,"parent":556,"menu_order":0,"comment_status":"closed","ping_status":"closed","template":"","meta":{"footnotes":""},"class_list":["post-583","page","type-page","status-publish","hentry"],"_links":{"self":[{"href":"https:\/\/gipi.com\/fr\/wp-json\/wp\/v2\/pages\/583","targetHints":{"allow":["GET"]}}],"collection":[{"href":"https:\/\/gipi.com\/fr\/wp-json\/wp\/v2\/pages"}],"about":[{"href":"https:\/\/gipi.com\/fr\/wp-json\/wp\/v2\/types\/page"}],"author":[{"embeddable":true,"href":"https:\/\/gipi.com\/fr\/wp-json\/wp\/v2\/users\/1"}],"replies":[{"embeddable":true,"href":"https:\/\/gipi.com\/fr\/wp-json\/wp\/v2\/comments?post=583"}],"version-history":[{"count":0,"href":"https:\/\/gipi.com\/fr\/wp-json\/wp\/v2\/pages\/583\/revisions"}],"up":[{"embeddable":true,"href":"https:\/\/gipi.com\/fr\/wp-json\/wp\/v2\/pages\/556"}],"wp:attachment":[{"href":"https:\/\/gipi.com\/fr\/wp-json\/wp\/v2\/media?parent=583"}],"curies":[{"name":"wp","href":"https:\/\/api.w.org\/{rel}","templated":true}]}}