{"id":59,"date":"2022-05-05T18:24:07","date_gmt":"2022-05-05T18:24:07","guid":{"rendered":"https:\/\/gipi.com\/?page_id=59"},"modified":"2026-03-30T14:32:58","modified_gmt":"2026-03-30T14:32:58","slug":"careers","status":"publish","type":"page","link":"https:\/\/gipi.com\/fr\/careers\/","title":{"rendered":"Carri\u00e8res"},"content":{"rendered":"<div data-elementor-type=\"wp-page\" data-elementor-id=\"59\" class=\"elementor elementor-59\" data-elementor-post-type=\"page\">\n\t\t\t\t\t\t<section class=\"elementor-section elementor-top-section elementor-element elementor-element-f581279 elementor-section-full_width elementor-section-height-min-height elementor-section-height-default elementor-section-items-middle\" data-id=\"f581279\" data-element_type=\"section\" data-e-type=\"section\" data-settings=\"{&quot;background_background&quot;:&quot;classic&quot;}\">\n\t\t\t\t\t\t<div class=\"elementor-container elementor-column-gap-default\">\n\t\t\t\t\t<div class=\"elementor-column elementor-col-100 elementor-top-column elementor-element elementor-element-5048c29\" data-id=\"5048c29\" data-element_type=\"column\" data-e-type=\"column\">\n\t\t\t<div class=\"elementor-widget-wrap\">\n\t\t\t\t\t\t\t<\/div>\n\t\t<\/div>\n\t\t\t\t\t<\/div>\n\t\t<\/section>\n\t\t\t\t<section class=\"elementor-section elementor-top-section elementor-element elementor-element-2fcd460 elementor-section-boxed elementor-section-height-default elementor-section-height-default\" data-id=\"2fcd460\" data-element_type=\"section\" data-e-type=\"section\" data-settings=\"{&quot;background_background&quot;:&quot;classic&quot;}\">\n\t\t\t\t\t\t<div class=\"elementor-container elementor-column-gap-default\">\n\t\t\t\t\t<div class=\"elementor-column elementor-col-100 elementor-top-column elementor-element elementor-element-d7fe6a8\" data-id=\"d7fe6a8\" data-element_type=\"column\" data-e-type=\"column\">\n\t\t\t<div class=\"elementor-widget-wrap elementor-element-populated\">\n\t\t\t\t\t\t<div class=\"elementor-element elementor-element-7092046 elementor-widget elementor-widget-heading\" data-id=\"7092046\" data-element_type=\"widget\" data-e-type=\"widget\" data-widget_type=\"heading.default\">\n\t\t\t\t<div class=\"elementor-widget-container\">\n\t\t\t\t\t<h2 class=\"elementor-heading-title elementor-size-default\">NOTICE<\/h2>\t\t\t\t<\/div>\n\t\t\t\t<\/div>\n\t\t\t\t<div class=\"elementor-element elementor-element-5a8ed74 elementor-widget elementor-widget-text-editor\" data-id=\"5a8ed74\" data-element_type=\"widget\" data-e-type=\"widget\" data-widget_type=\"text-editor.default\">\n\t\t\t\t<div class=\"elementor-widget-container\">\n\t\t\t\t\t\t\t\t\t<div class=\"\" data-block=\"true\" data-editor=\"ar0t6\" data-offset-key=\"1c0b9-0-0\"><div class=\"public-DraftStyleDefault-block public-DraftStyleDefault-ltr\" data-offset-key=\"1c0b9-0-0\"><strong>We have been made aware of fraudulent job offer letters being circulated using our company&#8217;s name.<\/strong><\/div><\/div><div class=\"\" data-block=\"true\" data-editor=\"ar0t6\" data-offset-key=\"dm3tl-0-0\"><div class=\"public-DraftStyleDefault-block public-DraftStyleDefault-ltr\" data-offset-key=\"dm3tl-0-0\">\u00a0<\/div><\/div><div class=\"\" data-block=\"true\" data-editor=\"ar0t6\" data-offset-key=\"ehtpj-0-0\"><div class=\"public-DraftStyleDefault-block public-DraftStyleDefault-ltr\" data-offset-key=\"ehtpj-0-0\"><span data-offset-key=\"ehtpj-0-0\">Please note that Green Infrastructure Partners does not issue job offers without a formal recruitment process, which includes interviews and direct interaction with our hiring team.<\/span><\/div><\/div><div class=\"\" data-block=\"true\" data-editor=\"ar0t6\" data-offset-key=\"fod7d-0-0\"><div class=\"public-DraftStyleDefault-block public-DraftStyleDefault-ltr\" data-offset-key=\"fod7d-0-0\">\u00a0<\/div><\/div><div class=\"\" data-block=\"true\" data-editor=\"ar0t6\" data-offset-key=\"b0jl0-0-0\"><div class=\"public-DraftStyleDefault-block public-DraftStyleDefault-ltr\" data-offset-key=\"b0jl0-0-0\"><span style=\"text-decoration: underline;\">To help you identify legitimate communication:<\/span><\/div><\/div><div class=\"\" data-block=\"true\" data-editor=\"ar0t6\" data-offset-key=\"lqa3-0-0\"><div class=\"public-DraftStyleDefault-block public-DraftStyleDefault-ltr\" data-offset-key=\"lqa3-0-0\"><span data-offset-key=\"lqa3-0-0\">\u2022 Offers are only extended after interviews and proper candidate evaluation.<\/span><\/div><\/div><div class=\"\" data-block=\"true\" data-editor=\"ar0t6\" data-offset-key=\"fu75-0-0\"><div class=\"public-DraftStyleDefault-block public-DraftStyleDefault-ltr\" data-offset-key=\"fu75-0-0\"><span data-offset-key=\"fu75-0-0\">\u2022 Communication will include verifiable company representatives and contact details.<\/span><\/div><\/div><div class=\"\" data-block=\"true\" data-editor=\"ar0t6\" data-offset-key=\"fv95b-0-0\"><div class=\"public-DraftStyleDefault-block public-DraftStyleDefault-ltr\" data-offset-key=\"fv95b-0-0\"><span data-offset-key=\"fv95b-0-0\">\u2022 We will never request candidates send money as part of the hiring or onboarding process.<\/span><\/div><\/div><div class=\"\" data-block=\"true\" data-editor=\"ar0t6\" data-offset-key=\"bbb3s-0-0\"><div class=\"public-DraftStyleDefault-block public-DraftStyleDefault-ltr\" data-offset-key=\"bbb3s-0-0\">\u00a0<\/div><\/div><div class=\"\" data-block=\"true\" data-editor=\"ar0t6\" data-offset-key=\"dqd6h-0-0\"><div class=\"public-DraftStyleDefault-block public-DraftStyleDefault-ltr\" data-offset-key=\"dqd6h-0-0\"><span style=\"text-decoration: underline;\">If you have received a suspicious offer or message claiming to be from us:<\/span><\/div><\/div><div class=\"\" data-block=\"true\" data-editor=\"ar0t6\" data-offset-key=\"ctpuk-0-0\"><div class=\"public-DraftStyleDefault-block public-DraftStyleDefault-ltr\" data-offset-key=\"ctpuk-0-0\"><span data-offset-key=\"ctpuk-0-0\">\u2022 Do not share any personal or financial information.<\/span><\/div><\/div><div class=\"\" data-block=\"true\" data-editor=\"ar0t6\" data-offset-key=\"1qrk0-0-0\"><div class=\"public-DraftStyleDefault-block public-DraftStyleDefault-ltr\" data-offset-key=\"1qrk0-0-0\"><span data-offset-key=\"1qrk0-0-0\">\u2022 Report the message directly to us via our company page on LinkedIn or through our official website, <\/span><a class=\"draftJsLinkifyPlugin__link__2ittM\" tabindex=\"1\" href=\"https:\/\/gipi.com\/fr\/\" target=\"_blank\" rel=\"noreferrer noopener\"><span data-offset-key=\"1qrk0-1-0\">www.gipi.com<\/span><\/a><span data-offset-key=\"1qrk0-2-0\">.<\/span><\/div><\/div><div class=\"\" data-block=\"true\" data-editor=\"ar0t6\" data-offset-key=\"c8tfd-0-0\"><div class=\"public-DraftStyleDefault-block public-DraftStyleDefault-ltr\" data-offset-key=\"c8tfd-0-0\">\u00a0<\/div><\/div><div class=\"\" data-block=\"true\" data-editor=\"ar0t6\" data-offset-key=\"8pesi-0-0\"><div class=\"public-DraftStyleDefault-block public-DraftStyleDefault-ltr\" data-offset-key=\"8pesi-0-0\"><span data-offset-key=\"8pesi-0-0\">We take this matter seriously and are actively investigating. Thank you to those who brought this to our attention.<\/span><\/div><\/div><div class=\"\" data-block=\"true\" data-editor=\"ar0t6\" data-offset-key=\"9u22m-0-0\"><div class=\"public-DraftStyleDefault-block public-DraftStyleDefault-ltr\" data-offset-key=\"9u22m-0-0\"><span data-offset-key=\"9u22m-0-0\">____<\/span><\/div><\/div><div class=\"\" data-block=\"true\" data-editor=\"ar0t6\" data-offset-key=\"9inva-0-0\"><div class=\"public-DraftStyleDefault-block public-DraftStyleDefault-ltr\" data-offset-key=\"9inva-0-0\"><span data-offset-key=\"9inva-0-0\">\u00a0<\/span><\/div><\/div><div class=\"\" data-block=\"true\" data-editor=\"ar0t6\" data-offset-key=\"k687-0-0\"><div class=\"public-DraftStyleDefault-block public-DraftStyleDefault-ltr\" data-offset-key=\"k687-0-0\"><strong>Nous avons \u00e9t\u00e9 inform\u00e9s de la circulation de lettres d\u2019offre d\u2019emploi frauduleuses au nom de notre entreprise.<\/strong><\/div><\/div><div class=\"\" data-block=\"true\" data-editor=\"ar0t6\" data-offset-key=\"819md-0-0\"><div class=\"public-DraftStyleDefault-block public-DraftStyleDefault-ltr\" data-offset-key=\"819md-0-0\"><span data-offset-key=\"819md-0-0\">\u00a0<\/span><\/div><\/div><div class=\"\" data-block=\"true\" data-editor=\"ar0t6\" data-offset-key=\"76fgm-0-0\"><div class=\"public-DraftStyleDefault-block public-DraftStyleDefault-ltr\" data-offset-key=\"76fgm-0-0\"><span data-offset-key=\"76fgm-0-0\">Veuillez noter que Green Infrastructure Partners ne fait pas d\u2019offres d\u2019emploi sans passer par un processus de recrutement officiel, qui comprend des entrevues et des interactions directes avec notre \u00e9quipe de recrutement.<\/span><\/div><\/div><div class=\"\" data-block=\"true\" data-editor=\"ar0t6\" data-offset-key=\"9fklj-0-0\"><div class=\"public-DraftStyleDefault-block public-DraftStyleDefault-ltr\" data-offset-key=\"9fklj-0-0\"><span data-offset-key=\"9fklj-0-0\">\u00a0<\/span><\/div><\/div><div class=\"\" data-block=\"true\" data-editor=\"ar0t6\" data-offset-key=\"8koo1-0-0\"><div class=\"public-DraftStyleDefault-block public-DraftStyleDefault-ltr\" data-offset-key=\"8koo1-0-0\"><span style=\"text-decoration: underline;\">Voici quelques conseils pour vous aider \u00e0 reconna\u00eetre les communications l\u00e9gitimes :<\/span><\/div><\/div><div class=\"\" data-block=\"true\" data-editor=\"ar0t6\" data-offset-key=\"acvgg-0-0\"><div class=\"public-DraftStyleDefault-block public-DraftStyleDefault-ltr\" data-offset-key=\"acvgg-0-0\"><span data-offset-key=\"acvgg-0-0\">\u2022 Les offres ne sont envoy\u00e9es qu\u2019apr\u00e8s des entrevues et une \u00e9valuation appropri\u00e9e des candidatures.<\/span><\/div><\/div><div class=\"\" data-block=\"true\" data-editor=\"ar0t6\" data-offset-key=\"3bidc-0-0\"><div class=\"public-DraftStyleDefault-block public-DraftStyleDefault-ltr\" data-offset-key=\"3bidc-0-0\"><span data-offset-key=\"3bidc-0-0\">\u2022 Les communications font mention de repr\u00e9sentants de l\u2019entreprise v\u00e9rifiables et de leurs coordonn\u00e9es.<\/span><\/div><\/div><div class=\"\" data-block=\"true\" data-editor=\"ar0t6\" data-offset-key=\"87eoa-0-0\"><div class=\"public-DraftStyleDefault-block public-DraftStyleDefault-ltr\" data-offset-key=\"87eoa-0-0\"><span data-offset-key=\"87eoa-0-0\">\u2022 Nous ne demandons jamais aux candidats d\u2019envoyer de l\u2019argent dans le cadre du processus de recrutement ou d\u2019int\u00e9gration.<\/span><\/div><\/div><div class=\"\" data-block=\"true\" data-editor=\"ar0t6\" data-offset-key=\"el9fu-0-0\"><div class=\"public-DraftStyleDefault-block public-DraftStyleDefault-ltr\" data-offset-key=\"el9fu-0-0\"><span data-offset-key=\"el9fu-0-0\">\u00a0<\/span><\/div><\/div><div class=\"\" data-block=\"true\" data-editor=\"ar0t6\" data-offset-key=\"ebesr-0-0\"><div class=\"public-DraftStyleDefault-block public-DraftStyleDefault-ltr\" data-offset-key=\"ebesr-0-0\"><span style=\"text-decoration: underline;\">Si vous avez re\u00e7u une offre ou un message suspect provenant soi-disant de notre part :<\/span><\/div><\/div><div class=\"\" data-block=\"true\" data-editor=\"ar0t6\" data-offset-key=\"8cu21-0-0\"><div class=\"public-DraftStyleDefault-block public-DraftStyleDefault-ltr\" data-offset-key=\"8cu21-0-0\"><span data-offset-key=\"8cu21-0-0\">\u2022 Ne communiquez aucun renseignement personnel ou financier.<\/span><\/div><\/div><div class=\"\" data-block=\"true\" data-editor=\"ar0t6\" data-offset-key=\"einrt-0-0\"><div class=\"public-DraftStyleDefault-block public-DraftStyleDefault-ltr\" data-offset-key=\"einrt-0-0\"><span data-offset-key=\"einrt-0-0\">\u2022 Signalez-nous ce message directement sur notre page LinkedIn ou sur notre site Web officiel : <\/span><a class=\"draftJsLinkifyPlugin__link__2ittM\" tabindex=\"1\" href=\"https:\/\/gipi.com\/fr\/\" target=\"_blank\" rel=\"noreferrer noopener\"><span data-offset-key=\"einrt-1-0\">www.gipi.com<\/span><\/a><span data-offset-key=\"einrt-2-0\">.<\/span><\/div><\/div><div class=\"\" data-block=\"true\" data-editor=\"ar0t6\" data-offset-key=\"7eb2s-0-0\"><div class=\"public-DraftStyleDefault-block public-DraftStyleDefault-ltr\" data-offset-key=\"7eb2s-0-0\"><span data-offset-key=\"7eb2s-0-0\">\u00a0<\/span><\/div><\/div><div class=\"\" data-block=\"true\" data-editor=\"ar0t6\" data-offset-key=\"7d90s-0-0\"><div class=\"public-DraftStyleDefault-block public-DraftStyleDefault-ltr\" data-offset-key=\"7d90s-0-0\"><span data-offset-key=\"7d90s-0-0\">Nous prenons cette affaire tr\u00e8s au s\u00e9rieux et menons actuellement une enqu\u00eate. Merci \u00e0 tous ceux et celles qui ont port\u00e9 ce probl\u00e8me \u00e0 notre attention.<\/span><\/div><\/div>\t\t\t\t\t\t\t\t<\/div>\n\t\t\t\t<\/div>\n\t\t\t\t\t<\/div>\n\t\t<\/div>\n\t\t\t\t\t<\/div>\n\t\t<\/section>\n\t\t\t\t<section class=\"elementor-section elementor-top-section elementor-element elementor-element-a33a872 elementor-section-boxed elementor-section-height-default elementor-section-height-default\" data-id=\"a33a872\" data-element_type=\"section\" data-e-type=\"section\">\n\t\t\t\t\t\t<div class=\"elementor-container elementor-column-gap-default\">\n\t\t\t\t\t<div class=\"elementor-column elementor-col-100 elementor-top-column elementor-element elementor-element-567a345\" data-id=\"567a345\" data-element_type=\"column\" data-e-type=\"column\">\n\t\t\t<div class=\"elementor-widget-wrap elementor-element-populated\">\n\t\t\t\t\t\t<div class=\"elementor-element elementor-element-83cf87a elementor-widget elementor-widget-heading\" data-id=\"83cf87a\" data-element_type=\"widget\" data-e-type=\"widget\" data-widget_type=\"heading.default\">\n\t\t\t\t<div class=\"elementor-widget-container\">\n\t\t\t\t\t<h1 class=\"elementor-heading-title elementor-size-default\">Carri\u00e8res<\/h1>\t\t\t\t<\/div>\n\t\t\t\t<\/div>\n\t\t\t\t<section class=\"elementor-section elementor-inner-section elementor-element elementor-element-52fcefc elementor-section-boxed elementor-section-height-default elementor-section-height-default\" data-id=\"52fcefc\" data-element_type=\"section\" data-e-type=\"section\">\n\t\t\t\t\t\t<div class=\"elementor-container elementor-column-gap-extended\">\n\t\t\t\t\t<div class=\"elementor-column elementor-col-50 elementor-inner-column elementor-element elementor-element-b1265f3\" data-id=\"b1265f3\" data-element_type=\"column\" data-e-type=\"column\">\n\t\t\t<div class=\"elementor-widget-wrap elementor-element-populated\">\n\t\t\t\t\t\t<div class=\"elementor-element elementor-element-e99428e elementor-widget elementor-widget-text-editor\" data-id=\"e99428e\" data-element_type=\"widget\" data-e-type=\"widget\" data-widget_type=\"text-editor.default\">\n\t\t\t\t<div class=\"elementor-widget-container\">\n\t\t\t\t\t\t\t\t\t<p>Chez GIP, nous estimons que notre personnel est notre atout le plus pr\u00e9cieux. Nous investissons dans la cr\u00e9ation d\u2019occasions uniques pour attirer et retenir les meilleurs talents de notre secteur. Nous sommes une entreprise innovante, tourn\u00e9e vers l\u2019avenir, qui valorise l\u2019autonomie, l\u2019ardeur au travail et l\u2019esprit d\u2019entreprise. Nous donnons \u00e0 nos \u00e9quipes la confiance et les ressources dont elles ont besoin pour apprendre, cro\u00eetre et exceller.<\/p><p style=\"font-weight: 400;\"><strong>Nous offrons :<\/strong><\/p><ul><li>Une structure salariale concurrentielle<\/li><li>Des programmes incitatifs<\/li><li>Des ensembles d\u2019avantages sociaux complets<\/li><li>Retirement Plan Contributions<\/li><li>Des rabais aux employ\u00e9s<\/li><li>Un perfectionnement professionnel<\/li><li>Des \u00e9v\u00e9nements d\u2019engagement des employ\u00e9s<\/li><\/ul>\t\t\t\t\t\t\t\t<\/div>\n\t\t\t\t<\/div>\n\t\t\t\t\t<\/div>\n\t\t<\/div>\n\t\t\t\t<div class=\"elementor-column elementor-col-50 elementor-inner-column elementor-element elementor-element-a7f0749\" data-id=\"a7f0749\" data-element_type=\"column\" data-e-type=\"column\">\n\t\t\t<div class=\"elementor-widget-wrap elementor-element-populated\">\n\t\t\t\t\t\t<div class=\"elementor-element elementor-element-c82dd1e elementor-widget elementor-widget-text-editor\" data-id=\"c82dd1e\" data-element_type=\"widget\" data-e-type=\"widget\" data-widget_type=\"text-editor.default\">\n\t\t\t\t<div class=\"elementor-widget-container\">\n\t\t\t\t\t\t\t\t\t<p>GIP est un employeur souscrivant au principe de l\u2019\u00e9galit\u00e9 d\u2019acc\u00e8s \u00e0 l\u2019emploi. Nous encourageons les femmes, les peuples autochtones, les personnes handicap\u00e9es et les membres des minorit\u00e9s visibles \u00e0 poser leur candidature. Nous cherchons \u00e0 embaucher des personnes ayant des caract\u00e9ristiques, des origines et des perspectives diverses. Nous sommes convaincus que les talents de classe mondiale ne font pas de distinction fond\u00e9e sur le sexe, l\u2019origine ethnique ou nationale, l\u2019identit\u00e9 et l\u2019orientation sexuelles, l\u2019\u00e2ge, la religion ou le handicap, mais qu\u2019au contraire, notre diversit\u00e9 nous enrichit tous.<\/p><p>Nous proposerons des mesures d\u2019accommodement aux candidats handicap\u00e9s tout au long du processus de recrutement. Si vous avez besoin d\u2019un accommodement, veuillez nous en informer, et nous travaillerons avec vous afin de r\u00e9pondre \u00e0 vos besoins.<\/p><p>GIP recherche des personnes talentueuses, d\u00e9vou\u00e9es et motiv\u00e9es pour se joindre \u00e0 son \u00e9quipe. Nous offrons \u00e0 nos employ\u00e9s un ensemble complet d\u2019avantages sociaux et des possibilit\u00e9s de carri\u00e8re d\u2019un oc\u00e9an \u00e0 l\u2019autre pour divers postes et disciplines.<\/p><p>Nous sommes tourn\u00e9s vers l\u2019avenir et connaissons une croissance rapide. Nous encourageons nos employ\u00e9s \u00e0 \u00e9voluer avec nous.<\/p>\t\t\t\t\t\t\t\t<\/div>\n\t\t\t\t<\/div>\n\t\t\t\t\t<\/div>\n\t\t<\/div>\n\t\t\t\t\t<\/div>\n\t\t<\/section>\n\t\t\t\t<div class=\"elementor-element elementor-element-19ebe3d elementor-widget__width-auto elementor-widget elementor-widget-html\" data-id=\"19ebe3d\" data-element_type=\"widget\" data-e-type=\"widget\" data-widget_type=\"html.default\">\n\t\t\t\t<div class=\"elementor-widget-container\">\n\t\t\t\t\t<button class=\"cta\">\r\n  <span><a href=\"https:\/\/www.linkedin.com\/company\/green-infrastructure-partners\/jobs\/?viewAsMember=true\">EXPLORER LES POSTES \u00c0 POURVOIR<\/a><\/span>\r\n  <svg viewbox=\"0 0 13 10\" height=\"10px\" width=\"15px\">\r\n    <path d=\"M1,5 L11,5\"><\/path>\r\n    <polyline points=\"8 1 12 5 8 9\"><\/polyline>\r\n  <\/svg>\r\n<\/button>\t\t\t\t<\/div>\n\t\t\t\t<\/div>\n\t\t\t\t\t<\/div>\n\t\t<\/div>\n\t\t\t\t\t<\/div>\n\t\t<\/section>\n\t\t\t\t<section class=\"elementor-section elementor-top-section elementor-element elementor-element-056accb elementor-section-boxed elementor-section-height-default elementor-section-height-default\" data-id=\"056accb\" data-element_type=\"section\" data-e-type=\"section\" data-settings=\"{&quot;background_background&quot;:&quot;classic&quot;}\">\n\t\t\t\t\t\t<div class=\"elementor-container elementor-column-gap-extended\">\n\t\t\t\t\t<div class=\"elementor-column elementor-col-50 elementor-top-column elementor-element elementor-element-39c8f9f\" data-id=\"39c8f9f\" data-element_type=\"column\" data-e-type=\"column\">\n\t\t\t<div class=\"elementor-widget-wrap elementor-element-populated\">\n\t\t\t\t\t\t<div class=\"elementor-element elementor-element-7ecd13e elementor-widget elementor-widget-heading\" data-id=\"7ecd13e\" data-element_type=\"widget\" data-e-type=\"widget\" data-widget_type=\"heading.default\">\n\t\t\t\t<div class=\"elementor-widget-container\">\n\t\t\t\t\t<h2 class=\"elementor-heading-title elementor-size-default\">Stages coop\u00e9ratifs<\/h2>\t\t\t\t<\/div>\n\t\t\t\t<\/div>\n\t\t\t\t<div class=\"elementor-element elementor-element-a14a239 elementor-widget elementor-widget-heading\" data-id=\"a14a239\" data-element_type=\"widget\" data-e-type=\"widget\" data-widget_type=\"heading.default\">\n\t\t\t\t<div class=\"elementor-widget-container\">\n\t\t\t\t\t<span class=\"elementor-heading-title elementor-size-default\">Votre carri\u00e8re commence ici...<\/span>\t\t\t\t<\/div>\n\t\t\t\t<\/div>\n\t\t\t\t<div class=\"elementor-element elementor-element-44b71b4 elementor-widget elementor-widget-text-editor\" data-id=\"44b71b4\" data-element_type=\"widget\" data-e-type=\"widget\" data-widget_type=\"text-editor.default\">\n\t\t\t\t<div class=\"elementor-widget-container\">\n\t\t\t\t\t\t\t\t\tNotre programme d\u2019alternance travail-\u00e9tudes et de stages offre aux \u00e9tudiants admissibles des coll\u00e8ges et universit\u00e9s la possibilit\u00e9 d\u2019alterner les sessions de travail et d\u2019\u00e9tudes, avec l\u2019avantage suppl\u00e9mentaire d\u2019obtenir un dipl\u00f4me assorti d\u2019une exp\u00e9rience professionnelle pertinente dans l\u2019industrie de la construction.\n<h3 style=\"padding-top: 1em;\">Pour postuler<\/h3>\nEnvoyez votre lettre de candidature et votre curriculum vitae \u00e0\n\n<a style=\"color: #97d700;\" title=\"mailto:campusrecruitment@gipi.com\" href=\"mailto:campusrecruitment@gipi.com\">campusrecruitment@gipi.com<\/a>\t\t\t\t\t\t\t\t<\/div>\n\t\t\t\t<\/div>\n\t\t\t\t\t<\/div>\n\t\t<\/div>\n\t\t\t\t<div class=\"elementor-column elementor-col-50 elementor-top-column elementor-element elementor-element-7c4ad08\" data-id=\"7c4ad08\" data-element_type=\"column\" data-e-type=\"column\">\n\t\t\t<div class=\"elementor-widget-wrap elementor-element-populated\">\n\t\t\t\t\t\t<div class=\"elementor-element elementor-element-ed76203 elementor-widget elementor-widget-image\" data-id=\"ed76203\" data-element_type=\"widget\" data-e-type=\"widget\" data-widget_type=\"image.default\">\n\t\t\t\t<div class=\"elementor-widget-container\">\n\t\t\t\t\t\t\t\t\t\t\t\t\t\t\t<img fetchpriority=\"high\" decoding=\"async\" width=\"768\" height=\"512\" src=\"https:\/\/gipi.com\/wp-content\/uploads\/2025\/04\/DSC_0726_edited-768x512.jpg\" class=\"attachment-medium_large size-medium_large wp-image-1894\" alt=\"\" srcset=\"https:\/\/gipi.com\/wp-content\/uploads\/2025\/04\/DSC_0726_edited-768x512.jpg 768w, https:\/\/gipi.com\/wp-content\/uploads\/2025\/04\/DSC_0726_edited-300x200.jpg 300w, https:\/\/gipi.com\/wp-content\/uploads\/2025\/04\/DSC_0726_edited-1024x683.jpg 1024w, https:\/\/gipi.com\/wp-content\/uploads\/2025\/04\/DSC_0726_edited-1536x1024.jpg 1536w, https:\/\/gipi.com\/wp-content\/uploads\/2025\/04\/DSC_0726_edited-18x12.jpg 18w\" sizes=\"(max-width: 768px) 100vw, 768px\" \/>\t\t\t\t\t\t\t\t\t\t\t\t\t\t\t<\/div>\n\t\t\t\t<\/div>\n\t\t\t\t\t<\/div>\n\t\t<\/div>\n\t\t\t\t\t<\/div>\n\t\t<\/section>\n\t\t\t\t<\/div>","protected":false},"excerpt":{"rendered":"<p>NOTICE We have been made aware of fraudulent job offer letters being circulated using our company&#8217;s name.\u00a0Please note that Green Infrastructure Partners does not issue job offers without a formal recruitment process, which includes interviews and direct interaction with our hiring team.\u00a0To help you identify legitimate communication:\u2022 Offers are only extended after interviews and proper [&hellip;]<\/p>\n","protected":false},"author":1,"featured_media":0,"parent":0,"menu_order":0,"comment_status":"closed","ping_status":"closed","template":"","meta":{"footnotes":""},"class_list":["post-59","page","type-page","status-publish","hentry"],"_links":{"self":[{"href":"https:\/\/gipi.com\/fr\/wp-json\/wp\/v2\/pages\/59","targetHints":{"allow":["GET"]}}],"collection":[{"href":"https:\/\/gipi.com\/fr\/wp-json\/wp\/v2\/pages"}],"about":[{"href":"https:\/\/gipi.com\/fr\/wp-json\/wp\/v2\/types\/page"}],"author":[{"embeddable":true,"href":"https:\/\/gipi.com\/fr\/wp-json\/wp\/v2\/users\/1"}],"replies":[{"embeddable":true,"href":"https:\/\/gipi.com\/fr\/wp-json\/wp\/v2\/comments?post=59"}],"version-history":[{"count":0,"href":"https:\/\/gipi.com\/fr\/wp-json\/wp\/v2\/pages\/59\/revisions"}],"wp:attachment":[{"href":"https:\/\/gipi.com\/fr\/wp-json\/wp\/v2\/media?parent=59"}],"curies":[{"name":"wp","href":"https:\/\/api.w.org\/{rel}","templated":true}]}}