{"id":603,"date":"2022-05-17T20:00:18","date_gmt":"2022-05-17T20:00:18","guid":{"rendered":"https:\/\/gipi.com\/?page_id=603"},"modified":"2022-10-24T14:51:46","modified_gmt":"2022-10-24T14:51:46","slug":"demolition","status":"publish","type":"page","link":"https:\/\/gipi.com\/fr\/specialty-infrastructure-solutions\/demolition\/","title":{"rendered":"D\u00e9molition"},"content":{"rendered":"<div data-elementor-type=\"wp-page\" data-elementor-id=\"603\" class=\"elementor elementor-603\" data-elementor-post-type=\"page\">\n\t\t\t\t\t\t<section class=\"elementor-section elementor-top-section elementor-element elementor-element-43e4dd9 elementor-section-height-min-height elementor-section-boxed elementor-section-height-default elementor-section-items-middle\" data-id=\"43e4dd9\" data-element_type=\"section\" data-e-type=\"section\" data-settings=\"{&quot;background_background&quot;:&quot;classic&quot;}\">\n\t\t\t\t\t\t<div class=\"elementor-container elementor-column-gap-default\">\n\t\t\t\t\t<div class=\"elementor-column elementor-col-100 elementor-top-column elementor-element elementor-element-de5f3f0\" data-id=\"de5f3f0\" data-element_type=\"column\" data-e-type=\"column\">\n\t\t\t<div class=\"elementor-widget-wrap\">\n\t\t\t\t\t\t\t<\/div>\n\t\t<\/div>\n\t\t\t\t\t<\/div>\n\t\t<\/section>\n\t\t\t\t<section class=\"elementor-section elementor-top-section elementor-element elementor-element-3ddd54ee elementor-section-boxed elementor-section-height-default elementor-section-height-default\" data-id=\"3ddd54ee\" data-element_type=\"section\" data-e-type=\"section\">\n\t\t\t\t\t\t<div class=\"elementor-container elementor-column-gap-default\">\n\t\t\t\t\t<div class=\"elementor-column elementor-col-100 elementor-top-column elementor-element elementor-element-8bcb397\" data-id=\"8bcb397\" data-element_type=\"column\" data-e-type=\"column\">\n\t\t\t<div class=\"elementor-widget-wrap elementor-element-populated\">\n\t\t\t\t\t\t<div class=\"elementor-element elementor-element-4f64abb9 jet-breadcrumbs-align-mobile-center elementor-widget elementor-widget-jet-breadcrumbs\" data-id=\"4f64abb9\" data-element_type=\"widget\" data-e-type=\"widget\" data-widget_type=\"jet-breadcrumbs.default\">\n\t\t\t\t<div class=\"elementor-widget-container\">\n\t\t\t\t\t<div class=\"elementor-jet-breadcrumbs jet-blocks\">\n\t\t<div class=\"jet-breadcrumbs\">\n\t\t<div class=\"jet-breadcrumbs__content\">\n\t\t<div class=\"jet-breadcrumbs__wrap\"><div class=\"jet-breadcrumbs__item\"><a href=\"https:\/\/gipi.com\/fr\/\" class=\"jet-breadcrumbs__item-link is-home\" rel=\"home\" title=\"Accueil\">Accueil<\/a><\/div>\n\t\t<\/div>\n\t\t<\/div>\n\t\t<\/div><\/div>\t\t\t\t<\/div>\n\t\t\t\t<\/div>\n\t\t\t\t<div class=\"elementor-element elementor-element-3140f2b8 elementor-widget elementor-widget-heading\" data-id=\"3140f2b8\" data-element_type=\"widget\" data-e-type=\"widget\" data-widget_type=\"heading.default\">\n\t\t\t\t<div class=\"elementor-widget-container\">\n\t\t\t\t\t<h1 class=\"elementor-heading-title elementor-size-default\">D\u00e9molition<\/h1>\t\t\t\t<\/div>\n\t\t\t\t<\/div>\n\t\t\t\t\t<\/div>\n\t\t<\/div>\n\t\t\t\t\t<\/div>\n\t\t<\/section>\n\t\t\t\t<section class=\"elementor-section elementor-top-section elementor-element elementor-element-6ed35b8 elementor-section-boxed elementor-section-height-default elementor-section-height-default\" data-id=\"6ed35b8\" data-element_type=\"section\" data-e-type=\"section\">\n\t\t\t\t\t\t<div class=\"elementor-container elementor-column-gap-default\">\n\t\t\t\t\t<div class=\"elementor-column elementor-col-66 elementor-top-column elementor-element elementor-element-15e3478\" data-id=\"15e3478\" data-element_type=\"column\" data-e-type=\"column\">\n\t\t\t<div class=\"elementor-widget-wrap elementor-element-populated\">\n\t\t\t\t\t\t<div class=\"elementor-element elementor-element-3d4a5a58 elementor-widget elementor-widget-text-editor\" data-id=\"3d4a5a58\" data-element_type=\"widget\" data-e-type=\"widget\" data-widget_type=\"text-editor.default\">\n\t\t\t\t<div class=\"elementor-widget-container\">\n\t\t\t\t\t\t\t\t\t<p>Forte de plusieurs dizaines d\u2019ann\u00e9es d\u2019exp\u00e9rience de travail sur des projets dans les secteurs industriel, commercial et institutionnel, la division de la d\u00e9molition de GIP rel\u00e8ve des d\u00e9fis uniques en mati\u00e8re de d\u00e9molition et de r\u00e9duction des mati\u00e8res dangereuses.<\/p><p>Nous cr\u00e9ons pour nos clients des plans propres au site en choisissant les m\u00e9thodes de d\u00e9molition les plus appropri\u00e9es, y compris les grandes machines construites sur mesure, les petits \u00e9quipements robotiques pour les espaces confin\u00e9s, l\u2019implosion ou d\u2019autres techniques.<\/p><h2>Recouvrement des investissements<\/h2><p>Pour assurer la valeur et la responsabilit\u00e9 environnementale, le personnel exp\u00e9riment\u00e9 de GIP coordonne l\u2019extraction de tous les mat\u00e9riaux r\u00e9cup\u00e9rables sur le site d\u2019un projet avant de proc\u00e9der \u00e0 la d\u00e9molition.<\/p><p>Connu sous le nom de recouvrement des investissements, ce processus essentiel peut compenser les co\u00fbts d\u2019un projet pour les clients et r\u00e9duire l\u2019impact environnemental de la d\u00e9molition gr\u00e2ce \u00e0 la vente de mat\u00e9riaux r\u00e9cup\u00e9r\u00e9s, comme les m\u00e9taux, les \u00e9quipements, les r\u00e9servoirs et d\u2019autres articles.<\/p><h2>R\u00e9duction des mati\u00e8res dangereuses<\/h2><p>De nombreuses installations n\u00e9cessitent \u00e9galement une r\u00e9duction de la pollution environnementale avant la d\u00e9molition, ce qui peut inclure l\u2019\u00e9limination d\u2019amiante, de vermiculite, de BPC, de moisissures ou de divers autres mat\u00e9riaux contamin\u00e9s.<\/p><p>GIP est tr\u00e8s exp\u00e9riment\u00e9e dans le processus de r\u00e9duction des mati\u00e8res dangereuses, y compris le retrait et l\u2019\u00e9limination s\u00e9curitaires des mat\u00e9riaux toxiques. Notre \u00e9quipe de r\u00e9duction des mati\u00e8res dangereuses a r\u00e9alis\u00e9 en toute s\u00e9curit\u00e9 des centaines de projets dans des b\u00e2timents r\u00e9sidentiels, commerciaux, industriels et institutionnels, vacants ou occup\u00e9s.<\/p><h2>\u00c9quipement<\/h2><p>La vaste flotte de camions, de pelles r\u00e9trocaveuses, de bouteurs, de chargeuses et de camions \u00e0 benne de GIP est propre, s\u00e9curitaire, entretenue par des professionnels et disponible 24 heures sur 24 pour une gamme compl\u00e8te de projets sur site des clients.<\/p><p>Notre \u00e9quipement comprend :<\/p><ul class=\"bullet-list\"><li>Une excavatrice de 167 pieds \u00e0 grande port\u00e9e, capable d\u2019atteindre en toute s\u00e9curit\u00e9 des endroits extr\u00eamement \u00e9lev\u00e9s et difficiles d\u2019acc\u00e8s<\/li><li>Des machines plus petites, capables d\u2019entrer en toute s\u00e9curit\u00e9 dans des zones \u00e0 acc\u00e8s restreint<\/li><li>De l\u2019\u00e9quipement sp\u00e9cialement adapt\u00e9 pour des situations particuli\u00e8res<\/li><\/ul><h2>Robotique<\/h2><p>Chez GIP, nous sommes fiers d\u2019utiliser la technologie de pointe dont dispose l\u2019industrie de la d\u00e9molition : la robotique.<\/p><p>Lors de projets de d\u00e9molition complexes, les \u00e9quipements de d\u00e9molition robotis\u00e9s de GIP repr\u00e9sentent souvent une option plus s\u00fbre et plus \u00e9conomique que les gros \u00e9quipements ou la d\u00e9molition manuelle. De taille compacte et command\u00e9s \u00e0 distance, ces \u00e9quipements robotis\u00e9s peuvent atteindre des zones d\u2019une installation qui ne sont pas accessibles aux \u00e9quipements plus grands. Ils sont \u00e9galement en mesure d\u2019acc\u00e9der \u00e0 des espaces ou des endroits dangereux pour l\u2019environnement o\u00f9 les m\u00e9thodes de d\u00e9molition traditionnelles ne sont pas r\u00e9alisables.<\/p><p>Les \u00e9quipements robotis\u00e9s peuvent renforcer la s\u00e9curit\u00e9 des projets et r\u00e9duire le temps n\u00e9cessaire \u00e0 la r\u00e9alisation de travaux complexes.<\/p><p>Quelle que soit la taille de votre projet, les professionnels de la d\u00e9molition de GIP et une large gamme d\u2019\u00e9quipements sp\u00e9cialis\u00e9s peuvent vous aider \u00e0 r\u00e9pondre en toute s\u00e9curit\u00e9 aux exigences propres \u00e0 votre site.<\/p><h2>D\u00e9molition et LEED<\/h2><p>De nombreux promoteurs con\u00e7oivent des projets en vue d\u2019obtenir la certification LEED \u00e0 leur ach\u00e8vement. Bien que la plupart des points de la certification LEED soient li\u00e9s \u00e0 la conception et \u00e0 la construction d\u2019une installation, la division de la d\u00e9molition de GIP peut aider les clients \u00e0 tirer parti des points disponibles dans des domaines cl\u00e9s tels que la gestion et l\u2019\u00e9limination des d\u00e9chets, et le contr\u00f4le de l\u2019\u00e9rosion et de la s\u00e9dimentation. Nous travaillerons avec vous pour mettre en \u0153uvre des m\u00e9thodes qui maximisent les points LEED de votre projet et favorisent un avenir durable pour votre installation.<\/p>\t\t\t\t\t\t\t\t<\/div>\n\t\t\t\t<\/div>\n\t\t\t\t\t<\/div>\n\t\t<\/div>\n\t\t\t\t<div class=\"elementor-column elementor-col-33 elementor-top-column elementor-element elementor-element-48f45caf\" data-id=\"48f45caf\" data-element_type=\"column\" data-e-type=\"column\">\n\t\t\t<div class=\"elementor-widget-wrap elementor-element-populated\">\n\t\t\t\t\t\t<div class=\"elementor-element elementor-element-581ac74e elementor-widget elementor-widget-heading\" data-id=\"581ac74e\" data-element_type=\"widget\" data-e-type=\"widget\" data-widget_type=\"heading.default\">\n\t\t\t\t<div class=\"elementor-widget-container\">\n\t\t\t\t\t<h2 class=\"elementor-heading-title elementor-size-default\">Services<\/h2>\t\t\t\t<\/div>\n\t\t\t\t<\/div>\n\t\t\t\t<div class=\"elementor-element elementor-element-ce084a7 elementor-nav-menu--dropdown-none elementor-widget elementor-widget-nav-menu\" data-id=\"ce084a7\" data-element_type=\"widget\" data-e-type=\"widget\" data-settings=\"{&quot;layout&quot;:&quot;vertical&quot;,&quot;submenu_icon&quot;:{&quot;value&quot;:&quot;&lt;i class=\\&quot;fas fa-caret-down\\&quot; aria-hidden=\\&quot;true\\&quot;&gt;&lt;\\\/i&gt;&quot;,&quot;library&quot;:&quot;fa-solid&quot;}}\" data-widget_type=\"nav-menu.default\">\n\t\t\t\t<div class=\"elementor-widget-container\">\n\t\t\t\t\t\t\t\t<nav aria-label=\"Menu\" class=\"elementor-nav-menu--main elementor-nav-menu__container elementor-nav-menu--layout-vertical e--pointer-underline e--animation-fade\">\n\t\t\t\t<ul id=\"menu-1-ce084a7\" class=\"elementor-nav-menu sm-vertical\"><li class=\"menu-item menu-item-type-post_type menu-item-object-page menu-item-1150\"><a href=\"https:\/\/gipi.com\/fr\/specialty-infrastructure-solutions\/demolition\/\" class=\"elementor-item\">D\u00e9molition<\/a><\/li>\n<li class=\"menu-item menu-item-type-post_type menu-item-object-page menu-item-1153\"><a href=\"https:\/\/gipi.com\/fr\/integrated-infrastructure-solutions\/excavation\/\" class=\"elementor-item\">Excavating<\/a><\/li>\n<li class=\"menu-item menu-item-type-post_type menu-item-object-page menu-item-1152\"><a href=\"https:\/\/gipi.com\/fr\/integrated-infrastructure-solutions\/remediation\/\" class=\"elementor-item\">Assainissement<\/a><\/li>\n<li class=\"menu-item menu-item-type-post_type menu-item-object-page menu-item-1151\"><a href=\"https:\/\/gipi.com\/fr\/integrated-infrastructure-solutions\/shoring-and-foundations\/\" class=\"elementor-item\">\u00c9tayage et fondations<\/a><\/li>\n<li class=\"menu-item menu-item-type-post_type menu-item-object-page menu-item-1149\"><a href=\"https:\/\/gipi.com\/fr\/integrated-infrastructure-solutions\/structural-steel\/\" class=\"elementor-item\">Acier de construction<\/a><\/li>\n<\/ul>\t\t\t<\/nav>\n\t\t\t\t\t\t<nav class=\"elementor-nav-menu--dropdown elementor-nav-menu__container\" aria-hidden=\"true\">\n\t\t\t\t<ul id=\"menu-2-ce084a7\" class=\"elementor-nav-menu sm-vertical\"><li class=\"menu-item menu-item-type-post_type menu-item-object-page menu-item-1150\"><a href=\"https:\/\/gipi.com\/fr\/specialty-infrastructure-solutions\/demolition\/\" class=\"elementor-item\" tabindex=\"-1\">D\u00e9molition<\/a><\/li>\n<li class=\"menu-item menu-item-type-post_type menu-item-object-page menu-item-1153\"><a href=\"https:\/\/gipi.com\/fr\/integrated-infrastructure-solutions\/excavation\/\" class=\"elementor-item\" tabindex=\"-1\">Excavating<\/a><\/li>\n<li class=\"menu-item menu-item-type-post_type menu-item-object-page menu-item-1152\"><a href=\"https:\/\/gipi.com\/fr\/integrated-infrastructure-solutions\/remediation\/\" class=\"elementor-item\" tabindex=\"-1\">Assainissement<\/a><\/li>\n<li class=\"menu-item menu-item-type-post_type menu-item-object-page menu-item-1151\"><a href=\"https:\/\/gipi.com\/fr\/integrated-infrastructure-solutions\/shoring-and-foundations\/\" class=\"elementor-item\" tabindex=\"-1\">\u00c9tayage et fondations<\/a><\/li>\n<li class=\"menu-item menu-item-type-post_type menu-item-object-page menu-item-1149\"><a href=\"https:\/\/gipi.com\/fr\/integrated-infrastructure-solutions\/structural-steel\/\" class=\"elementor-item\" tabindex=\"-1\">Acier de construction<\/a><\/li>\n<\/ul>\t\t\t<\/nav>\n\t\t\t\t\t\t<\/div>\n\t\t\t\t<\/div>\n\t\t\t\t\t<\/div>\n\t\t<\/div>\n\t\t\t\t\t<\/div>\n\t\t<\/section>\n\t\t\t\t<\/div>","protected":false},"excerpt":{"rendered":"<p>Home Equipped with decades of experience working on projects across the industrial, commercial and institutional sectors, GIP\u2019s Demolition Division tackles unique demolition and hazardous material abatement challenges. We create site-specific plans for our customers by selecting the most appropriate demolition methods\u2014including large custom-built machines, smaller robotic equipment for confined spaces, implosion, or other techniques. Investment [&hellip;]<\/p>\n","protected":false},"author":1,"featured_media":0,"parent":1144,"menu_order":0,"comment_status":"closed","ping_status":"closed","template":"","meta":{"footnotes":""},"class_list":["post-603","page","type-page","status-publish","hentry"],"_links":{"self":[{"href":"https:\/\/gipi.com\/fr\/wp-json\/wp\/v2\/pages\/603","targetHints":{"allow":["GET"]}}],"collection":[{"href":"https:\/\/gipi.com\/fr\/wp-json\/wp\/v2\/pages"}],"about":[{"href":"https:\/\/gipi.com\/fr\/wp-json\/wp\/v2\/types\/page"}],"author":[{"embeddable":true,"href":"https:\/\/gipi.com\/fr\/wp-json\/wp\/v2\/users\/1"}],"replies":[{"embeddable":true,"href":"https:\/\/gipi.com\/fr\/wp-json\/wp\/v2\/comments?post=603"}],"version-history":[{"count":0,"href":"https:\/\/gipi.com\/fr\/wp-json\/wp\/v2\/pages\/603\/revisions"}],"up":[{"embeddable":true,"href":"https:\/\/gipi.com\/fr\/wp-json\/wp\/v2\/pages\/1144"}],"wp:attachment":[{"href":"https:\/\/gipi.com\/fr\/wp-json\/wp\/v2\/media?parent=603"}],"curies":[{"name":"wp","href":"https:\/\/api.w.org\/{rel}","templated":true}]}}