{"id":87,"date":"2022-05-10T14:50:42","date_gmt":"2022-05-10T14:50:42","guid":{"rendered":"https:\/\/gipi.com\/?page_id=87"},"modified":"2024-05-13T16:35:29","modified_gmt":"2024-05-13T16:35:29","slug":"excavation","status":"publish","type":"page","link":"https:\/\/gipi.com\/fr\/integrated-infrastructure-solutions\/excavation\/","title":{"rendered":"Excavation"},"content":{"rendered":"<div data-elementor-type=\"wp-page\" data-elementor-id=\"87\" class=\"elementor elementor-87\" data-elementor-post-type=\"page\">\n\t\t\t\t\t\t<section class=\"elementor-section elementor-top-section elementor-element elementor-element-43e4dd9 elementor-section-height-min-height elementor-section-boxed elementor-section-height-default elementor-section-items-middle\" data-id=\"43e4dd9\" data-element_type=\"section\" data-e-type=\"section\" data-settings=\"{&quot;background_background&quot;:&quot;classic&quot;}\">\n\t\t\t\t\t\t<div class=\"elementor-container elementor-column-gap-default\">\n\t\t\t\t\t<div class=\"elementor-column elementor-col-100 elementor-top-column elementor-element elementor-element-de5f3f0\" data-id=\"de5f3f0\" data-element_type=\"column\" data-e-type=\"column\">\n\t\t\t<div class=\"elementor-widget-wrap\">\n\t\t\t\t\t\t\t<\/div>\n\t\t<\/div>\n\t\t\t\t\t<\/div>\n\t\t<\/section>\n\t\t\t\t<section class=\"elementor-section elementor-top-section elementor-element elementor-element-65e9448 elementor-section-boxed elementor-section-height-default elementor-section-height-default\" data-id=\"65e9448\" data-element_type=\"section\" data-e-type=\"section\">\n\t\t\t\t\t\t<div class=\"elementor-container elementor-column-gap-default\">\n\t\t\t\t\t<div class=\"elementor-column elementor-col-100 elementor-top-column elementor-element elementor-element-3b76eff\" data-id=\"3b76eff\" data-element_type=\"column\" data-e-type=\"column\">\n\t\t\t<div class=\"elementor-widget-wrap elementor-element-populated\">\n\t\t\t\t\t\t<div class=\"elementor-element elementor-element-c54413d jet-breadcrumbs-align-mobile-center elementor-widget elementor-widget-jet-breadcrumbs\" data-id=\"c54413d\" data-element_type=\"widget\" data-e-type=\"widget\" data-widget_type=\"jet-breadcrumbs.default\">\n\t\t\t\t<div class=\"elementor-widget-container\">\n\t\t\t\t\t<div class=\"elementor-jet-breadcrumbs jet-blocks\">\n\t\t<div class=\"jet-breadcrumbs\">\n\t\t<div class=\"jet-breadcrumbs__content\">\n\t\t<div class=\"jet-breadcrumbs__wrap\"><div class=\"jet-breadcrumbs__item\"><a href=\"https:\/\/gipi.com\/fr\/\" class=\"jet-breadcrumbs__item-link is-home\" rel=\"home\" title=\"Accueil\">Accueil<\/a><\/div>\n\t\t<\/div>\n\t\t<\/div>\n\t\t<\/div><\/div>\t\t\t\t<\/div>\n\t\t\t\t<\/div>\n\t\t\t\t<div class=\"elementor-element elementor-element-e7e7eed elementor-widget elementor-widget-heading\" data-id=\"e7e7eed\" data-element_type=\"widget\" data-e-type=\"widget\" data-widget_type=\"heading.default\">\n\t\t\t\t<div class=\"elementor-widget-container\">\n\t\t\t\t\t<h1 class=\"elementor-heading-title elementor-size-default\">Excavating <\/h1>\t\t\t\t<\/div>\n\t\t\t\t<\/div>\n\t\t\t\t\t<\/div>\n\t\t<\/div>\n\t\t\t\t\t<\/div>\n\t\t<\/section>\n\t\t\t\t<section class=\"elementor-section elementor-top-section elementor-element elementor-element-c428dc1 elementor-section-boxed elementor-section-height-default elementor-section-height-default\" data-id=\"c428dc1\" data-element_type=\"section\" data-e-type=\"section\">\n\t\t\t\t\t\t<div class=\"elementor-container elementor-column-gap-default\">\n\t\t\t\t\t<div class=\"elementor-column elementor-col-66 elementor-top-column elementor-element elementor-element-7d94def\" data-id=\"7d94def\" data-element_type=\"column\" data-e-type=\"column\">\n\t\t\t<div class=\"elementor-widget-wrap elementor-element-populated\">\n\t\t\t\t\t\t<div class=\"elementor-element elementor-element-401d268 elementor-widget elementor-widget-text-editor\" data-id=\"401d268\" data-element_type=\"widget\" data-e-type=\"widget\" data-widget_type=\"text-editor.default\">\n\t\t\t\t<div class=\"elementor-widget-container\">\n\t\t\t\t\t\t\t\t\t<p>La division de l\u2019excavation de GIP compte des dizaines d\u2019ann\u00e9es d\u2019exp\u00e9rience dans la fourniture de solutions compl\u00e8tes pour les chantiers. Sur plus de 1000 projets, nous nous sommes illustr\u00e9s en respectant des \u00e9ch\u00e9anciers tr\u00e8s serr\u00e9s de projets d\u2019excavation \u00e0 grand volume.<\/p><p>Nous ex\u00e9cutons les projets en toute s\u00e9curit\u00e9 et avec professionnalisme gr\u00e2ce \u00e0 notre expertise, notre \u00e9quipement, nos solutions de transport et nos options d\u2019assainissement.<\/p><p>Notre \u00e9quipe exp\u00e9riment\u00e9e de sp\u00e9cialistes en excavation est toujours disponible pour travailler avec vous, d\u00e9terminer les besoins pour votre projet et fournir des solutions de site compl\u00e8tes ainsi qu\u2019un environnement de travail s\u00fbr.<\/p><p>GIP\u2019s Excavating services include:<\/p><ul type=\"disc\"><li class=\"xmsolistparagraph\"><span lang=\"EN-US\">Bulk Excavation<\/span><ul type=\"disc\"><li class=\"xmsolistparagraph\">High Rise Residential<\/li><li class=\"xmsolistparagraph\">Commercial<\/li><li class=\"xmsolistparagraph\">Infrastructure<\/li><\/ul><\/li><\/ul><ul type=\"disc\"><li class=\"xmsolistparagraph\"><span lang=\"EN-US\">Site Preparation<\/span><\/li><li class=\"xmsolistparagraph\"><span lang=\"EN-US\">Platform Construction<\/span><\/li><li class=\"xmsolistparagraph\"><span lang=\"EN-US\">Backfilling &amp; Compaction<\/span><\/li><li class=\"xmsolistparagraph\"><span lang=\"EN-US\">Transport and disposal of clean and impacted soils<\/span><\/li><li class=\"xmsolistparagraph\"><span lang=\"EN-US\">Highway, roadwork, and site grading<\/span><\/li><\/ul>\t\t\t\t\t\t\t\t<\/div>\n\t\t\t\t<\/div>\n\t\t\t\t\t<\/div>\n\t\t<\/div>\n\t\t\t\t<div class=\"elementor-column elementor-col-33 elementor-top-column elementor-element elementor-element-b396701\" data-id=\"b396701\" data-element_type=\"column\" data-e-type=\"column\">\n\t\t\t<div class=\"elementor-widget-wrap elementor-element-populated\">\n\t\t\t\t\t\t<div class=\"elementor-element elementor-element-95c8cbb elementor-widget elementor-widget-heading\" data-id=\"95c8cbb\" data-element_type=\"widget\" data-e-type=\"widget\" data-widget_type=\"heading.default\">\n\t\t\t\t<div class=\"elementor-widget-container\">\n\t\t\t\t\t<h2 class=\"elementor-heading-title elementor-size-default\">Services<\/h2>\t\t\t\t<\/div>\n\t\t\t\t<\/div>\n\t\t\t\t<div class=\"elementor-element elementor-element-455c999 elementor-nav-menu--dropdown-none elementor-widget elementor-widget-nav-menu\" data-id=\"455c999\" data-element_type=\"widget\" data-e-type=\"widget\" data-settings=\"{&quot;layout&quot;:&quot;vertical&quot;,&quot;submenu_icon&quot;:{&quot;value&quot;:&quot;&lt;i class=\\&quot;fas fa-caret-down\\&quot; aria-hidden=\\&quot;true\\&quot;&gt;&lt;\\\/i&gt;&quot;,&quot;library&quot;:&quot;fa-solid&quot;}}\" data-widget_type=\"nav-menu.default\">\n\t\t\t\t<div class=\"elementor-widget-container\">\n\t\t\t\t\t\t\t\t<nav aria-label=\"Menu\" class=\"elementor-nav-menu--main elementor-nav-menu__container elementor-nav-menu--layout-vertical e--pointer-underline e--animation-fade\">\n\t\t\t\t<ul id=\"menu-1-455c999\" class=\"elementor-nav-menu sm-vertical\"><li class=\"menu-item menu-item-type-post_type menu-item-object-page menu-item-1150\"><a href=\"https:\/\/gipi.com\/fr\/specialty-infrastructure-solutions\/demolition\/\" class=\"elementor-item\">D\u00e9molition<\/a><\/li>\n<li class=\"menu-item menu-item-type-post_type menu-item-object-page menu-item-1153\"><a href=\"https:\/\/gipi.com\/fr\/integrated-infrastructure-solutions\/excavation\/\" class=\"elementor-item\">Excavating<\/a><\/li>\n<li class=\"menu-item menu-item-type-post_type menu-item-object-page menu-item-1152\"><a href=\"https:\/\/gipi.com\/fr\/integrated-infrastructure-solutions\/remediation\/\" class=\"elementor-item\">Assainissement<\/a><\/li>\n<li class=\"menu-item menu-item-type-post_type menu-item-object-page menu-item-1151\"><a href=\"https:\/\/gipi.com\/fr\/integrated-infrastructure-solutions\/shoring-and-foundations\/\" class=\"elementor-item\">\u00c9tayage et fondations<\/a><\/li>\n<li class=\"menu-item menu-item-type-post_type menu-item-object-page menu-item-1149\"><a href=\"https:\/\/gipi.com\/fr\/integrated-infrastructure-solutions\/structural-steel\/\" class=\"elementor-item\">Acier de construction<\/a><\/li>\n<\/ul>\t\t\t<\/nav>\n\t\t\t\t\t\t<nav class=\"elementor-nav-menu--dropdown elementor-nav-menu__container\" aria-hidden=\"true\">\n\t\t\t\t<ul id=\"menu-2-455c999\" class=\"elementor-nav-menu sm-vertical\"><li class=\"menu-item menu-item-type-post_type menu-item-object-page menu-item-1150\"><a href=\"https:\/\/gipi.com\/fr\/specialty-infrastructure-solutions\/demolition\/\" class=\"elementor-item\" tabindex=\"-1\">D\u00e9molition<\/a><\/li>\n<li class=\"menu-item menu-item-type-post_type menu-item-object-page menu-item-1153\"><a href=\"https:\/\/gipi.com\/fr\/integrated-infrastructure-solutions\/excavation\/\" class=\"elementor-item\" tabindex=\"-1\">Excavating<\/a><\/li>\n<li class=\"menu-item menu-item-type-post_type menu-item-object-page menu-item-1152\"><a href=\"https:\/\/gipi.com\/fr\/integrated-infrastructure-solutions\/remediation\/\" class=\"elementor-item\" tabindex=\"-1\">Assainissement<\/a><\/li>\n<li class=\"menu-item menu-item-type-post_type menu-item-object-page menu-item-1151\"><a href=\"https:\/\/gipi.com\/fr\/integrated-infrastructure-solutions\/shoring-and-foundations\/\" class=\"elementor-item\" tabindex=\"-1\">\u00c9tayage et fondations<\/a><\/li>\n<li class=\"menu-item menu-item-type-post_type menu-item-object-page menu-item-1149\"><a href=\"https:\/\/gipi.com\/fr\/integrated-infrastructure-solutions\/structural-steel\/\" class=\"elementor-item\" tabindex=\"-1\">Acier de construction<\/a><\/li>\n<\/ul>\t\t\t<\/nav>\n\t\t\t\t\t\t<\/div>\n\t\t\t\t<\/div>\n\t\t\t\t\t<\/div>\n\t\t<\/div>\n\t\t\t\t\t<\/div>\n\t\t<\/section>\n\t\t\t\t<\/div>","protected":false},"excerpt":{"rendered":"<p>Home Excavating GIP\u2019s Excavating Division has decades of experience successfully providing comprehensive site solutions. On more than 1,000 projects, we have excelled at meeting aggressive high-volume excavation project schedules. We execute your project safely and professionally with our expertise, equipment, transportation, and remediation options. Our experienced excavating specialists are always available to work with you, [&hellip;]<\/p>\n","protected":false},"author":1,"featured_media":0,"parent":556,"menu_order":0,"comment_status":"closed","ping_status":"closed","template":"","meta":{"footnotes":""},"class_list":["post-87","page","type-page","status-publish","hentry"],"_links":{"self":[{"href":"https:\/\/gipi.com\/fr\/wp-json\/wp\/v2\/pages\/87","targetHints":{"allow":["GET"]}}],"collection":[{"href":"https:\/\/gipi.com\/fr\/wp-json\/wp\/v2\/pages"}],"about":[{"href":"https:\/\/gipi.com\/fr\/wp-json\/wp\/v2\/types\/page"}],"author":[{"embeddable":true,"href":"https:\/\/gipi.com\/fr\/wp-json\/wp\/v2\/users\/1"}],"replies":[{"embeddable":true,"href":"https:\/\/gipi.com\/fr\/wp-json\/wp\/v2\/comments?post=87"}],"version-history":[{"count":0,"href":"https:\/\/gipi.com\/fr\/wp-json\/wp\/v2\/pages\/87\/revisions"}],"up":[{"embeddable":true,"href":"https:\/\/gipi.com\/fr\/wp-json\/wp\/v2\/pages\/556"}],"wp:attachment":[{"href":"https:\/\/gipi.com\/fr\/wp-json\/wp\/v2\/media?parent=87"}],"curies":[{"name":"wp","href":"https:\/\/api.w.org\/{rel}","templated":true}]}}